{"id":57252,"date":"2022-03-10T15:26:00","date_gmt":"2022-03-10T14:26:00","guid":{"rendered":"https:\/\/secureus.se\/produkt\/nyckelband-standard-med-j-klamma-i-plast-100-pack-farg-rod\/"},"modified":"2026-01-02T12:13:05","modified_gmt":"2026-01-02T11:13:05","slug":"nyckelband-standard-med-j-klamma-i-plast-100-pack-farg-rod","status":"publish","type":"product","link":"https:\/\/secureus.se\/es\/nyckelband-standard-med-j-klamma-i-plast-100-pack-farg-rod\/","title":{"rendered":"Cord\u00f3n rojo est\u00e1ndar con clip en J de pl\u00e1stico, paquete de 100"},"content":{"rendered":"<h4>Cordones de 10 mm con gancho en J de pl\u00e1stico: duraderos y seguros para todas las necesidades<\/h4>\n<p>Estos cordones de 10 mm con gancho en J de pl\u00e1stico est\u00e1n hechos de material PET reciclado sustentable y ofrecen una soluci\u00f3n confiable y ecol\u00f3gica para exhibir tarjetas de identificaci\u00f3n, credenciales de visitantes, llaveros, memorias USB y tel\u00e9fonos m\u00f3viles. Con una longitud est\u00e1ndar de 90 cm (45 cm cuando se usa) y una funci\u00f3n de seguridad, estos cordones est\u00e1n dise\u00f1ados para brindar comodidad y seguridad.<\/p>\n<h3>Caracter\u00edsticas y beneficios<\/h3>\n<ul>\n<li><strong>Materiales sostenibles<\/strong>:Fabricados con material PET reciclado, lo que los hace sostenibles y respetuosos con el medio ambiente.<\/li>\n<li><strong>Escapada de seguridad<\/strong>:Funci\u00f3n de seguridad incorporada que reduce el riesgo de asfixia y los hace seguros de usar.<\/li>\n<li><strong>Gancho en J ancho y en \u00e1ngulo<\/strong>:Un gancho en forma de J m\u00e1s ancho y en \u00e1ngulo que muestra claramente los porta tarjetas y credenciales.<\/li>\n<li><strong>M\u00faltiples opciones de color<\/strong>:Disponible en una amplia gama de colores, incluidos negro, azul oscuro, azul claro, azul marino, verde oscuro, verde claro, gris, naranja, rosa, morado, rojo, blanco y amarillo.<\/li>\n<li><strong>Longitud ideal<\/strong>Longitud est\u00e1ndar de 45 cm cuando se usa, lo que proporciona un ajuste c\u00f3modo para adultos.<\/li>\n<li><strong>Paquete de 100<\/strong>:Se venden en c\u00f3modos paquetes de 100, lo que los hace perfectos para empresas, escuelas y eventos.<\/li>\n<\/ul>\n<h3>Presupuesto<\/h3>\n<ul>\n<li><strong>Material<\/strong>:PET reciclado<\/li>\n<li><strong>Longitud<\/strong>:90 cm (45 cm cuando se usa)<\/li>\n<li><strong>Ancho<\/strong>:10 mm<\/li>\n<li><strong>Peso<\/strong>:0,60 kg por paquete (100 cordones)<\/li>\n<li><strong>Bandera<\/strong>: Negro, Azul oscuro, Azul claro, Azul marino, Verde oscuro, Verde claro, Gris, Naranja, Rosa, Morado, Rojo, Blanco, Amarillo<\/li>\n<li><strong>Embalaje<\/strong>:100 cordones por paquete<\/li>\n<\/ul>\n<h3>\u00c1reas de uso<\/h3>\n<ul>\n<li><strong>tarjeta de identificaci\u00f3n<\/strong>:Perfecto para exhibir tarjetas de identificaci\u00f3n de empleados en el lugar de trabajo.<\/li>\n<li><strong>Insignias de visitante<\/strong>:Ideal para visitantes de empresas o eventos.<\/li>\n<li><strong>Etiquetas para llaves y memorias USB<\/strong>:Pr\u00e1ctico para tener a mano llaves y memorias USB.<\/li>\n<li><strong>Tel\u00e9fonos m\u00f3viles<\/strong>:\u00dasalos para transportar de forma segura peque\u00f1os dispositivos electr\u00f3nicos.<\/li>\n<\/ul>\n<h3>Beneficios del material PET reciclado<\/h3>\n<p>La elecci\u00f3n de cordones fabricados con material PET reciclado ayuda a reducir el impacto ambiental y apoya el uso sostenible de los recursos. Esto hace que estos cordones sean una opci\u00f3n respetuosa con el medio ambiente para empresas y organizaciones que buscan reducir su huella de carbono.<\/p>","protected":false},"excerpt":{"rendered":"<p><strong>Cord\u00f3n de 10 mm con gancho en forma de J de pl\u00e1stico (paquete de 100), PET reciclado<\/strong><\/p>\n<p>Cordones duraderos fabricados con material PET reciclado, con mecanismo de seguridad y gancho en forma de J ancho. Perfecto para exhibir tarjetas de identificaci\u00f3n, credenciales de visitantes, llaveros y peque\u00f1os dispositivos electr\u00f3nicos. Disponible en varios colores y vendido en paquetes de 100.<\/p>","protected":false},"featured_media":133926,"template":"","meta":{"_acf_changed":false},"product_brand":[],"product_cat":[1875],"product_tag":[4348,4358],"class_list":{"0":"post-57252","1":"product","2":"type-product","3":"status-publish","4":"has-post-thumbnail","6":"product_cat-nyckelband","7":"product_tag-10mm","8":"product_tag-roda-nyckelband","9":"product_shipping_class-tunga-paket","10":"pa_brands-stonehouse-security","11":"pa_farg-rod","12":"pa_farg-nyckelband-rod","13":"pa_rfid-tillbehor-nyckelband-halsband","14":"tm-no-options","16":"first","17":"instock","18":"sale","19":"featured","20":"taxable","21":"shipping-taxable","22":"purchasable","23":"product-type-simple"},"acf":[],"_links":{"self":[{"href":"https:\/\/secureus.se\/es\/wp-json\/wp\/v2\/product\/57252","targetHints":{"allow":["GET"]}}],"collection":[{"href":"https:\/\/secureus.se\/es\/wp-json\/wp\/v2\/product"}],"about":[{"href":"https:\/\/secureus.se\/es\/wp-json\/wp\/v2\/types\/product"}],"wp:featuredmedia":[{"embeddable":true,"href":"https:\/\/secureus.se\/es\/wp-json\/wp\/v2\/media\/133926"}],"wp:attachment":[{"href":"https:\/\/secureus.se\/es\/wp-json\/wp\/v2\/media?parent=57252"}],"wp:term":[{"taxonomy":"product_brand","embeddable":true,"href":"https:\/\/secureus.se\/es\/wp-json\/wp\/v2\/product_brand?post=57252"},{"taxonomy":"product_cat","embeddable":true,"href":"https:\/\/secureus.se\/es\/wp-json\/wp\/v2\/product_cat?post=57252"},{"taxonomy":"product_tag","embeddable":true,"href":"https:\/\/secureus.se\/es\/wp-json\/wp\/v2\/product_tag?post=57252"}],"curies":[{"name":"wp","href":"https:\/\/api.w.org\/{rel}","templated":true}]}}