{"id":57257,"date":"2022-03-10T15:26:00","date_gmt":"2022-03-10T14:26:00","guid":{"rendered":"https:\/\/secureus.se\/produkt\/jojo-mini-gul\/"},"modified":"2026-02-23T09:47:28","modified_gmt":"2026-02-23T08:47:28","slug":"jojo-mini-gul","status":"publish","type":"product","link":"https:\/\/secureus.se\/es\/jojo-mini-gul\/","title":{"rendered":"Llavero retr\u00e1ctil con yo-yo y clip \u2013 Amarillo"},"content":{"rendered":"<p>Este popular yo-yo flexible est\u00e1 hecho de pl\u00e1stico ABS duradero y viene con un llavero de metal. Con 30 mm de di\u00e1metro y 10 mm de grosor, es compacto pero robusto, perfecto para el uso diario. Equipado con un cable duradero de 60 cm, ofrece comodidad y funcionalidad.<\/p>\n<h4>Caracter\u00edsticas y beneficios:<\/h4>\n<ul>\n<li><strong>Dise\u00f1o sostenible:<\/strong> Hecho de pl\u00e1stico ABS duradero para un uso duradero.<\/li>\n<li><strong>Clip de cintur\u00f3n resistente:<\/strong> Dispositivo de fijaci\u00f3n estable para una fijaci\u00f3n segura a cinturones, bolsillos o bolsos.<\/li>\n<li><strong>Llavero de metal resistente:<\/strong> Llavero de metal robusto para mayor durabilidad.<\/li>\n<li><strong>Varias opciones de colores:<\/strong> Disponible en negro, amarillo, blanco, azul y verde para adaptarse a su estilo y necesidades.<\/li>\n<li><strong>Largo del cord\u00f3n:<\/strong> Equipado con un cord\u00f3n de nailon de 60 cm de largo para un f\u00e1cil acceso.<\/li>\n<\/ul>\n<h4>\u00c1reas de uso:<\/h4>\n<ul>\n<li><strong>Personal de oficina:<\/strong> Perfecto para mantener las llaves o tarjetas de identificaci\u00f3n f\u00e1cilmente accesibles.<\/li>\n<li><strong>Personal de seguridad:<\/strong> Ideal para llevar equipos de seguridad o llaves.<\/li>\n<li><strong>Personal del evento:<\/strong> Pr\u00e1ctico para mantener tarjetas de identificaci\u00f3n o tarjetas de acceso visibles y f\u00e1cilmente accesibles.<\/li>\n<li><strong>Uso diario:<\/strong> Una soluci\u00f3n pr\u00e1ctica para cualquiera que necesite acceso r\u00e1pido y sencillo a sus llaves o tarjetas.<\/li>\n<\/ul>\n<h4>Especificaciones t\u00e9cnicas:<\/h4>\n<ul>\n<li><strong>Material:<\/strong> Pl\u00e1stico ABS<\/li>\n<li><strong>Tama\u00f1o:<\/strong> 30 mm de di\u00e1metro, 10 mm de espesor<\/li>\n<li><strong>Largo del encaje:<\/strong> 60 cent\u00edmetros<\/li>\n<li><strong>Pintar:<\/strong> Negro, amarillo, blanco, azul, verde.<\/li>\n<\/ul>\n<h3>Ventajas del llavero retr\u00e1ctil:<\/h3>\n<ul>\n<li>Instalaci\u00f3n sencilla y directa<\/li>\n<li>No requiere perforaci\u00f3n<\/li>\n<li>Instalaci\u00f3n r\u00e1pida<\/li>\n<li>Ideal para techos s\u00f3lidos como el hormig\u00f3n, donde la perforaci\u00f3n puede resultar dif\u00edcil o indeseable.<\/li>\n<\/ul>","protected":false},"excerpt":{"rendered":"<p>Este elegante llavero yo-yo retr\u00e1ctil de pl\u00e1stico ABS es perfecto para acceder de manera f\u00e1cil y segura a sus llaves o tarjetas de identificaci\u00f3n. Viene con un llavero de metal y un clip resistente para una fijaci\u00f3n segura.<\/p>","protected":false},"featured_media":147642,"template":"","meta":{"_acf_changed":false},"product_brand":[],"product_cat":[1676,2901,1324],"product_tag":[2958],"class_list":{"0":"post-57257","1":"product","2":"type-product","3":"status-publish","4":"has-post-thumbnail","6":"product_cat-jojos-och-nyckelringar","7":"product_cat-jojo-yoyo-alltid-i-lager","8":"product_cat-outlet","9":"product_tag-stonehouse-produkt","10":"product_shipping_class-postnord-varubrev","11":"pa_brands-stonehouse-security","12":"pa_farg-gul","13":"pa_rfid-tillbehor-jojo","14":"tm-no-options","16":"first","17":"instock","18":"sale","19":"featured","20":"taxable","21":"shipping-taxable","22":"purchasable","23":"product-type-simple"},"acf":[],"_links":{"self":[{"href":"https:\/\/secureus.se\/es\/wp-json\/wp\/v2\/product\/57257","targetHints":{"allow":["GET"]}}],"collection":[{"href":"https:\/\/secureus.se\/es\/wp-json\/wp\/v2\/product"}],"about":[{"href":"https:\/\/secureus.se\/es\/wp-json\/wp\/v2\/types\/product"}],"wp:featuredmedia":[{"embeddable":true,"href":"https:\/\/secureus.se\/es\/wp-json\/wp\/v2\/media\/147642"}],"wp:attachment":[{"href":"https:\/\/secureus.se\/es\/wp-json\/wp\/v2\/media?parent=57257"}],"wp:term":[{"taxonomy":"product_brand","embeddable":true,"href":"https:\/\/secureus.se\/es\/wp-json\/wp\/v2\/product_brand?post=57257"},{"taxonomy":"product_cat","embeddable":true,"href":"https:\/\/secureus.se\/es\/wp-json\/wp\/v2\/product_cat?post=57257"},{"taxonomy":"product_tag","embeddable":true,"href":"https:\/\/secureus.se\/es\/wp-json\/wp\/v2\/product_tag?post=57257"}],"curies":[{"name":"wp","href":"https:\/\/api.w.org\/{rel}","templated":true}]}}