{"id":57264,"date":"2022-03-10T15:26:00","date_gmt":"2022-03-10T14:26:00","guid":{"rendered":"https:\/\/secureus.se\/produkt\/nyckelband-eko-15-mm-med-jojo-50-pack-farg-rod\/"},"modified":"2026-02-23T09:43:56","modified_gmt":"2026-02-23T08:43:56","slug":"nyckelband-eko-15-mm-med-jojo-50-pack-farg-rod","status":"publish","type":"product","link":"https:\/\/secureus.se\/es\/nyckelband-eko-15-mm-med-jojo-50-pack-farg-rod\/","title":{"rendered":"Cord\u00f3n Eco Rojo 15 mm con yoyo (paquete de 50)"},"content":{"rendered":"<p>Llavero PET de 15 mm con yoyo que es una opci\u00f3n para aquellos que queremos reducir nuestra huella de carbono en el medio ambiente.<\/p>\n<p>Los cordones est\u00e1n hechos de botellas de pl\u00e1stico recicladas, lo que los convierte en una alternativa m\u00e1s ecol\u00f3gica al poli\u00e9ster.<\/p>\n<p>Adecuado para control de acceso<\/p>\n<p>Envasado en bolsas de almid\u00f3n de ma\u00edz sin PVC.<\/p>\n<p>&nbsp;<\/p>","protected":false},"excerpt":{"rendered":"<p>Llavero PET de 15 mm con yoyo que es una opci\u00f3n para aquellos que queremos reducir nuestra huella de carbono en el medio ambiente. Los cordones est\u00e1n hechos de botellas de pl\u00e1stico recicladas, lo que los convierte en un<\/p>","protected":false},"featured_media":145228,"template":"","meta":{"_acf_changed":false},"product_brand":[],"product_cat":[1676],"product_tag":[],"class_list":{"0":"post-57264","1":"product","2":"type-product","3":"status-publish","4":"has-post-thumbnail","6":"product_cat-jojos-och-nyckelringar","7":"product_shipping_class-tunga-paket","8":"pa_brands-stonehouse-security","9":"pa_farg-rod","10":"pa_farg-nyckelband-rod","11":"pa_rfid-tillbehor-nyckelband-halsband","12":"tm-no-options","14":"first","15":"instock","16":"sale","17":"featured","18":"taxable","19":"shipping-taxable","20":"purchasable","21":"product-type-simple"},"acf":[],"_links":{"self":[{"href":"https:\/\/secureus.se\/es\/wp-json\/wp\/v2\/product\/57264","targetHints":{"allow":["GET"]}}],"collection":[{"href":"https:\/\/secureus.se\/es\/wp-json\/wp\/v2\/product"}],"about":[{"href":"https:\/\/secureus.se\/es\/wp-json\/wp\/v2\/types\/product"}],"wp:featuredmedia":[{"embeddable":true,"href":"https:\/\/secureus.se\/es\/wp-json\/wp\/v2\/media\/145228"}],"wp:attachment":[{"href":"https:\/\/secureus.se\/es\/wp-json\/wp\/v2\/media?parent=57264"}],"wp:term":[{"taxonomy":"product_brand","embeddable":true,"href":"https:\/\/secureus.se\/es\/wp-json\/wp\/v2\/product_brand?post=57264"},{"taxonomy":"product_cat","embeddable":true,"href":"https:\/\/secureus.se\/es\/wp-json\/wp\/v2\/product_cat?post=57264"},{"taxonomy":"product_tag","embeddable":true,"href":"https:\/\/secureus.se\/es\/wp-json\/wp\/v2\/product_tag?post=57264"}],"curies":[{"name":"wp","href":"https:\/\/api.w.org\/{rel}","templated":true}]}}