{"id":57267,"date":"2022-03-10T15:26:00","date_gmt":"2022-03-10T14:26:00","guid":{"rendered":"https:\/\/secureus.se\/produkt\/nyckelband-standard-med-j-klamma-i-plast-100-pack-farg-svart\/"},"modified":"2026-01-02T12:12:20","modified_gmt":"2026-01-02T11:12:20","slug":"nyckelband-standard-med-j-klamma-i-plast-100-pack-farg-svart","status":"publish","type":"product","link":"https:\/\/secureus.se\/es\/nyckelband-standard-med-j-klamma-i-plast-100-pack-farg-svart\/","title":{"rendered":"Cord\u00f3n negro de 10 mm con clip en J de pl\u00e1stico y hebilla de seguridad (paquete de 100)"},"content":{"rendered":"<p>Estos cordones negros de 10 mm de ancho son la elecci\u00f3n perfecta para exhibir tarjetas de identificaci\u00f3n, tarjetas de acceso o llaveros. Con material PET reciclado sostenible y una pr\u00e1ctica abrazadera en J de pl\u00e1stico, se combinan funcionalidad y respeto al medio ambiente.<\/p>\n<ul>\n<li><strong>Material sostenible:<\/strong> Fabricado con material PET reciclado y duradero para una soluci\u00f3n confiable y respetuosa con el medio ambiente.<\/li>\n<li><strong>Abrazadera de pl\u00e1stico en forma de J:<\/strong> Amplio y en \u00e1ngulo para una visualizaci\u00f3n clara y segura de tarjetas y tarjetas de acceso.<\/li>\n<li><strong>Hebilla de seguridad:<\/strong> Dise\u00f1ado para una liberaci\u00f3n r\u00e1pida, lo que mejora la seguridad durante el uso.<\/li>\n<li><strong>Dise\u00f1o profesional:<\/strong> El color negro da una impresi\u00f3n elegante y profesional.<\/li>\n<li><strong>Funcionalidad vers\u00e1til:<\/strong> Adecuado para tarjetas de identificaci\u00f3n, llaveros, memorias USB, tarjetas de visita y tel\u00e9fonos m\u00f3viles.<\/li>\n<\/ul>\n<p><strong>Presupuesto:<\/strong><\/p>\n<ul>\n<li><strong>Ancho:<\/strong> 10 mm<\/li>\n<li><strong>Longitud:<\/strong> 90 cm (45 cm de largo del dobladillo)<\/li>\n<li><strong>Material:<\/strong> Material PET reciclado<\/li>\n<li><strong>Pintar:<\/strong> Negro<\/li>\n<li><strong>Embalaje:<\/strong> 100 piezas por paquete<\/li>\n<\/ul>\n<p>Elija estos cordones negros para una soluci\u00f3n duradera y pr\u00e1ctica. Perfecto para lugares de trabajo, eventos y uso diario: \u00a1respetuoso con el medio ambiente y fiable!<\/p>","protected":false},"excerpt":{"rendered":"<p>Lanyards negros de 10 mm de ancho, fabricados con material PET reciclado. Equipado con abrazadera de pl\u00e1stico en forma de J y hebilla de seguridad. Se vende en paquetes de 100.<\/p>","protected":false},"featured_media":145422,"template":"","meta":{"_acf_changed":false},"product_brand":[],"product_cat":[1875],"product_tag":[4348,4349],"class_list":{"0":"post-57267","1":"product","2":"type-product","3":"status-publish","4":"has-post-thumbnail","6":"product_cat-nyckelband","7":"product_tag-10mm","8":"product_tag-svart-nyckelband","9":"product_shipping_class-tunga-paket","10":"pa_brands-stonehouse-security","11":"pa_farg-svart","12":"pa_farg-nyckelband-svart","13":"pa_rfid-tillbehor-nyckelband-halsband","14":"tm-no-options","16":"first","17":"instock","18":"sale","19":"featured","20":"taxable","21":"shipping-taxable","22":"purchasable","23":"product-type-simple"},"acf":[],"_links":{"self":[{"href":"https:\/\/secureus.se\/es\/wp-json\/wp\/v2\/product\/57267","targetHints":{"allow":["GET"]}}],"collection":[{"href":"https:\/\/secureus.se\/es\/wp-json\/wp\/v2\/product"}],"about":[{"href":"https:\/\/secureus.se\/es\/wp-json\/wp\/v2\/types\/product"}],"wp:featuredmedia":[{"embeddable":true,"href":"https:\/\/secureus.se\/es\/wp-json\/wp\/v2\/media\/145422"}],"wp:attachment":[{"href":"https:\/\/secureus.se\/es\/wp-json\/wp\/v2\/media?parent=57267"}],"wp:term":[{"taxonomy":"product_brand","embeddable":true,"href":"https:\/\/secureus.se\/es\/wp-json\/wp\/v2\/product_brand?post=57267"},{"taxonomy":"product_cat","embeddable":true,"href":"https:\/\/secureus.se\/es\/wp-json\/wp\/v2\/product_cat?post=57267"},{"taxonomy":"product_tag","embeddable":true,"href":"https:\/\/secureus.se\/es\/wp-json\/wp\/v2\/product_tag?post=57267"}],"curies":[{"name":"wp","href":"https:\/\/api.w.org\/{rel}","templated":true}]}}