{"id":57282,"date":"2022-03-10T15:26:00","date_gmt":"2022-03-10T14:26:00","guid":{"rendered":"https:\/\/secureus.se\/produkt\/nyckelband-eko-10-mm-sakerhetsspanne-hummerklamma-i-metall-100-pack-farg-svart\/"},"modified":"2026-01-02T12:10:12","modified_gmt":"2026-01-02T11:10:12","slug":"nyckelband-10mm-svart-metallklamma-100-pack","status":"publish","type":"product","link":"https:\/\/secureus.se\/es\/nyckelband-10mm-svart-metallklamma-100-pack\/","title":{"rendered":"Cord\u00f3n ecol\u00f3gico negro de 10 mm con cierre de mosquet\u00f3n met\u00e1lico y hebilla de seguridad (paquete de 100)"},"content":{"rendered":"<p>Estos cordones de 10 mm de ancho est\u00e1n dise\u00f1ados para brindar durabilidad y funcionalidad. Fabricados con material PET reciclado, son respetuosos con el medio ambiente y robustos. Con una longitud est\u00e1ndar de 90 cm (longitud de ca\u00edda de 45 cm) y una hebilla de seguridad, estos cordones son perfectos para el uso diario en lugares de trabajo, eventos o escuelas.<\/p>\n<ul>\n<li><strong>Material de alta calidad:<\/strong> Fabricado con material PET reciclado duradero.<\/li>\n<li><strong>Cierre de langosta de metal:<\/strong> Proporciona un soporte seguro para tarjetas de identificaci\u00f3n, llaveros o memorias USB.<\/li>\n<li><strong>Hebilla de seguridad:<\/strong> Para una extracci\u00f3n f\u00e1cil y r\u00e1pida.<\/li>\n<li><strong>Amplio uso:<\/strong> Adecuado para tarjetas de identificaci\u00f3n, tarjetas de visita, llaveros, memorias USB y tel\u00e9fonos m\u00f3viles.<\/li>\n<li><strong>Amplia selecci\u00f3n de colores:<\/strong> Disponible en negro, azul oscuro, azul claro, azul marino, verde oscuro, verde claro, gris, naranja, rosa, morado, rojo, blanco y amarillo.<\/li>\n<\/ul>\n<p><strong>Presupuesto:<\/strong><\/p>\n<ul>\n<li><strong>Ancho:<\/strong> 10 mm<\/li>\n<li><strong>Longitud:<\/strong> 90 cm (45 cm de largo del dobladillo)<\/li>\n<li><strong>Material:<\/strong> Material PET reciclado<\/li>\n<li><strong>Embalaje:<\/strong> 100 piezas por paquete<\/li>\n<\/ul>\n<p>Invierta en estos cordones pr\u00e1cticos y ecol\u00f3gicos para que la vida cotidiana sea m\u00e1s sencilla y organizada. Una elecci\u00f3n perfecta para empresas y organizadores de eventos.<\/p>","protected":false},"excerpt":{"rendered":"<p>Cordones duraderos en material PET reciclado de 10 mm con cierre de mosquet\u00f3n met\u00e1lico y hebilla de seguridad. Perfecto para tarjetas de identificaci\u00f3n, llaveros y memorias USB. Se vende en paquetes de 100.<\/p>","protected":false},"featured_media":145278,"template":"","meta":{"_acf_changed":false},"product_brand":[],"product_cat":[1875],"product_tag":[4348,4349],"class_list":{"0":"post-57282","1":"product","2":"type-product","3":"status-publish","4":"has-post-thumbnail","6":"product_cat-nyckelband","7":"product_tag-10mm","8":"product_tag-svart-nyckelband","9":"product_shipping_class-tunga-paket","10":"pa_brands-stonehouse-security","11":"pa_farg-svart","12":"pa_farg-nyckelband-svart","13":"pa_rfid-tillbehor-nyckelband-halsband","14":"tm-no-options","16":"first","17":"instock","18":"sale","19":"featured","20":"taxable","21":"shipping-taxable","22":"purchasable","23":"product-type-simple"},"acf":[],"_links":{"self":[{"href":"https:\/\/secureus.se\/es\/wp-json\/wp\/v2\/product\/57282","targetHints":{"allow":["GET"]}}],"collection":[{"href":"https:\/\/secureus.se\/es\/wp-json\/wp\/v2\/product"}],"about":[{"href":"https:\/\/secureus.se\/es\/wp-json\/wp\/v2\/types\/product"}],"wp:featuredmedia":[{"embeddable":true,"href":"https:\/\/secureus.se\/es\/wp-json\/wp\/v2\/media\/145278"}],"wp:attachment":[{"href":"https:\/\/secureus.se\/es\/wp-json\/wp\/v2\/media?parent=57282"}],"wp:term":[{"taxonomy":"product_brand","embeddable":true,"href":"https:\/\/secureus.se\/es\/wp-json\/wp\/v2\/product_brand?post=57282"},{"taxonomy":"product_cat","embeddable":true,"href":"https:\/\/secureus.se\/es\/wp-json\/wp\/v2\/product_cat?post=57282"},{"taxonomy":"product_tag","embeddable":true,"href":"https:\/\/secureus.se\/es\/wp-json\/wp\/v2\/product_tag?post=57282"}],"curies":[{"name":"wp","href":"https:\/\/api.w.org\/{rel}","templated":true}]}}