{"id":57286,"date":"2022-03-10T15:26:00","date_gmt":"2022-03-10T14:26:00","guid":{"rendered":"https:\/\/secureus.se\/produkt\/nyckelband-standard-med-j-klamma-i-plast-100-pack-farg-rosa\/"},"modified":"2026-01-02T12:12:27","modified_gmt":"2026-01-02T11:12:27","slug":"nyckelband-standard-med-j-klamma-i-plast-100-pack-farg-rosa","status":"publish","type":"product","link":"https:\/\/secureus.se\/es\/nyckelband-standard-med-j-klamma-i-plast-100-pack-farg-rosa\/","title":{"rendered":"Cord\u00f3n rosa est\u00e1ndar con clip en J de pl\u00e1stico, paquete de 100"},"content":{"rendered":"<p>Paquete de 100 piezas cada una, cordones de 10 mm de ancho con clip en J de pl\u00e1stico.<\/p>\n<p>&nbsp;<\/p>","protected":false},"excerpt":{"rendered":"<p>Paquete de 100 piezas cada una, cordones de 10 mm de ancho con clip en J de pl\u00e1stico. &nbsp;<\/p>","protected":false},"featured_media":145437,"template":"","meta":{"_acf_changed":false},"product_brand":[],"product_cat":[1875],"product_tag":[4348,2416,4354],"class_list":{"0":"post-57286","1":"product","2":"type-product","3":"status-publish","4":"has-post-thumbnail","6":"product_cat-nyckelband","7":"product_tag-10mm","8":"product_tag-rel-rfid-tillbehor","9":"product_tag-rosa-nyckelband","10":"product_shipping_class-tunga-paket","11":"pa_brands-stonehouse-security","12":"pa_farg-rosa","13":"pa_farg-nyckelband-rosa","14":"pa_rfid-tillbehor-nyckelband-halsband","15":"tm-no-options","17":"first","18":"instock","19":"sale","20":"featured","21":"taxable","22":"shipping-taxable","23":"purchasable","24":"product-type-simple"},"acf":[],"_links":{"self":[{"href":"https:\/\/secureus.se\/es\/wp-json\/wp\/v2\/product\/57286","targetHints":{"allow":["GET"]}}],"collection":[{"href":"https:\/\/secureus.se\/es\/wp-json\/wp\/v2\/product"}],"about":[{"href":"https:\/\/secureus.se\/es\/wp-json\/wp\/v2\/types\/product"}],"wp:featuredmedia":[{"embeddable":true,"href":"https:\/\/secureus.se\/es\/wp-json\/wp\/v2\/media\/145437"}],"wp:attachment":[{"href":"https:\/\/secureus.se\/es\/wp-json\/wp\/v2\/media?parent=57286"}],"wp:term":[{"taxonomy":"product_brand","embeddable":true,"href":"https:\/\/secureus.se\/es\/wp-json\/wp\/v2\/product_brand?post=57286"},{"taxonomy":"product_cat","embeddable":true,"href":"https:\/\/secureus.se\/es\/wp-json\/wp\/v2\/product_cat?post=57286"},{"taxonomy":"product_tag","embeddable":true,"href":"https:\/\/secureus.se\/es\/wp-json\/wp\/v2\/product_tag?post=57286"}],"curies":[{"name":"wp","href":"https:\/\/api.w.org\/{rel}","templated":true}]}}