{"id":57290,"date":"2022-03-10T15:26:00","date_gmt":"2022-03-10T14:26:00","guid":{"rendered":"https:\/\/secureus.se\/produkt\/nyckelring-bla-10-pack\/"},"modified":"2025-12-31T19:46:00","modified_gmt":"2025-12-31T18:46:00","slug":"nyckelbricka-bla","status":"publish","type":"product","link":"https:\/\/secureus.se\/es\/nyckelbricka-bla\/","title":{"rendered":"Etiqueta para llave azul"},"content":{"rendered":"<h4>Etiqueta para llaves en color azul para un almacenamiento f\u00e1cil y organizado de las llaves<\/h4>\n<p>Estas etiquetas de llave azules facilitan la organizaci\u00f3n y la b\u00fasqueda de las llaves o etiquetas correctas. Cada llavero est\u00e1 equipado con un disco de pl\u00e1stico y un llavero resistente, lo que los hace perfectos tanto para uso personal como profesional.<\/p>\n<h3>Caracter\u00edsticas y beneficios<\/h3>\n<ul>\n<li><strong>Identificaci\u00f3n clara<\/strong>:El color rojo facilita encontrar e identificar r\u00e1pidamente la clave correcta.<\/li>\n<li><strong>Construcci\u00f3n sostenible<\/strong>:Fabricado con una bandeja de pl\u00e1stico resistente y un llavero fuerte para un uso duradero.<\/li>\n<li><strong>Uso vers\u00e1til<\/strong>:Perfecto para organizar llaves, etiquetas y otros art\u00edculos peque\u00f1os.<\/li>\n<li><strong>F\u00e1cil de usar<\/strong>:F\u00e1cil de montar y usar para mantener sus llaves o etiquetas en su lugar de forma segura.<\/li>\n<\/ul>\n<h3>Presupuesto<\/h3>\n<ul>\n<li><strong>Pintar<\/strong>: Rojo<\/li>\n<li><strong>Material<\/strong>:Pl\u00e1stico y metal<\/li>\n<li><strong>\u00c1reas de uso<\/strong>:Llaves, etiquetas, art\u00edculos peque\u00f1os<\/li>\n<\/ul>\n<h3>\u00c1reas de uso<\/h3>\n<ul>\n<li><strong>Hogar y oficina<\/strong>:Ideal para organizar las llaves en casa o en la oficina.<\/li>\n<li><strong>Escuelas e instituciones<\/strong>:Perfecto para mantener las llaves y etiquetas organizadas en escuelas y otras instituciones.<\/li>\n<li><strong>Empresa y almac\u00e9n<\/strong>:Se utiliza para etiquetar y organizar llaves y etiquetas en empresas y almacenes.<\/li>\n<\/ul>","protected":false},"excerpt":{"rendered":"<p><strong>Etiqueta para llave azul<\/strong><\/p>\n<p>Organiza y encuentra tus llaves f\u00e1cilmente con estas etiquetas para llaves negras. Perfecto tanto para uso personal como profesional.<\/p>","protected":false},"featured_media":145405,"template":"","meta":{"_acf_changed":false},"product_brand":[],"product_cat":[1895],"product_tag":[2958],"class_list":{"0":"post-57290","1":"product","2":"type-product","3":"status-publish","4":"has-post-thumbnail","6":"product_cat-nyckelbrickor","7":"product_tag-stonehouse-produkt","8":"product_shipping_class-postnord-varubrev","9":"pa_brands-stonehouse-security","10":"pa_farg-bla","11":"pa_rfid-tillbehor-nyckelringar","12":"tm-no-options","14":"first","15":"instock","16":"featured","17":"taxable","18":"shipping-taxable","19":"purchasable","20":"product-type-simple"},"acf":[],"_links":{"self":[{"href":"https:\/\/secureus.se\/es\/wp-json\/wp\/v2\/product\/57290","targetHints":{"allow":["GET"]}}],"collection":[{"href":"https:\/\/secureus.se\/es\/wp-json\/wp\/v2\/product"}],"about":[{"href":"https:\/\/secureus.se\/es\/wp-json\/wp\/v2\/types\/product"}],"wp:featuredmedia":[{"embeddable":true,"href":"https:\/\/secureus.se\/es\/wp-json\/wp\/v2\/media\/145405"}],"wp:attachment":[{"href":"https:\/\/secureus.se\/es\/wp-json\/wp\/v2\/media?parent=57290"}],"wp:term":[{"taxonomy":"product_brand","embeddable":true,"href":"https:\/\/secureus.se\/es\/wp-json\/wp\/v2\/product_brand?post=57290"},{"taxonomy":"product_cat","embeddable":true,"href":"https:\/\/secureus.se\/es\/wp-json\/wp\/v2\/product_cat?post=57290"},{"taxonomy":"product_tag","embeddable":true,"href":"https:\/\/secureus.se\/es\/wp-json\/wp\/v2\/product_tag?post=57290"}],"curies":[{"name":"wp","href":"https:\/\/api.w.org\/{rel}","templated":true}]}}