{"id":57291,"date":"2022-03-10T15:26:00","date_gmt":"2022-03-10T14:26:00","guid":{"rendered":"https:\/\/secureus.se\/produkt\/nyckelband-eko-10-mm-sakerhetsspanne-hummerklamma-i-metall-100-pack-farg-bla\/"},"modified":"2025-12-31T19:37:30","modified_gmt":"2025-12-31T18:37:30","slug":"nyckelband-10mm-ljusbla-metallklamma-100-pack","status":"publish","type":"product","link":"https:\/\/secureus.se\/es\/nyckelband-10mm-ljusbla-metallklamma-100-pack\/","title":{"rendered":"Cord\u00f3n ecol\u00f3gico de 10 mm azul claro con cierre de mosquet\u00f3n met\u00e1lico y hebilla de seguridad (paquete de 100)"},"content":{"rendered":"<p>Estos cordones de color azul claro de 10 mm de ancho son la elecci\u00f3n perfecta por su durabilidad y uso pr\u00e1ctico. Fabricados con material PET reciclado duradero, combinan la conciencia ambiental con la funcionalidad. Con una longitud est\u00e1ndar de 90 cm (longitud de ca\u00edda de 45 cm para adultos) y hebilla de seguridad, est\u00e1n dise\u00f1ados para adaptarse a una variedad de usos, como lugares de trabajo, eventos y escuelas.<\/p>\n<ul>\n<li><strong>Materiales reciclados:<\/strong> Material PET duradero y respetuoso con el medio ambiente.<\/li>\n<li><strong>Cierre de langosta de metal:<\/strong> Seguro y robusto para tarjetas de identificaci\u00f3n, llaveros o tarjetas de acceso.<\/li>\n<li><strong>Hebilla de seguridad:<\/strong> F\u00e1cil de liberar para mayor seguridad y comodidad.<\/li>\n<li><strong>\u00c1reas de uso:<\/strong> Perfecto para tarjetas de identificaci\u00f3n, tarjetas de visita, llaveros, memorias USB y tel\u00e9fonos m\u00f3viles.<\/li>\n<li><strong>Bandera:<\/strong> Tambi\u00e9n disponible en otros colores como negro, azul, verde, naranja, rosa, rojo, blanco y amarillo.<\/li>\n<\/ul>\n<p><strong>Presupuesto:<\/strong><\/p>\n<ul>\n<li><strong>Ancho:<\/strong> 10 mm<\/li>\n<li><strong>Longitud:<\/strong> 90 cm (45 cm de largo del dobladillo)<\/li>\n<li><strong>Material:<\/strong> Material PET reciclado<\/li>\n<li><strong>Embalaje:<\/strong> 100 piezas por paquete<\/li>\n<\/ul>\n<p>Estos cordones de color azul claro ofrecen una combinaci\u00f3n de estilo y funcionalidad, lo que los convierte en una opci\u00f3n perfecta para organizaciones que priorizan la calidad y la sostenibilidad.<\/p>","protected":false},"excerpt":{"rendered":"<p>Cordones duraderos de color azul claro de 10 mm de ancho con cierre de langosta de metal y hebilla de seguridad. Fabricado con material PET reciclado y vendido en paquetes de 100.<\/p>","protected":false},"featured_media":145290,"template":"","meta":{"_acf_changed":false},"product_brand":[],"product_cat":[1875],"product_tag":[4348,4352],"class_list":{"0":"post-57291","1":"product","2":"type-product","3":"status-publish","4":"has-post-thumbnail","6":"product_cat-nyckelband","7":"product_tag-10mm","8":"product_tag-blaa-nyckelband","9":"product_shipping_class-tunga-paket","10":"pa_brands-stonehouse-security","11":"pa_farg-bla","12":"pa_farg-nyckelband-bla","13":"pa_rfid-tillbehor-nyckelband-halsband","14":"tm-no-options","16":"first","17":"instock","18":"sale","19":"featured","20":"taxable","21":"shipping-taxable","22":"purchasable","23":"product-type-simple"},"acf":[],"_links":{"self":[{"href":"https:\/\/secureus.se\/es\/wp-json\/wp\/v2\/product\/57291","targetHints":{"allow":["GET"]}}],"collection":[{"href":"https:\/\/secureus.se\/es\/wp-json\/wp\/v2\/product"}],"about":[{"href":"https:\/\/secureus.se\/es\/wp-json\/wp\/v2\/types\/product"}],"wp:featuredmedia":[{"embeddable":true,"href":"https:\/\/secureus.se\/es\/wp-json\/wp\/v2\/media\/145290"}],"wp:attachment":[{"href":"https:\/\/secureus.se\/es\/wp-json\/wp\/v2\/media?parent=57291"}],"wp:term":[{"taxonomy":"product_brand","embeddable":true,"href":"https:\/\/secureus.se\/es\/wp-json\/wp\/v2\/product_brand?post=57291"},{"taxonomy":"product_cat","embeddable":true,"href":"https:\/\/secureus.se\/es\/wp-json\/wp\/v2\/product_cat?post=57291"},{"taxonomy":"product_tag","embeddable":true,"href":"https:\/\/secureus.se\/es\/wp-json\/wp\/v2\/product_tag?post=57291"}],"curies":[{"name":"wp","href":"https:\/\/api.w.org\/{rel}","templated":true}]}}