{"id":57292,"date":"2022-03-10T15:26:00","date_gmt":"2022-03-10T14:26:00","guid":{"rendered":"https:\/\/secureus.se\/produkt\/nyckelband-standard-med-j-klamma-i-plast-100-pack-farg-vit\/"},"modified":"2026-01-02T12:12:52","modified_gmt":"2026-01-02T11:12:52","slug":"nyckelband-standard-med-j-klamma-i-plast-100-pack-farg-vit","status":"publish","type":"product","link":"https:\/\/secureus.se\/es\/nyckelband-standard-med-j-klamma-i-plast-100-pack-farg-vit\/","title":{"rendered":"Cord\u00f3n blanco est\u00e1ndar con clip de pl\u00e1stico en forma de J, paquete de 100"},"content":{"rendered":"<p>Paquete de 100 piezas cada una, cordones de 10 mm de ancho con clip en J de pl\u00e1stico.<\/p>\n<p>&nbsp;<\/p>","protected":false},"excerpt":{"rendered":"<p>Paquete de 100 piezas cada una, cordones de 10 mm de ancho con clip en J de pl\u00e1stico. &nbsp;<\/p>","protected":false},"featured_media":145444,"template":"","meta":{"_acf_changed":false},"product_brand":[],"product_cat":[1875],"product_tag":[4348,4356],"class_list":{"0":"post-57292","1":"product","2":"type-product","3":"status-publish","4":"has-post-thumbnail","6":"product_cat-nyckelband","7":"product_tag-10mm","8":"product_tag-vita-nyckelband","9":"product_shipping_class-tunga-paket","10":"pa_brands-stonehouse-security","11":"pa_farg-vit","12":"pa_farg-nyckelband-vit","13":"pa_rfid-tillbehor-nyckelband-halsband","14":"tm-no-options","16":"first","17":"instock","18":"sale","19":"featured","20":"taxable","21":"shipping-taxable","22":"purchasable","23":"product-type-simple"},"acf":[],"_links":{"self":[{"href":"https:\/\/secureus.se\/es\/wp-json\/wp\/v2\/product\/57292","targetHints":{"allow":["GET"]}}],"collection":[{"href":"https:\/\/secureus.se\/es\/wp-json\/wp\/v2\/product"}],"about":[{"href":"https:\/\/secureus.se\/es\/wp-json\/wp\/v2\/types\/product"}],"wp:featuredmedia":[{"embeddable":true,"href":"https:\/\/secureus.se\/es\/wp-json\/wp\/v2\/media\/145444"}],"wp:attachment":[{"href":"https:\/\/secureus.se\/es\/wp-json\/wp\/v2\/media?parent=57292"}],"wp:term":[{"taxonomy":"product_brand","embeddable":true,"href":"https:\/\/secureus.se\/es\/wp-json\/wp\/v2\/product_brand?post=57292"},{"taxonomy":"product_cat","embeddable":true,"href":"https:\/\/secureus.se\/es\/wp-json\/wp\/v2\/product_cat?post=57292"},{"taxonomy":"product_tag","embeddable":true,"href":"https:\/\/secureus.se\/es\/wp-json\/wp\/v2\/product_tag?post=57292"}],"curies":[{"name":"wp","href":"https:\/\/api.w.org\/{rel}","templated":true}]}}