{"id":57297,"date":"2022-03-10T15:26:00","date_gmt":"2022-03-10T14:26:00","guid":{"rendered":"https:\/\/secureus.se\/produkt\/jojo-zink-abs-med-modern-design-rod\/"},"modified":"2026-02-23T09:50:11","modified_gmt":"2026-02-23T08:50:11","slug":"utdragbar-nyckelring-med-jojo-snore-och-clips-rod","status":"publish","type":"product","link":"https:\/\/secureus.se\/es\/utdragbar-nyckelring-med-jojo-snore-och-clips-rod\/","title":{"rendered":"Llavero retr\u00e1ctil con cuerda de yoy\u00f3 y clip \u2013 Rojo"},"content":{"rendered":"<div>\n<p><strong>Llavero retr\u00e1ctil con yoy\u00f3 \u2013 Zinc\/ABS, dise\u00f1o moderno, negro<\/strong><\/p>\n<p>Este moderno llavero yo-yo retr\u00e1ctil es perfecto para un acceso seguro y f\u00e1cil a sus llaves o tarjetas de identificaci\u00f3n. Fabricado en zinc de alta calidad y pl\u00e1stico ABS, ofrece un dise\u00f1o robusto y elegante. Equipado con un dispositivo de fijaci\u00f3n estable y clips, es f\u00e1cil de sujetar a cinturones, bolsillos o bolsos.<\/p>\n<h4><strong>Caracter\u00edsticas y beneficios<\/strong><\/h4>\n<ul>\n<li><strong>Dise\u00f1o sostenible:<\/strong> Hecho de zinc y pl\u00e1stico ABS para una mayor durabilidad.<\/li>\n<li><strong>Fijaci\u00f3n estable:<\/strong> Clips para fijaci\u00f3n segura a cinturones, bolsillos o bolsos.<\/li>\n<li><strong>Yo-yo extensible:<\/strong> Cord\u00f3n de nailon de 70 cm de largo para un acceso f\u00e1cil y r\u00e1pido.<\/li>\n<li><strong>Moderno y elegante:<\/strong> Color negro y dise\u00f1o moderno que se adapta tanto a entornos profesionales como cotidianos.<\/li>\n<li><strong>Personalizable:<\/strong> Tambi\u00e9n disponible en negro.<\/li>\n<\/ul>\n<h4><strong>\u00c1reas de uso<\/strong><\/h4>\n<ul>\n<li><strong>Personal de oficina:<\/strong> Perfecto para mantener las llaves o tarjetas de identificaci\u00f3n f\u00e1cilmente accesibles.<\/li>\n<li><strong>Personal de seguridad:<\/strong> Suficientemente resistente para transportar equipos de seguridad o llaves.<\/li>\n<li><strong>Personal del evento:<\/strong> Ideal para mantener tarjetas de identificaci\u00f3n o tarjetas de acceso visibles y f\u00e1cilmente accesibles.<\/li>\n<li><strong>Uso diario:<\/strong> Una soluci\u00f3n pr\u00e1ctica para cualquiera que necesite acceso r\u00e1pido y sencillo a sus llaves o tarjetas.<\/li>\n<\/ul>\n<h4><strong>Especificaci\u00f3n t\u00e9cnica<\/strong><\/h4>\n<ul>\n<li><strong>Tama\u00f1o:<\/strong> 33\u00d752 mm<\/li>\n<li><strong>Longitud del cable:<\/strong> 70 cent\u00edmetros<\/li>\n<li><strong>Material:<\/strong> Zinc\/ABS<\/li>\n<li><strong>Pintar:<\/strong> Rojo (tambi\u00e9n disponible en negro)<\/li>\n<\/ul>\n<\/div>","protected":false},"excerpt":{"rendered":"<p>Llavero retr\u00e1ctil con yo-yo en pl\u00e1stico Zinc\/ABS de alta calidad, ideal para un acceso seguro y f\u00e1cil a llaves o tarjetas de identificaci\u00f3n. Elegante dise\u00f1o rojo con clip estable para una f\u00e1cil fijaci\u00f3n.<\/p>","protected":false},"featured_media":147648,"template":"","meta":{"_acf_changed":false},"product_brand":[],"product_cat":[1676,2901,1324],"product_tag":[2416,2958],"class_list":{"0":"post-57297","1":"product","2":"type-product","3":"status-publish","4":"has-post-thumbnail","6":"product_cat-jojos-och-nyckelringar","7":"product_cat-jojo-yoyo-alltid-i-lager","8":"product_cat-outlet","9":"product_tag-rel-rfid-tillbehor","10":"product_tag-stonehouse-produkt","11":"product_shipping_class-postnord-varubrev","12":"pa_brands-stonehouse-security","13":"pa_farg-rod","14":"pa_rfid-tillbehor-jojo","15":"tm-no-options","17":"first","18":"instock","19":"sale","20":"featured","21":"taxable","22":"shipping-taxable","23":"purchasable","24":"product-type-simple"},"acf":[],"_links":{"self":[{"href":"https:\/\/secureus.se\/es\/wp-json\/wp\/v2\/product\/57297","targetHints":{"allow":["GET"]}}],"collection":[{"href":"https:\/\/secureus.se\/es\/wp-json\/wp\/v2\/product"}],"about":[{"href":"https:\/\/secureus.se\/es\/wp-json\/wp\/v2\/types\/product"}],"wp:featuredmedia":[{"embeddable":true,"href":"https:\/\/secureus.se\/es\/wp-json\/wp\/v2\/media\/147648"}],"wp:attachment":[{"href":"https:\/\/secureus.se\/es\/wp-json\/wp\/v2\/media?parent=57297"}],"wp:term":[{"taxonomy":"product_brand","embeddable":true,"href":"https:\/\/secureus.se\/es\/wp-json\/wp\/v2\/product_brand?post=57297"},{"taxonomy":"product_cat","embeddable":true,"href":"https:\/\/secureus.se\/es\/wp-json\/wp\/v2\/product_cat?post=57297"},{"taxonomy":"product_tag","embeddable":true,"href":"https:\/\/secureus.se\/es\/wp-json\/wp\/v2\/product_tag?post=57297"}],"curies":[{"name":"wp","href":"https:\/\/api.w.org\/{rel}","templated":true}]}}