{"id":57299,"date":"2022-03-10T15:26:00","date_gmt":"2022-03-10T14:26:00","guid":{"rendered":"https:\/\/secureus.se\/produkt\/nyckelband-eko-10-mm-sakerhetsspanne-hummerklamma-i-metall-100-pack-farg-rosa\/"},"modified":"2025-12-31T19:40:19","modified_gmt":"2025-12-31T18:40:19","slug":"nyckelband-eko-10-mm-sakerhetsspanne-hummerklamma-i-metall-100-pack-farg-rosa","status":"publish","type":"product","link":"https:\/\/secureus.se\/es\/nyckelband-eko-10-mm-sakerhetsspanne-hummerklamma-i-metall-100-pack-farg-rosa\/","title":{"rendered":"Cord\u00f3n Eco Rosa 10 mm Hebilla de seguridad Cierre de langosta Paquete de 100"},"content":{"rendered":"<p>Correa de poli\u00e9ster de lujo de 10 mm de color rojo con hebilla de seguridad con cierre de mosquet\u00f3n de metal.<\/p>\n<p>Se suministra en paquetes de 100 llaveros.<\/p>\n<p>La hebilla de seguridad proporciona mayor seguridad al liberarla cuando se tira o queda atrapada en objetos. maquinaria.<\/p>\n<p>El cord\u00f3n se puede volver a conectar f\u00e1cilmente despu\u00e9s de soltarse.<\/p>\n<p>Perfecto para exhibir tarjetas de identificaci\u00f3n, tarjetas de visita o colocar otros elementos como tel\u00e9fonos m\u00f3viles, silbatos, memorias USB, etc.<\/p>","protected":false},"excerpt":{"rendered":"<p>Correa de poli\u00e9ster de lujo de 10 mm de color rojo con hebilla de seguridad con cierre de mosquet\u00f3n de metal. Se suministra en paquetes de 100 llaveros. La hebilla de seguridad proporciona mayor seguridad al soltarse cuando se tira o queda atrapada.<\/p>","protected":false},"featured_media":145297,"template":"","meta":{"_acf_changed":false},"product_brand":[],"product_cat":[1875],"product_tag":[4348,4354],"class_list":{"0":"post-57299","1":"product","2":"type-product","3":"status-publish","4":"has-post-thumbnail","6":"product_cat-nyckelband","7":"product_tag-10mm","8":"product_tag-rosa-nyckelband","9":"product_shipping_class-tunga-paket","10":"pa_brands-stonehouse-security","11":"pa_farg-rosa","12":"pa_farg-nyckelband-rosa","13":"pa_rfid-tillbehor-nyckelband-halsband","14":"tm-no-options","16":"first","17":"instock","18":"sale","19":"featured","20":"taxable","21":"shipping-taxable","22":"purchasable","23":"product-type-simple"},"acf":[],"_links":{"self":[{"href":"https:\/\/secureus.se\/es\/wp-json\/wp\/v2\/product\/57299","targetHints":{"allow":["GET"]}}],"collection":[{"href":"https:\/\/secureus.se\/es\/wp-json\/wp\/v2\/product"}],"about":[{"href":"https:\/\/secureus.se\/es\/wp-json\/wp\/v2\/types\/product"}],"wp:featuredmedia":[{"embeddable":true,"href":"https:\/\/secureus.se\/es\/wp-json\/wp\/v2\/media\/145297"}],"wp:attachment":[{"href":"https:\/\/secureus.se\/es\/wp-json\/wp\/v2\/media?parent=57299"}],"wp:term":[{"taxonomy":"product_brand","embeddable":true,"href":"https:\/\/secureus.se\/es\/wp-json\/wp\/v2\/product_brand?post=57299"},{"taxonomy":"product_cat","embeddable":true,"href":"https:\/\/secureus.se\/es\/wp-json\/wp\/v2\/product_cat?post=57299"},{"taxonomy":"product_tag","embeddable":true,"href":"https:\/\/secureus.se\/es\/wp-json\/wp\/v2\/product_tag?post=57299"}],"curies":[{"name":"wp","href":"https:\/\/api.w.org\/{rel}","templated":true}]}}