{"id":57365,"date":"2022-03-10T15:15:00","date_gmt":"2022-03-10T14:15:00","guid":{"rendered":"https:\/\/secureus.se\/produkt\/2-vags-tradlos-lumin8-utomhus-siren-orange-wicomm-pro-och-agility\/"},"modified":"2026-01-30T08:07:36","modified_gmt":"2026-01-30T07:07:36","slug":"risco-siren-2-vags-lumin8-utomhus-105db","status":"publish","type":"product","link":"https:\/\/secureus.se\/es\/risco-siren-2-vags-lumin8-utomhus-105db\/","title":{"rendered":"Sirena Risco bidireccional LUMIN8 para exteriores, 105 dB"},"content":{"rendered":"<h1>Sirena Risco bidireccional LUMIN8 para exteriores, 105 dB<\/h1>\n<p data-start=\"441\" data-end=\"848\">La sirena inal\u00e1mbrica para exteriores Risco LUMIN8 RWS401 es una potente soluci\u00f3n de seguridad dise\u00f1ada para proporcionar advertencias tanto audibles como visuales cuando se activa una alarma.<\/p>\n<p data-start=\"441\" data-end=\"848\">Con un nivel de sonido de 105 dB y una potente luz estrobosc\u00f3pica, esta sirena proporciona una advertencia clara y audible en todos los entornos exteriores.<\/p>\n<p data-start=\"441\" data-end=\"848\">Es una sirena completamente alimentada por bater\u00edas e inal\u00e1mbrica que ofrece una f\u00e1cil instalaci\u00f3n sin necesidad de cables externos ni instalaciones complicadas.<\/p>\n<p data-start=\"850\" data-end=\"1233\">La sirena est\u00e1 dise\u00f1ada para ser monitoreada por completo y ofrece muchas caracter\u00edsticas que mejoran la seguridad y la experiencia del usuario.<\/p>\n<p data-start=\"850\" data-end=\"1233\">Incluye una funci\u00f3n de prealarma que se activa durante la cuenta regresiva del retraso de entrada y env\u00eda una alarma si la sirena es vandalizada durante este tiempo.<\/p>\n<p data-start=\"850\" data-end=\"1233\">Esto permite que la sirena act\u00fae independientemente del panel de control, mejorando la seguridad general del sistema.<\/p>\n<p data-start=\"1235\" data-end=\"1552\">Otra caracter\u00edstica clave de la sirena LUMIN8 es su comunicaci\u00f3n inal\u00e1mbrica bidireccional, que le permite integrarse completamente con los sistemas de seguridad de RISCO como Agility\u2122 y WisDom.<\/p>\n<p data-start=\"1235\" data-end=\"1552\">Esto garantiza que la sirena se pueda programar de forma remota y realizar pruebas autom\u00e1ticas para garantizar que funcione correctamente.<\/p>\n<p data-start=\"1554\" data-end=\"1973\">La sirena tambi\u00e9n est\u00e1 dise\u00f1ada para proporcionar varios mensajes de audio al activar o desactivar el sistema, incluido un mensaje de 4 pitidos para indicar que se ha activado la alarma.<\/p>\n<p data-start=\"1554\" data-end=\"1973\">Esta es una caracter\u00edstica importante para identificar r\u00e1pidamente si se ha producido un robo o si el sistema ha sido saboteado.<\/p>\n<p data-start=\"1554\" data-end=\"1973\">Tambi\u00e9n tiene una alarma antimanipulaci\u00f3n local que se activa despu\u00e9s del retardo de entrada, lo que proporciona protecci\u00f3n adicional para la instalaci\u00f3n.<\/p>\n<p data-start=\"1975\" data-end=\"2176\">Con un rango de temperatura de -25 \u00b0C a 60 \u00b0C, esta sirena es lo suficientemente duradera para ser utilizada en una variedad de condiciones clim\u00e1ticas y tiene una clasificaci\u00f3n IP44, lo que la hace resistente al agua y protegida contra el polvo y la suciedad.<\/p>\n<p data-start=\"2178\" data-end=\"2208\"><strong data-start=\"2178\" data-end=\"2206\">Caracter\u00edsticas principales:<\/strong><\/p>\n<ul data-start=\"2209\" data-end=\"2877\">\n<li data-start=\"2209\" data-end=\"2276\">\n<p data-start=\"2211\" data-end=\"2276\"><strong data-start=\"2211\" data-end=\"2235\">Totalmente alimentado por bater\u00eda:<\/strong> Utiliza 5 pilas de litio CR123 de 3 V<\/p>\n<\/li>\n<li data-start=\"2277\" data-end=\"2329\">\n<p data-start=\"2279\" data-end=\"2329\"><strong data-start=\"2279\" data-end=\"2292\">Nivel de sonido:<\/strong> 105 dB a 1 metro (volumen ajustable)<\/p>\n<\/li>\n<li data-start=\"2330\" data-end=\"2432\">\n<p data-start=\"2332\" data-end=\"2432\"><strong data-start=\"2332\" data-end=\"2357\">Indicadores visuales:<\/strong> Lente de policarbonato con luz estrobosc\u00f3pica, frecuencia de destello de 60 veces por minuto.<\/p>\n<\/li>\n<li data-start=\"2433\" data-end=\"2513\">\n<p data-start=\"2435\" data-end=\"2513\"><strong data-start=\"2435\" data-end=\"2454\">Indicaci\u00f3n de alarma:<\/strong> Incluye indicaci\u00f3n de manipulaci\u00f3n e indicaci\u00f3n de bater\u00eda baja.<\/p>\n<\/li>\n<li data-start=\"2514\" data-end=\"2576\">\n<p data-start=\"2516\" data-end=\"2576\"><strong data-start=\"2516\" data-end=\"2535\">Compatibilidad:<\/strong> RISCO Agility\u2122, sistema de seguridad WisDom<\/p>\n<\/li>\n<li data-start=\"2577\" data-end=\"2645\">\n<p data-start=\"2579\" data-end=\"2645\"><strong data-start=\"2579\" data-end=\"2599\">Funci\u00f3n de prealarma:<\/strong> Alarma de vandalismo durante el retraso de entrada<\/p>\n<\/li>\n<li data-start=\"2646\" data-end=\"2690\">\n<p data-start=\"2648\" data-end=\"2690\"><strong data-start=\"2648\" data-end=\"2672\">Rango de temperatura:<\/strong> -25\u00b0C a 60\u00b0C<\/p>\n<\/li>\n<li data-start=\"2691\" data-end=\"2747\">\n<p data-start=\"2693\" data-end=\"2747\"><strong data-start=\"2693\" data-end=\"2710\">Clasificaci\u00f3n IP:<\/strong> IP44 \u2013 resistente al agua y protegido contra el polvo<\/p>\n<\/li>\n<li data-start=\"2748\" data-end=\"2822\">\n<p data-start=\"2750\" data-end=\"2822\"><strong data-start=\"2750\" data-end=\"2767\">Instalaci\u00f3n:<\/strong> F\u00e1cil instalaci\u00f3n inal\u00e1mbrica con cableado m\u00ednimo<\/p>\n<\/li>\n<li data-start=\"2823\" data-end=\"2877\">\n<p data-start=\"2825\" data-end=\"2877\"><strong data-start=\"2825\" data-end=\"2840\">Duraci\u00f3n de la bater\u00eda:<\/strong> Hasta 3 a\u00f1os dependiendo del uso<\/p>\n<\/li>\n<\/ul>\n<p data-start=\"2879\" data-end=\"2910\"><strong data-start=\"2879\" data-end=\"2908\">Especificaciones t\u00e9cnicas:<\/strong><\/p>\n<ul data-start=\"2911\" data-end=\"3153\">\n<li data-start=\"2911\" data-end=\"2945\">\n<p data-start=\"2913\" data-end=\"2945\"><strong data-start=\"2913\" data-end=\"2925\">Tama\u00f1o:<\/strong> 273 x 230 x 64 mm<\/p>\n<\/li>\n<li data-start=\"2946\" data-end=\"2986\">\n<p data-start=\"2948\" data-end=\"2986\"><strong data-start=\"2948\" data-end=\"2957\">Peso:<\/strong> 1 kg (incluidas las pilas)<\/p>\n<\/li>\n<li data-start=\"2987\" data-end=\"3012\">\n<p data-start=\"2989\" data-end=\"3012\"><strong data-start=\"2989\" data-end=\"3002\">Frecuencia:<\/strong> 868 MHz<\/p>\n<\/li>\n<li data-start=\"3013\" data-end=\"3062\">\n<p data-start=\"3015\" data-end=\"3062\"><strong data-start=\"3015\" data-end=\"3030\">Tipo de bater\u00eda:<\/strong> 5 pilas de litio CR123 de 3 V<\/p>\n<\/li>\n<li data-start=\"3063\" data-end=\"3111\">\n<p data-start=\"3065\" data-end=\"3111\"><strong data-start=\"3065\" data-end=\"3084\">Clase de seguridad:<\/strong> Clase IV para uso en exteriores<\/p>\n<\/li>\n<li data-start=\"3112\" data-end=\"3153\">\n<p data-start=\"3114\" data-end=\"3153\"><strong data-start=\"3114\" data-end=\"3137\">Temperatura de almacenamiento:<\/strong> -20\u00b0C a 60\u00b0C<\/p>\n<\/li>\n<\/ul>\n<p data-start=\"3155\" data-end=\"3437\">El Risco LUMIN8 RWS401 es la soluci\u00f3n perfecta para la seguridad en entornos exteriores y ofrece un alto nivel de sonido y advertencia visible en caso de alarma.<\/p>\n<p data-start=\"3155\" data-end=\"3437\">Con su comunicaci\u00f3n inal\u00e1mbrica bidireccional y su f\u00e1cil instalaci\u00f3n, esta sirena es flexible y confiable para todo tipo de instalaciones de seguridad.<\/p>","protected":false},"excerpt":{"rendered":"<p>La Risco LUMIN8 RWS401 es una sirena exterior inal\u00e1mbrica alimentada por bater\u00eda con un nivel de sonido de 105 dB y una luz estrobosc\u00f3pica para alta visibilidad.<\/p>\n<p>Dise\u00f1ado para Agility WiComm Pro, es perfecto para una instalaci\u00f3n r\u00e1pida y flexible en cualquier entorno exterior.<\/p>","protected":false},"featured_media":145316,"template":"","meta":{"_acf_changed":false},"product_brand":[],"product_cat":[2731,3190],"product_tag":[3152,2266,2262,2420,3070],"class_list":{"0":"post-57365","1":"product","2":"type-product","3":"status-publish","4":"has-post-thumbnail","6":"product_cat-risco-larm","7":"product_cat-sirener-risco-larm","8":"product_tag-cr123-tillbehor","9":"product_tag-larmdon-blixtljus-blixtljus-i-samma-enhet","10":"product_tag-larmdon-siren-utomhus","11":"product_tag-rel-larmdonblixt","12":"product_tag-wicomm-pro-siren","13":"product_shipping_class-postnord-varubrev","14":"pa_brands-4risco","15":"pa_risco-produkter-agility-3","16":"pa_risco-produkter-agility-4","17":"pa_wicomm-pro-kategorier-sinerer","18":"tm-no-options","20":"first","21":"instock","22":"sale","23":"featured","24":"taxable","25":"shipping-taxable","26":"purchasable","27":"product-type-simple"},"acf":[],"_links":{"self":[{"href":"https:\/\/secureus.se\/es\/wp-json\/wp\/v2\/product\/57365","targetHints":{"allow":["GET"]}}],"collection":[{"href":"https:\/\/secureus.se\/es\/wp-json\/wp\/v2\/product"}],"about":[{"href":"https:\/\/secureus.se\/es\/wp-json\/wp\/v2\/types\/product"}],"wp:featuredmedia":[{"embeddable":true,"href":"https:\/\/secureus.se\/es\/wp-json\/wp\/v2\/media\/145316"}],"wp:attachment":[{"href":"https:\/\/secureus.se\/es\/wp-json\/wp\/v2\/media?parent=57365"}],"wp:term":[{"taxonomy":"product_brand","embeddable":true,"href":"https:\/\/secureus.se\/es\/wp-json\/wp\/v2\/product_brand?post=57365"},{"taxonomy":"product_cat","embeddable":true,"href":"https:\/\/secureus.se\/es\/wp-json\/wp\/v2\/product_cat?post=57365"},{"taxonomy":"product_tag","embeddable":true,"href":"https:\/\/secureus.se\/es\/wp-json\/wp\/v2\/product_tag?post=57365"}],"curies":[{"name":"wp","href":"https:\/\/api.w.org\/{rel}","templated":true}]}}