{"id":57367,"date":"2022-03-10T15:15:00","date_gmt":"2022-03-10T14:15:00","guid":{"rendered":"https:\/\/secureus.se\/produkt\/1-vags-2-vags-tradlos-piccolo-pet-pir-detektor-agililty3-4-och-wicomm-pro\/"},"modified":"2025-12-31T19:38:49","modified_gmt":"2025-12-31T18:38:49","slug":"risco-piccolo-2-vags-rorelsedetektor-med-husdjursfunktion","status":"publish","type":"product","link":"https:\/\/secureus.se\/es\/risco-piccolo-2-vags-rorelsedetektor-med-husdjursfunktion\/","title":{"rendered":"Detector de movimiento bidireccional Risco Piccolo con funci\u00f3n para mascotas"},"content":{"rendered":"<h1>Detector de movimiento bidireccional Piccolo de Risco con funci\u00f3n para mascotas<\/h1>\n<div class=\"field field-name-field-product-description field-type-text-long field-label-hidden\">\n<div class=\"field-items\">\n<p data-start=\"518\" data-end=\"881\">El detector de movimiento bidireccional Risco Piccolo con funci\u00f3n para mascotas (modelo RWX96P86800A) es un detector de movimiento compacto y eficiente que ofrece seguridad confiable para espacios peque\u00f1os y grandes.<\/p>\n<p data-start=\"518\" data-end=\"881\">Con un alcance de hasta 8 metros y una funci\u00f3n que admite mascotas que le permite ignorar mascotas de hasta 36 kg, Piccolo es perfecto tanto para hogares como para peque\u00f1as oficinas.<\/p>\n<p data-start=\"883\" data-end=\"1216\">El detector est\u00e1 equipado con un sensor PIR de doble elemento que proporciona una alta capacidad de detecci\u00f3n y baja sensibilidad a falsas alarmas, lo que lo convierte en una soluci\u00f3n ideal para hogares con mascotas o donde es importante evitar falsas alarmas.<\/p>\n<p data-start=\"883\" data-end=\"1216\">Su dise\u00f1o innovador y elegante tambi\u00e9n lo convierte en una parte discreta y moderna de su interior.<\/p>\n<p data-start=\"1218\" data-end=\"1590\">Piccolo es f\u00e1cil de instalar y mantener gracias a su comunicaci\u00f3n inal\u00e1mbrica bidireccional y programaci\u00f3n remota. El detector es compatible con los sistemas inal\u00e1mbricos e h\u00edbridos de RISCO, incluidos Agility\u21224 (a partir de la versi\u00f3n 5.17), WiComm Pro y LightSYS+.<\/p>\n<p data-start=\"1218\" data-end=\"1590\">Tambi\u00e9n admite comunicaci\u00f3n unidireccional y bidireccional, lo que lo hace flexible y compatible con diferentes configuraciones del sistema.<\/p>\n<p data-start=\"1592\" data-end=\"1777\">Para simplificar el mantenimiento, Piccolo tiene un soporte magn\u00e9tico que facilita el cambio de la bater\u00eda, y el reemplazo de la bater\u00eda puede ser realizado por el usuario si el instalador ha habilitado esta funci\u00f3n.<\/p>\n<p data-start=\"1779\" data-end=\"1809\"><strong data-start=\"1779\" data-end=\"1807\">Caracter\u00edsticas principales:<\/strong><\/p>\n<ul data-start=\"1810\" data-end=\"2457\">\n<li data-start=\"1810\" data-end=\"1835\">\n<p data-start=\"1812\" data-end=\"1835\"><strong data-start=\"1812\" data-end=\"1825\">Alcance:<\/strong> 8 metros<\/p>\n<\/li>\n<li data-start=\"1836\" data-end=\"1892\">\n<p data-start=\"1838\" data-end=\"1892\"><strong data-start=\"1838\" data-end=\"1857\">Se admiten mascotas:<\/strong> Ignora mascotas de hasta 36 kg<\/p>\n<\/li>\n<li data-start=\"1893\" data-end=\"1967\">\n<p data-start=\"1895\" data-end=\"1967\"><strong data-start=\"1895\" data-end=\"1913\">Comunicaci\u00f3n:<\/strong> Admite comunicaci\u00f3n inal\u00e1mbrica unidireccional y bidireccional<\/p>\n<\/li>\n<li data-start=\"1968\" data-end=\"2030\">\n<p data-start=\"1970\" data-end=\"2030\"><strong data-start=\"1970\" data-end=\"1981\">Dise\u00f1o:<\/strong> Compacto y moderno, adecuado tanto para el hogar como para la oficina.<\/p>\n<\/li>\n<li data-start=\"2031\" data-end=\"2121\">\n<p data-start=\"2033\" data-end=\"2121\"><strong data-start=\"2033\" data-end=\"2051\">Rendimiento alto:<\/strong> Equipado con sensor PIR de doble elemento y procesamiento de se\u00f1al digital.<\/p>\n<\/li>\n<li data-start=\"2122\" data-end=\"2207\">\n<p data-start=\"2124\" data-end=\"2207\"><strong data-start=\"2124\" data-end=\"2151\">Compensaci\u00f3n de temperatura:<\/strong> Para una m\u00e1xima detecci\u00f3n y alta inmunidad a falsas alarmas<\/p>\n<\/li>\n<li data-start=\"2208\" data-end=\"2289\">\n<p data-start=\"2210\" data-end=\"2289\"><strong data-start=\"2210\" data-end=\"2247\">F\u00e1cil instalaci\u00f3n y mantenimiento:<\/strong> Soporte magn\u00e9tico para f\u00e1cil reemplazo de bater\u00eda<\/p>\n<\/li>\n<li data-start=\"2290\" data-end=\"2366\">\n<p data-start=\"2292\" data-end=\"2366\"><strong data-start=\"2292\" data-end=\"2311\">Compatibilidad:<\/strong> Agility\u21224 (a partir de la versi\u00f3n 5.17), WiComm Pro, LightSYS+<\/p>\n<\/li>\n<li data-start=\"2367\" data-end=\"2411\">\n<p data-start=\"2369\" data-end=\"2411\"><strong data-start=\"2369\" data-end=\"2381\">Bater\u00eda:<\/strong> 1 x CR123A, bater\u00eda de larga duraci\u00f3n<\/p>\n<\/li>\n<li data-start=\"2412\" data-end=\"2457\">\n<p data-start=\"2414\" data-end=\"2457\"><strong data-start=\"2414\" data-end=\"2444\">N\u00famero de pieza del proveedor:<\/strong> RWX96P86800A<\/p>\n<\/li>\n<\/ul>\n<p data-start=\"2459\" data-end=\"2490\"><strong data-start=\"2459\" data-end=\"2488\">Especificaciones t\u00e9cnicas:<\/strong><\/p>\n<ul data-start=\"2491\" data-end=\"2792\">\n<li data-start=\"2491\" data-end=\"2516\">\n<p data-start=\"2493\" data-end=\"2516\"><strong data-start=\"2493\" data-end=\"2506\">Frecuencia:<\/strong> 868 MHz<\/p>\n<\/li>\n<li data-start=\"2517\" data-end=\"2550\">\n<p data-start=\"2519\" data-end=\"2550\"><strong data-start=\"2519\" data-end=\"2540\">Rango de detecci\u00f3n:<\/strong> 8 metros<\/p>\n<\/li>\n<li data-start=\"2551\" data-end=\"2591\">\n<p data-start=\"2553\" data-end=\"2591\"><strong data-start=\"2553\" data-end=\"2572\">Altura de montaje:<\/strong> 2,2 m a 2,5 m<\/p>\n<\/li>\n<li data-start=\"2592\" data-end=\"2622\">\n<p data-start=\"2594\" data-end=\"2622\"><strong data-start=\"2594\" data-end=\"2609\">Tipo de bater\u00eda:<\/strong> 1 CR123A<\/p>\n<\/li>\n<li data-start=\"2623\" data-end=\"2661\">\n<p data-start=\"2625\" data-end=\"2661\"><strong data-start=\"2625\" data-end=\"2646\">Consumo de energ\u00eda:<\/strong> 12 mA en espera<\/p>\n<\/li>\n<li data-start=\"2662\" data-end=\"2707\">\n<p data-start=\"2664\" data-end=\"2707\"><strong data-start=\"2664\" data-end=\"2688\">Rango de temperatura:<\/strong> -10\u00b0C a +40\u00b0C<\/p>\n<\/li>\n<li data-start=\"2708\" data-end=\"2745\">\n<p data-start=\"2710\" data-end=\"2745\"><strong data-start=\"2710\" data-end=\"2726\">Dimensiones:<\/strong> 120 x 60 x 60 mm<\/p>\n<\/li>\n<li data-start=\"2746\" data-end=\"2765\">\n<p data-start=\"2748\" data-end=\"2765\"><strong data-start=\"2748\" data-end=\"2757\">Peso:<\/strong> 100 gramos<\/p>\n<\/li>\n<li data-start=\"2766\" data-end=\"2792\">\n<p data-start=\"2768\" data-end=\"2792\"><strong data-start=\"2768\" data-end=\"2785\">Clasificaci\u00f3n IP:<\/strong> IP44<\/p>\n<\/li>\n<\/ul>\n<p data-start=\"2794\" data-end=\"3067\">Este detector de movimiento Piccolo es la soluci\u00f3n perfecta para los usuarios que buscan un detector inal\u00e1mbrico seguro y confiable que tambi\u00e9n tenga en cuenta a las mascotas en el hogar.<\/p>\n<p data-start=\"2794\" data-end=\"3067\">Con sus caracter\u00edsticas avanzadas y f\u00e1cil instalaci\u00f3n, es un componente excelente en cualquier sistema de seguridad RISCO.<\/p>\n<p><a href=\"https:\/\/www.riscogroup.com\/products\/product\/52708\" target=\"_blank\" rel=\"noopener\">Puede leer m\u00e1s sobre WiCom Pro en el sitio web de Risco Group.\u00a0<\/a><\/p>\n<p><iframe title=\"Wicomm Smart Hub EE. UU.\" width=\"1170\" height=\"658\" src=\"https:\/\/www.youtube.com\/embed\/5PHoH2dRjEs?feature=oembed\" frameborder=\"0\" allow=\"accelerometer; autoplay; clipboard-write; encrypted-media; gyroscope; picture-in-picture; web-share\" referrerpolicy=\"strict-origin-when-cross-origin\" allowfullscreen><\/iframe><\/p>\n<\/div>\n<\/div>\n<div class=\"field field-name-field-product-description field-type-text-long field-label-hidden\">\n<div class=\"field-items\">\n<div class=\"field-item even\">\n<p>&nbsp;<\/p>\n<\/div>\n<\/div>\n<\/div>","protected":false},"excerpt":{"rendered":"<p>El detector de movimiento bidireccional Risco Piccolo con funci\u00f3n para mascotas es un sensor PIR peque\u00f1o y compacto con un alcance de 8 metros.<\/p>\n<p>Es ideal para usar en hogares y peque\u00f1as oficinas y es compatible con sistemas inal\u00e1mbricos unidireccionales y bidireccionales.<\/p>\n<p>La funci\u00f3n mascota permite su uso sin que le afecten mascotas de hasta 36 kg.<\/p>","protected":false},"featured_media":145327,"template":"","meta":{"_acf_changed":false},"product_brand":[],"product_cat":[3188,2731],"product_tag":[3152],"class_list":{"0":"post-57367","1":"product","2":"type-product","3":"status-publish","4":"has-post-thumbnail","6":"product_cat-larmenheter-risco-larm","7":"product_cat-risco-larm","8":"product_tag-cr123-tillbehor","9":"product_shipping_class-postnord-varubrev","10":"pa_brands-4risco","11":"pa_risco-produkter-agility-3","12":"pa_risco-produkter-agility-4","13":"pa_wicomm-pro-kategorier-rorelsedetektor","14":"tm-no-options","16":"first","17":"instock","18":"sale","19":"featured","20":"taxable","21":"shipping-taxable","22":"purchasable","23":"product-type-simple"},"acf":[],"_links":{"self":[{"href":"https:\/\/secureus.se\/es\/wp-json\/wp\/v2\/product\/57367","targetHints":{"allow":["GET"]}}],"collection":[{"href":"https:\/\/secureus.se\/es\/wp-json\/wp\/v2\/product"}],"about":[{"href":"https:\/\/secureus.se\/es\/wp-json\/wp\/v2\/types\/product"}],"wp:featuredmedia":[{"embeddable":true,"href":"https:\/\/secureus.se\/es\/wp-json\/wp\/v2\/media\/145327"}],"wp:attachment":[{"href":"https:\/\/secureus.se\/es\/wp-json\/wp\/v2\/media?parent=57367"}],"wp:term":[{"taxonomy":"product_brand","embeddable":true,"href":"https:\/\/secureus.se\/es\/wp-json\/wp\/v2\/product_brand?post=57367"},{"taxonomy":"product_cat","embeddable":true,"href":"https:\/\/secureus.se\/es\/wp-json\/wp\/v2\/product_cat?post=57367"},{"taxonomy":"product_tag","embeddable":true,"href":"https:\/\/secureus.se\/es\/wp-json\/wp\/v2\/product_tag?post=57367"}],"curies":[{"name":"wp","href":"https:\/\/api.w.org\/{rel}","templated":true}]}}