{"id":57368,"date":"2022-03-10T15:15:00","date_gmt":"2022-03-10T14:15:00","guid":{"rendered":"https:\/\/secureus.se\/produkt\/2-vags-tradlos-slim-magnetkontakt-agility4-wicomm-pro\/"},"modified":"2026-01-30T08:07:41","modified_gmt":"2026-01-30T07:07:41","slug":"risco-slim-magnetkontakt-2-vags","status":"publish","type":"product","link":"https:\/\/secureus.se\/es\/risco-slim-magnetkontakt-2-vags\/","title":{"rendered":"Interruptor magn\u00e9tico Risco Slim de 2 v\u00edas"},"content":{"rendered":"<h1>Interruptor magn\u00e9tico Risco Slim de 2 v\u00edas<\/h1>\n<p data-start=\"433\" data-end=\"783\">El contacto magn\u00e9tico delgado de dos v\u00edas de Risco (modelo RWX780868M3B) es un contacto inal\u00e1mbrico para puertas y ventanas que es perfecto para usar en entornos residenciales y comerciales.<\/p>\n<p data-start=\"433\" data-end=\"783\">Dise\u00f1ado para proporcionar protecci\u00f3n perimetral inal\u00e1mbrica, ofrece un rendimiento mejorado con alta sensibilidad, lo que lo hace ideal para monitorear ventanas y puertas en varios sistemas de seguridad.<\/p>\n<p data-start=\"785\" data-end=\"1182\">Este contacto magn\u00e9tico est\u00e1 equipado con comunicaci\u00f3n inal\u00e1mbrica bidireccional, lo que significa que no solo transmite informaci\u00f3n al sistema sino que tambi\u00e9n recibe confirmaciones, lo que mejora la seguridad y reduce el riesgo de interferencias de otros dispositivos inal\u00e1mbricos.<\/p>\n<p data-start=\"785\" data-end=\"1182\">Con esta funci\u00f3n, el usuario recibe confirmaci\u00f3n mediante LEDs cuando el sistema ha recibido un comando, lo que proporciona mayor seguridad y protecci\u00f3n.<\/p>\n<p data-start=\"1184\" data-end=\"1513\">El interruptor magn\u00e9tico delgado de dos v\u00edas de Risco es f\u00e1cil de instalar y se puede fijar r\u00e1pidamente a la pared mediante un soporte de montaje simple.<\/p>\n<p data-start=\"1184\" data-end=\"1513\">Tambi\u00e9n est\u00e1 dise\u00f1ado para ser f\u00e1cil de mantener con un simple reemplazo de bater\u00eda, lo que lo convierte en una opci\u00f3n f\u00e1cil de usar tanto para nuevas instalaciones como para actualizaciones de sistemas existentes.<\/p>\n<p data-start=\"1515\" data-end=\"1876\">El contacto magn\u00e9tico utiliza una bater\u00eda de litio est\u00e1ndar de 3 V y funciona a la perfecci\u00f3n con los sistemas inal\u00e1mbricos bidireccionales de RISCO, incluidos Agility\u2122, LightSYS y WiComm PRO.<\/p>\n<p data-start=\"1515\" data-end=\"1876\">Para mayor flexibilidad, tambi\u00e9n se puede utilizar para conectarse a otros sensores cableados o contactos magn\u00e9ticos a trav\u00e9s de una entrada de zonificaci\u00f3n adicional, lo que lo hace perfecto para soluciones de seguridad personalizadas.<\/p>\n<p data-start=\"1878\" data-end=\"1908\"><strong data-start=\"1878\" data-end=\"1906\">Caracter\u00edsticas principales:<\/strong><\/p>\n<ul data-start=\"1909\" data-end=\"2531\">\n<li data-start=\"1909\" data-end=\"1993\">\n<p data-start=\"1911\" data-end=\"1993\"><strong data-start=\"1911\" data-end=\"1944\">Comunicaci\u00f3n inal\u00e1mbrica bidireccional:<\/strong> Para mayor seguridad y menos interferencias inal\u00e1mbricas<\/p>\n<\/li>\n<li data-start=\"1994\" data-end=\"2064\">\n<p data-start=\"1996\" data-end=\"2064\"><strong data-start=\"1996\" data-end=\"2015\">Compatibilidad:<\/strong> Funciona con Agility\u2122, LightSYS y WiComm PRO<\/p>\n<\/li>\n<li data-start=\"2065\" data-end=\"2170\">\n<p data-start=\"2067\" data-end=\"2170\"><strong data-start=\"2067\" data-end=\"2090\">F\u00e1cil instalaci\u00f3n:<\/strong> Montado con un sencillo montaje en pared y f\u00e1cil programaci\u00f3n mediante configuraci\u00f3n remota<\/p>\n<\/li>\n<li data-start=\"2171\" data-end=\"2252\">\n<p data-start=\"2173\" data-end=\"2252\"><strong data-start=\"2173\" data-end=\"2199\">Sensibilidad mejorada:<\/strong> Aumenta la capacidad de detecci\u00f3n de puertas y ventanas.<\/p>\n<\/li>\n<li data-start=\"2253\" data-end=\"2307\">\n<p data-start=\"2255\" data-end=\"2307\"><strong data-start=\"2255\" data-end=\"2267\">Bater\u00eda:<\/strong> 1 bater\u00eda de litio de 3 V, f\u00e1cil de reemplazar<\/p>\n<\/li>\n<li data-start=\"2308\" data-end=\"2325\">\n<p data-start=\"2310\" data-end=\"2325\"><strong data-start=\"2310\" data-end=\"2319\">Pintar:<\/strong> Blanco<\/p>\n<\/li>\n<li data-start=\"2326\" data-end=\"2410\">\n<p data-start=\"2328\" data-end=\"2410\"><strong data-start=\"2328\" data-end=\"2342\">Entrada de zonificaci\u00f3n:<\/strong> Se puede conectar a otros sensores cableados para una mayor flexibilidad.<\/p>\n<\/li>\n<li data-start=\"2411\" data-end=\"2484\">\n<p data-start=\"2413\" data-end=\"2484\"><strong data-start=\"2413\" data-end=\"2425\">Tama\u00f1o:<\/strong> Dise\u00f1o compacto para una f\u00e1cil instalaci\u00f3n en espacios reducidos.<\/p>\n<\/li>\n<li data-start=\"2485\" data-end=\"2531\">\n<p data-start=\"2487\" data-end=\"2531\"><strong data-start=\"2487\" data-end=\"2516\">N\u00famero de art\u00edculo del proveedor:<\/strong> RWX780868M3B<\/p>\n<\/li>\n<\/ul>\n<p data-start=\"2533\" data-end=\"2564\"><strong data-start=\"2533\" data-end=\"2562\">Especificaciones t\u00e9cnicas:<\/strong><\/p>\n<ul data-start=\"2565\" data-end=\"2824\">\n<li data-start=\"2565\" data-end=\"2590\">\n<p data-start=\"2567\" data-end=\"2590\"><strong data-start=\"2567\" data-end=\"2580\">Frecuencia:<\/strong> 868 MHz<\/p>\n<\/li>\n<li data-start=\"2591\" data-end=\"2633\">\n<p data-start=\"2593\" data-end=\"2633\"><strong data-start=\"2593\" data-end=\"2614\">Fuente de alimentaci\u00f3n:<\/strong> bater\u00eda de litio de 3 V<\/p>\n<\/li>\n<li data-start=\"2634\" data-end=\"2680\">\n<p data-start=\"2636\" data-end=\"2680\"><strong data-start=\"2636\" data-end=\"2650\">Entrada de zonificaci\u00f3n:<\/strong> S\u00ed, para sensores cableados<\/p>\n<\/li>\n<li data-start=\"2681\" data-end=\"2726\">\n<p data-start=\"2683\" data-end=\"2726\"><strong data-start=\"2683\" data-end=\"2707\">Rango de temperatura:<\/strong> -10\u00b0C a +40\u00b0C<\/p>\n<\/li>\n<li data-start=\"2727\" data-end=\"2771\">\n<p data-start=\"2729\" data-end=\"2771\"><strong data-start=\"2729\" data-end=\"2745\">Dimensiones:<\/strong> Dise\u00f1o compacto y delgado<\/p>\n<\/li>\n<li data-start=\"2772\" data-end=\"2824\">\n<p data-start=\"2774\" data-end=\"2824\"><strong data-start=\"2774\" data-end=\"2783\">Peso:<\/strong> Ligero y flexible para una f\u00e1cil instalaci\u00f3n.<\/p>\n<\/li>\n<\/ul>\n<p data-start=\"2826\" data-end=\"3093\">El contacto magn\u00e9tico delgado de 2 v\u00edas de Risco es la soluci\u00f3n perfecta para los usuarios que buscan una soluci\u00f3n de seguridad inal\u00e1mbrica de alto rendimiento para la protecci\u00f3n de puertas y ventanas.<\/p>\n<p data-start=\"2826\" data-end=\"3093\">Este dispositivo ofrece alta seguridad y f\u00e1cil instalaci\u00f3n y funciona perfectamente con los sistemas avanzados de RISCO.<\/p>\n<div class=\"field field-name-field-product-description field-type-text-long field-label-hidden\">\n<div class=\"field-items\">\n<p><a href=\"https:\/\/www.riscogroup.com\/products\/product\/52708\" target=\"_blank\" rel=\"noopener\">Puede leer m\u00e1s sobre WiCom Pro en el sitio web de Risco Group.\u00a0<\/a><\/p>\n<p><iframe title=\"Wicomm Smart Hub EE. UU.\" width=\"1170\" height=\"658\" src=\"https:\/\/www.youtube.com\/embed\/5PHoH2dRjEs?feature=oembed\" frameborder=\"0\" allow=\"accelerometer; autoplay; clipboard-write; encrypted-media; gyroscope; picture-in-picture; web-share\" referrerpolicy=\"strict-origin-when-cross-origin\" allowfullscreen><\/iframe><\/p>\n<\/div>\n<\/div>","protected":false},"excerpt":{"rendered":"<p>El contacto magn\u00e9tico inal\u00e1mbrico bidireccional Slim de Risco es un contacto delgado para puerta\/ventana con una frecuencia de 868 MHz, dise\u00f1ado para brindar alta seguridad en aplicaciones residenciales y comerciales.<\/p>\n<p>Es compatible con Agility, LightSYS y WiComm PRO, y ofrece f\u00e1cil instalaci\u00f3n y reemplazo de bater\u00eda.<\/p>","protected":false},"featured_media":145453,"template":"","meta":{"_acf_changed":false},"product_brand":[],"product_cat":[2731,3188],"product_tag":[],"class_list":{"0":"post-57368","1":"product","2":"type-product","3":"status-publish","4":"has-post-thumbnail","6":"product_cat-risco-larm","7":"product_cat-larmenheter-risco-larm","8":"product_shipping_class-postnord-varubrev","9":"pa_brands-4risco","10":"pa_risco-produkter-agility-4","11":"pa_wicomm-pro-kategorier-magnetkontakter","12":"tm-no-options","14":"first","15":"instock","16":"sale","17":"featured","18":"taxable","19":"shipping-taxable","20":"purchasable","21":"product-type-simple"},"acf":[],"_links":{"self":[{"href":"https:\/\/secureus.se\/es\/wp-json\/wp\/v2\/product\/57368","targetHints":{"allow":["GET"]}}],"collection":[{"href":"https:\/\/secureus.se\/es\/wp-json\/wp\/v2\/product"}],"about":[{"href":"https:\/\/secureus.se\/es\/wp-json\/wp\/v2\/types\/product"}],"wp:featuredmedia":[{"embeddable":true,"href":"https:\/\/secureus.se\/es\/wp-json\/wp\/v2\/media\/145453"}],"wp:attachment":[{"href":"https:\/\/secureus.se\/es\/wp-json\/wp\/v2\/media?parent=57368"}],"wp:term":[{"taxonomy":"product_brand","embeddable":true,"href":"https:\/\/secureus.se\/es\/wp-json\/wp\/v2\/product_brand?post=57368"},{"taxonomy":"product_cat","embeddable":true,"href":"https:\/\/secureus.se\/es\/wp-json\/wp\/v2\/product_cat?post=57368"},{"taxonomy":"product_tag","embeddable":true,"href":"https:\/\/secureus.se\/es\/wp-json\/wp\/v2\/product_tag?post=57368"}],"curies":[{"name":"wp","href":"https:\/\/api.w.org\/{rel}","templated":true}]}}