{"id":57369,"date":"2022-03-10T15:15:00","date_gmt":"2022-03-10T14:15:00","guid":{"rendered":"https:\/\/secureus.se\/produkt\/riscontrol-ips-8-touchscreen-keypad\/"},"modified":"2025-12-31T19:43:47","modified_gmt":"2025-12-31T18:43:47","slug":"touchscreen-keypad-wicomm-pro-risco","status":"publish","type":"product","link":"https:\/\/secureus.se\/es\/touchscreen-keypad-wicomm-pro-risco\/","title":{"rendered":"Teclado t\u00e1ctil IPS RisControl de Risco \u2013 ProsysPlus, LightSYS+"},"content":{"rendered":"<h1>Teclado t\u00e1ctil Risco ProsysPlus, LightSYS+<\/h1>\n<p data-start=\"436\" data-end=\"778\">El teclado t\u00e1ctil Risco (RisControl) es la \u00faltima innovaci\u00f3n de RISCO Group, dise\u00f1ado para ofrecer una experiencia de usuario moderna e intuitiva para el control de seguridad.<\/p>\n<p data-start=\"436\" data-end=\"778\">Este teclado de pantalla t\u00e1ctil de 8 pulgadas de alta resoluci\u00f3n proporciona a los usuarios un m\u00e9todo simple y r\u00e1pido para controlar su alarma y soluciones basadas en la nube desde un solo dispositivo.<\/p>\n<p data-start=\"780\" data-end=\"1087\">Con una pantalla adaptable y una interfaz f\u00e1cil de usar, RisControl facilita la interacci\u00f3n con el sistema.<\/p>\n<p data-start=\"780\" data-end=\"1087\">Ya sea para armar o desarmar el sistema de seguridad, recibir mensajes o monitorear el estado del sistema, el teclado est\u00e1 dise\u00f1ado para que la experiencia del usuario sea fluida y eficiente.<\/p>\n<p data-start=\"1089\" data-end=\"1447\">RisControl no s\u00f3lo es f\u00e1cil de usar, sino tambi\u00e9n vers\u00e1til. Es perfecto tanto para aplicaciones residenciales como comerciales, y su elegante dise\u00f1o lo convierte en una soluci\u00f3n ideal para cualquier espacio.<\/p>\n<p data-start=\"1089\" data-end=\"1447\">El teclado se instala f\u00e1cilmente con un soporte de montaje y un conector desmontable para facilitar el cableado, lo que hace que la instalaci\u00f3n sea r\u00e1pida y sin complicaciones.<\/p>\n<p data-start=\"1449\" data-end=\"1835\">RisControl se comunica v\u00eda RS-485 con el panel de control y dispone de conectividad WiFi para conectarse a RISCO Cloud, permitiendo al usuario gestionar y monitorizar su sistema de forma remota a trav\u00e9s de la nube.<\/p>\n<p data-start=\"1449\" data-end=\"1835\">Es compatible con LightSYS 2 de RISCO (versi\u00f3n 6.05 y superior) y ProSYS Plus\/GT Plus (versi\u00f3n 1.4 y superior), lo que lo convierte en una soluci\u00f3n flexible para diferentes necesidades de seguridad.<\/p>\n<p data-start=\"1837\" data-end=\"1867\"><strong data-start=\"1837\" data-end=\"1865\">Caracter\u00edsticas principales:<\/strong><\/p>\n<ul data-start=\"1868\" data-end=\"2515\">\n<li data-start=\"1868\" data-end=\"1959\">\n<p data-start=\"1870\" data-end=\"1959\"><strong data-start=\"1870\" data-end=\"1901\">Pantalla t\u00e1ctil de 8 pulgadas de alta resoluci\u00f3n:<\/strong> Proporciona una interfaz clara y concisa para el control del sistema.<\/p>\n<\/li>\n<li data-start=\"1960\" data-end=\"2060\">\n<p data-start=\"1962\" data-end=\"2060\"><strong data-start=\"1962\" data-end=\"1988\">Dise\u00f1o f\u00e1cil de usar:<\/strong> Interfaz intuitiva y f\u00e1cil de usar para un r\u00e1pido aprendizaje y uso.<\/p>\n<\/li>\n<li data-start=\"2061\" data-end=\"2159\">\n<p data-start=\"2063\" data-end=\"2159\"><strong data-start=\"2063\" data-end=\"2083\">Conexi\u00f3n WiFi:<\/strong> Permite la comunicaci\u00f3n con RISCO Cloud para control y monitoreo remotos<\/p>\n<\/li>\n<li data-start=\"2160\" data-end=\"2257\">\n<p data-start=\"2162\" data-end=\"2257\"><strong data-start=\"2162\" data-end=\"2185\">F\u00e1cil instalaci\u00f3n:<\/strong> Soporte de montaje y conector desmontable para una instalaci\u00f3n r\u00e1pida y sencilla.<\/p>\n<\/li>\n<li data-start=\"2258\" data-end=\"2370\">\n<p data-start=\"2260\" data-end=\"2370\"><strong data-start=\"2260\" data-end=\"2279\">Compatibilidad:<\/strong> Compatible con LightSYS 2 (a partir de la versi\u00f3n 6.05) y ProSYS Plus\/GT Plus (a partir de la versi\u00f3n 1.4)<\/p>\n<\/li>\n<li data-start=\"2371\" data-end=\"2436\">\n<p data-start=\"2373\" data-end=\"2436\"><strong data-start=\"2373\" data-end=\"2391\">Comunicaci\u00f3n:<\/strong> Se comunica v\u00eda RS-485 con el panel de control.<\/p>\n<\/li>\n<li data-start=\"2437\" data-end=\"2515\">\n<p data-start=\"2439\" data-end=\"2515\"><strong data-start=\"2439\" data-end=\"2456\">Flexibilidad:<\/strong> \u00datil tanto para aplicaciones residenciales como comerciales.<\/p>\n<\/li>\n<\/ul>\n<p data-start=\"2517\" data-end=\"2548\"><strong data-start=\"2517\" data-end=\"2546\">Especificaciones t\u00e9cnicas:<\/strong><\/p>\n<ul data-start=\"2549\" data-end=\"2913\">\n<li data-start=\"2549\" data-end=\"2590\">\n<p data-start=\"2551\" data-end=\"2590\"><strong data-start=\"2551\" data-end=\"2561\">Pantalla:<\/strong> Pantalla t\u00e1ctil de alta resoluci\u00f3n de 8 pulgadas<\/p>\n<\/li>\n<li data-start=\"2591\" data-end=\"2642\">\n<p data-start=\"2593\" data-end=\"2642\"><strong data-start=\"2593\" data-end=\"2611\">Comunicaci\u00f3n:<\/strong> WiFi y RS-485 (bus del sistema)<\/p>\n<\/li>\n<li data-start=\"2643\" data-end=\"2737\">\n<p data-start=\"2645\" data-end=\"2737\"><strong data-start=\"2645\" data-end=\"2664\">Compatibilidad:<\/strong> LightSYS 2 (a partir de la versi\u00f3n 6.05), ProSYS Plus\/GT Plus (a partir de la versi\u00f3n 1.4)<\/p>\n<\/li>\n<li data-start=\"2738\" data-end=\"2821\">\n<p data-start=\"2740\" data-end=\"2821\"><strong data-start=\"2740\" data-end=\"2757\">Instalaci\u00f3n:<\/strong> Soporte de montaje y conector desmontable para facilitar el cableado.<\/p>\n<\/li>\n<li data-start=\"2822\" data-end=\"2913\">\n<p data-start=\"2824\" data-end=\"2913\"><strong data-start=\"2824\" data-end=\"2839\">Caracter\u00edsticas:<\/strong> Control remoto a trav\u00e9s de RISCO Cloud, notificaciones de mensajes y control del sistema<\/p>\n<\/li>\n<\/ul>\n<p data-start=\"2915\" data-end=\"3209\">El teclado t\u00e1ctil Risco WiComm Pro (RisControl) ofrece una soluci\u00f3n potente y f\u00e1cil de usar para cualquiera que busque una forma moderna y eficiente de controlar sus sistemas de seguridad.<\/p>\n<p data-start=\"2915\" data-end=\"3209\">Con caracter\u00edsticas avanzadas y f\u00e1cil instalaci\u00f3n, es una elecci\u00f3n perfecta para todo tipo de instalaciones de seguridad.<\/p>\n<p dir=\"ltr\" data-placeholder=\"\u00d6vers\u00e4ttning\" data-ved=\"2ahUKEwiA7fbX8b6DAxWmTaQEHfTSAXMQ3ewLegQIBRAQ\"><a href=\"https:\/\/www.riscogroup.com\/products\/product\/56111\" target=\"_blank\" rel=\"noopener\">\u00a1Aqu\u00ed puedes ver un v\u00eddeo y leer m\u00e1s sobre c\u00f3mo agregar f\u00e1cilmente el panel t\u00e1ctil!<\/a><\/p>\n<h4>\u00a1Aprenda m\u00e1s sobre WiComm Pro y estas posibilidades!<\/h4>\n<p><a href=\"https:\/\/www.riscogroup.com\/products\/product\/52708\" target=\"_blank\" rel=\"noopener\">Puede leer m\u00e1s sobre WiCom Pro en el sitio web de Risco Group.\u00a0<\/a><\/p>\n<p><iframe title=\"Wicomm Smart Hub EE. UU.\" width=\"1170\" height=\"658\" src=\"https:\/\/www.youtube.com\/embed\/5PHoH2dRjEs?feature=oembed\" frameborder=\"0\" allow=\"accelerometer; autoplay; clipboard-write; encrypted-media; gyroscope; picture-in-picture; web-share\" referrerpolicy=\"strict-origin-when-cross-origin\" allowfullscreen><\/iframe><\/p>\n<p>&nbsp;<\/p>","protected":false},"excerpt":{"rendered":"<p data-start=\"114\" data-end=\"402\">El teclado t\u00e1ctil Risco (RisControl) es un teclado t\u00e1ctil de 8 pulgadas de alta resoluci\u00f3n que ofrece una interfaz intuitiva y f\u00e1cil de usar.<\/p>\n<p data-start=\"114\" data-end=\"402\">Con conectividad WiFi a RISCO Cloud y f\u00e1cil instalaci\u00f3n, brinda a los usuarios control total sobre sus soluciones de alarma y basadas en la nube.<\/p>\n<p class=\"tw-data-text tw-text-large tw-ta\" dir=\"ltr\" data-placeholder=\"\u00d6vers\u00e4ttning\" data-ved=\"2ahUKEwiA7fbX8b6DAxWmTaQEHfTSAXMQ3ewLegQIBRAQ\">","protected":false},"featured_media":145662,"template":"","meta":{"_acf_changed":false},"product_brand":[],"product_cat":[3193],"product_tag":[],"class_list":{"0":"post-57369","1":"product","2":"type-product","3":"status-publish","4":"has-post-thumbnail","6":"product_cat-smarta-hem-risco-larm","7":"product_shipping_class-postnord-varubrev","8":"pa_brands-4risco","9":"pa_wicomm-pro-kategorier-manoverpaneler-knappar","10":"tm-no-options","12":"first","13":"instock","14":"sale","15":"featured","16":"taxable","17":"shipping-taxable","18":"purchasable","19":"product-type-simple"},"acf":[],"_links":{"self":[{"href":"https:\/\/secureus.se\/es\/wp-json\/wp\/v2\/product\/57369","targetHints":{"allow":["GET"]}}],"collection":[{"href":"https:\/\/secureus.se\/es\/wp-json\/wp\/v2\/product"}],"about":[{"href":"https:\/\/secureus.se\/es\/wp-json\/wp\/v2\/types\/product"}],"wp:featuredmedia":[{"embeddable":true,"href":"https:\/\/secureus.se\/es\/wp-json\/wp\/v2\/media\/145662"}],"wp:attachment":[{"href":"https:\/\/secureus.se\/es\/wp-json\/wp\/v2\/media?parent=57369"}],"wp:term":[{"taxonomy":"product_brand","embeddable":true,"href":"https:\/\/secureus.se\/es\/wp-json\/wp\/v2\/product_brand?post=57369"},{"taxonomy":"product_cat","embeddable":true,"href":"https:\/\/secureus.se\/es\/wp-json\/wp\/v2\/product_cat?post=57369"},{"taxonomy":"product_tag","embeddable":true,"href":"https:\/\/secureus.se\/es\/wp-json\/wp\/v2\/product_tag?post=57369"}],"curies":[{"name":"wp","href":"https:\/\/api.w.org\/{rel}","templated":true}]}}