{"id":57370,"date":"2022-03-10T15:15:00","date_gmt":"2022-03-10T14:15:00","guid":{"rendered":"https:\/\/secureus.se\/produkt\/2-way-wireless-repeater-868-869mhz\/"},"modified":"2025-12-31T19:39:09","modified_gmt":"2025-12-31T18:39:09","slug":"risco-2-vags-signalforstarkare","status":"publish","type":"product","link":"https:\/\/secureus.se\/es\/risco-2-vags-signalforstarkare\/","title":{"rendered":"Amplificador de se\u00f1al bidireccional Risco \u2013 LightSYS, WiComm Pro, Agility"},"content":{"rendered":"<div>\n<h1 class=\"tw-data-text tw-text-large tw-ta\" dir=\"ltr\" data-placeholder=\"\u00d6vers\u00e4ttning\" data-ved=\"2ahUKEwiA7fbX8b6DAxWmTaQEHfTSAXMQ3ewLegQIBRAQ\"><span class=\"Y2IQFc\" lang=\"sv\">Amplificador de se\u00f1al bidireccional Risco<\/span><\/h1>\n<p data-start=\"536\" data-end=\"922\">El repetidor amplificador de se\u00f1al bidireccional Risco WiComm Pro es una soluci\u00f3n potente para amplificar la se\u00f1al en su sistema de seguridad inal\u00e1mbrico y garantizar que todos los dispositivos funcionen de manera efectiva a mayores distancias.<\/p>\n<p data-start=\"536\" data-end=\"922\">Este repetidor, que opera a 868 MHz, est\u00e1 dise\u00f1ado para ser utilizado con dispositivos compatibles bidireccionales y es perfecto para mejorar la cobertura en instalaciones peque\u00f1as y grandes.<\/p>\n<p data-start=\"924\" data-end=\"1404\">Con un alcance de hasta 300 metros en campo abierto, el repetidor WiComm Pro puede admitir hasta 32 detectores bidireccionales, incluidos 8 fotodetectores, 3 sirenas, 3 teclados y hasta 16 controles remotos bidireccionales (m\u00e1ximo 8 controles remotos compatibles con Agility y WiComm Pro).<\/p>\n<p data-start=\"924\" data-end=\"1404\">El n\u00famero m\u00e1ximo de repetidores que se pueden conectar por panel de control es 4, lo que permite ampliar el alcance de su sistema de seguridad y garantizar una comunicaci\u00f3n estable y confiable entre todos los dispositivos.<\/p>\n<p data-start=\"1406\" data-end=\"1789\">El repetidor es ideal tanto para instalaciones residenciales como comerciales donde es necesario amplificar la se\u00f1al para alcanzar distancias m\u00e1s largas o atravesar obst\u00e1culos que puedan bloquear las se\u00f1ales inal\u00e1mbricas.<\/p>\n<p data-start=\"1406\" data-end=\"1789\">Adem\u00e1s, se pueden usar controles remotos en todos los repetidores y todos los dispositivos se muestran en vivo en el panel de control, lo que facilita la supervisi\u00f3n y el control del sistema desde cualquier ubicaci\u00f3n.<\/p>\n<p data-start=\"1791\" data-end=\"1995\">Para instalar y utilizar Repeater WiComm Pro se requiere la versi\u00f3n de firmware 5.62 y un teclado inal\u00e1mbrico Panda versi\u00f3n D (RW332KPP800), lo que garantiza que el repetidor funcione de manera \u00f3ptima dentro de su sistema.<\/p>\n<p data-start=\"1997\" data-end=\"2027\"><strong data-start=\"1997\" data-end=\"2025\">Caracter\u00edsticas principales:<\/strong><\/p>\n<ul data-start=\"2028\" data-end=\"2713\">\n<li data-start=\"2028\" data-end=\"2077\">\n<p data-start=\"2030\" data-end=\"2077\"><strong data-start=\"2030\" data-end=\"2043\">Alcance:<\/strong> Hasta 300 metros en campo abierto<\/p>\n<\/li>\n<li data-start=\"2078\" data-end=\"2151\">\n<p data-start=\"2080\" data-end=\"2151\"><strong data-start=\"2080\" data-end=\"2099\">Compatibilidad:<\/strong> \u00daselo con Agility y WiComm Pro V5.62 y superior<\/p>\n<\/li>\n<li data-start=\"2152\" data-end=\"2272\">\n<p data-start=\"2154\" data-end=\"2272\"><strong data-start=\"2154\" data-end=\"2176\">N\u00famero m\u00e1ximo de unidades:<\/strong> Admite hasta 32 detectores bidireccionales, 3 sirenas, 3 teclados y 16 controles remotos bidireccionales<\/p>\n<\/li>\n<li data-start=\"2273\" data-end=\"2335\">\n<p data-start=\"2275\" data-end=\"2335\"><strong data-start=\"2275\" data-end=\"2301\">N\u00famero m\u00e1ximo de repetidores:<\/strong> 4 repetidores por panel de control<\/p>\n<\/li>\n<li data-start=\"2336\" data-end=\"2439\">\n<p data-start=\"2338\" data-end=\"2439\"><strong data-start=\"2338\" data-end=\"2358\">Controles remotos:<\/strong> Los controles remotos funcionan en todos los repetidores y se muestran en vivo en el panel de control<\/p>\n<\/li>\n<li data-start=\"2440\" data-end=\"2506\">\n<p data-start=\"2442\" data-end=\"2506\"><strong data-start=\"2442\" data-end=\"2463\">Fuente de alimentaci\u00f3n:<\/strong> Viene con bater\u00eda de repuesto recargable.<\/p>\n<\/li>\n<li data-start=\"2507\" data-end=\"2606\">\n<p data-start=\"2509\" data-end=\"2606\"><strong data-start=\"2509\" data-end=\"2531\">Requisitos de instalaci\u00f3n:<\/strong> Versi\u00f3n de firmware 5.62 y teclado inal\u00e1mbrico Panda versi\u00f3n D (RW332KPP800)<\/p>\n<\/li>\n<li data-start=\"2607\" data-end=\"2713\">\n<p data-start=\"2609\" data-end=\"2713\"><strong data-start=\"2609\" data-end=\"2637\">Intensidad de se\u00f1al mejorada:<\/strong> Mejora el alcance y la estabilidad de los dispositivos inal\u00e1mbricos dentro del sistema.<\/p>\n<\/li>\n<\/ul>\n<p data-start=\"2715\" data-end=\"2746\"><strong data-start=\"2715\" data-end=\"2744\">Especificaciones t\u00e9cnicas:<\/strong><\/p>\n<ul data-start=\"2747\" data-end=\"3179\">\n<li data-start=\"2747\" data-end=\"2776\">\n<p data-start=\"2749\" data-end=\"2776\"><strong data-start=\"2749\" data-end=\"2762\">Frecuencia:<\/strong> 868\/869 MHz<\/p>\n<\/li>\n<li data-start=\"2777\" data-end=\"2817\">\n<p data-start=\"2779\" data-end=\"2817\"><strong data-start=\"2779\" data-end=\"2792\">Alcance:<\/strong> 300 metros en campo abierto<\/p>\n<\/li>\n<li data-start=\"2818\" data-end=\"2889\">\n<p data-start=\"2820\" data-end=\"2889\"><strong data-start=\"2820\" data-end=\"2839\">Compatibilidad:<\/strong> Agility y WiComm Pro (versi\u00f3n 5.62 y superior)<\/p>\n<\/li>\n<li data-start=\"2890\" data-end=\"2989\">\n<p data-start=\"2892\" data-end=\"2989\"><strong data-start=\"2892\" data-end=\"2927\">N\u00famero m\u00e1ximo de unidades por repetidor:<\/strong> 32 detectores, 3 sirenas, 3 teclados, 16 controles remotos<\/p>\n<\/li>\n<li data-start=\"2990\" data-end=\"3040\">\n<p data-start=\"2992\" data-end=\"3040\"><strong data-start=\"2992\" data-end=\"3032\">N\u00famero de repetidores por panel de control:<\/strong> M\u00e1ximo 4<\/p>\n<\/li>\n<li data-start=\"3041\" data-end=\"3094\">\n<p data-start=\"3043\" data-end=\"3094\"><strong data-start=\"3043\" data-end=\"3055\">Bater\u00eda:<\/strong> Incluye bater\u00eda de repuesto recargable.<\/p>\n<\/li>\n<li data-start=\"3095\" data-end=\"3179\">\n<p data-start=\"3097\" data-end=\"3179\"><strong data-start=\"3097\" data-end=\"3119\">Requisitos de instalaci\u00f3n:<\/strong> Versi\u00f3n de firmware 5.62 y teclado inal\u00e1mbrico Panda versi\u00f3n D<\/p>\n<\/li>\n<\/ul>\n<p data-start=\"3181\" data-end=\"3435\">El repetidor amplificador de se\u00f1al bidireccional Risco WiComm Pro es una excelente opci\u00f3n para garantizar que su sistema de seguridad inal\u00e1mbrico funcione a su m\u00e1xima capacidad, especialmente cuando necesita aumentar el alcance o amplificar la se\u00f1al para cubrir un \u00e1rea m\u00e1s grande.<\/p>\n<p><a href=\"https:\/\/www.riscogroup.com\/products\/product\/52708\" target=\"_blank\" rel=\"noopener\">Puede leer m\u00e1s sobre WiCom Pro en el sitio web de Risco Group.\u00a0<\/a><\/p>\n<p><iframe title=\"Wicomm Smart Hub EE. UU.\" width=\"1170\" height=\"658\" src=\"https:\/\/www.youtube.com\/embed\/5PHoH2dRjEs?feature=oembed\" frameborder=\"0\" allow=\"accelerometer; autoplay; clipboard-write; encrypted-media; gyroscope; picture-in-picture; web-share\" referrerpolicy=\"strict-origin-when-cross-origin\" allowfullscreen><\/iframe><\/p>\n<p>&nbsp;<\/p>\n<\/div>","protected":false},"excerpt":{"rendered":"<p>El repetidor amplificador de se\u00f1al bidireccional Risco WiComm Pro es un repetidor inal\u00e1mbrico que admite hasta 32 detectores bidireccionales, 3 sirenas, 3 teclados y 16 controles remotos bidireccionales.<\/p>\n<p>Con un alcance de 300 metros en campo abierto, este repetidor mejora la intensidad de la se\u00f1al de los sistemas WiComm Pro y Agility y facilita a\u00fan m\u00e1s la instalaci\u00f3n de componentes de seguridad inal\u00e1mbricos.<\/p>","protected":false},"featured_media":145664,"template":"","meta":{"_acf_changed":false},"product_brand":[],"product_cat":[2731,3188,4671],"product_tag":[2426],"class_list":{"0":"post-57370","1":"product","2":"type-product","3":"status-publish","4":"has-post-thumbnail","6":"product_cat-risco-larm","7":"product_cat-larmenheter-risco-larm","8":"product_cat-signalforstarkare","9":"product_tag-rel-risco","10":"product_shipping_class-postnord-varubrev","11":"pa_brands-4risco","12":"pa_wicomm-pro-kategorier-repeater","13":"tm-no-options","15":"first","16":"instock","17":"sale","18":"featured","19":"taxable","20":"shipping-taxable","21":"purchasable","22":"product-type-simple"},"acf":[],"_links":{"self":[{"href":"https:\/\/secureus.se\/es\/wp-json\/wp\/v2\/product\/57370","targetHints":{"allow":["GET"]}}],"collection":[{"href":"https:\/\/secureus.se\/es\/wp-json\/wp\/v2\/product"}],"about":[{"href":"https:\/\/secureus.se\/es\/wp-json\/wp\/v2\/types\/product"}],"wp:featuredmedia":[{"embeddable":true,"href":"https:\/\/secureus.se\/es\/wp-json\/wp\/v2\/media\/145664"}],"wp:attachment":[{"href":"https:\/\/secureus.se\/es\/wp-json\/wp\/v2\/media?parent=57370"}],"wp:term":[{"taxonomy":"product_brand","embeddable":true,"href":"https:\/\/secureus.se\/es\/wp-json\/wp\/v2\/product_brand?post=57370"},{"taxonomy":"product_cat","embeddable":true,"href":"https:\/\/secureus.se\/es\/wp-json\/wp\/v2\/product_cat?post=57370"},{"taxonomy":"product_tag","embeddable":true,"href":"https:\/\/secureus.se\/es\/wp-json\/wp\/v2\/product_tag?post=57370"}],"curies":[{"name":"wp","href":"https:\/\/api.w.org\/{rel}","templated":true}]}}