{"id":57372,"date":"2022-03-10T15:15:00","date_gmt":"2022-03-10T14:15:00","guid":{"rendered":"https:\/\/secureus.se\/produkt\/wicomm-pro-kontrollpanel-32-tradlosa-och-4-tranbundna-sektioner\/"},"modified":"2026-01-05T13:27:38","modified_gmt":"2026-01-05T12:27:38","slug":"risco-centralenhet-wicomm-pro-32-tradlosa-sektioner-3-larmomraden","status":"publish","type":"product","link":"https:\/\/secureus.se\/es\/risco-centralenhet-wicomm-pro-32-tradlosa-sektioner-3-larmomraden\/","title":{"rendered":"Unidad central Risco WiComm Pro \u2013 32 zonas inal\u00e1mbricas 3 \u00e1reas de alarma"},"content":{"rendered":"<h1>Unidad central Risco WiComm Pro \u2013 32 zonas inal\u00e1mbricas 3 \u00e1reas de alarma<\/h1>\n<p data-start=\"521\" data-end=\"1030\">El panel de control Risco WiComm Pro (modelo RW332M80000C) es una soluci\u00f3n potente y flexible para las necesidades de seguridad que requieren integraci\u00f3n inal\u00e1mbrica y funcionalidad avanzada.<\/p>\n<p data-start=\"521\" data-end=\"1030\">Con soporte para hasta 32 zonas inal\u00e1mbricas, el sistema se puede personalizar para cubrir una amplia gama de requisitos de seguridad.<\/p>\n<p data-start=\"521\" data-end=\"1030\">Es compatible con zonas unidireccionales y bidireccionales, y ofrece la posibilidad de conectar hasta 8 detectores de c\u00e1maras inal\u00e1mbricos y 3 sirenas inal\u00e1mbricas, lo que lo hace ideal tanto para instalaciones peque\u00f1as como grandes.<\/p>\n<p data-start=\"1032\" data-end=\"1406\">Este panel de control ofrece una comunicaci\u00f3n flexible v\u00eda Wifi, IP y GSM\/GPRS (2G y 3G), garantizando que su sistema funcione sin interrupciones.<\/p>\n<p data-start=\"1032\" data-end=\"1406\">El formato de comunicaci\u00f3n se puede personalizar con Contact ID, SIA nivel 2 y 3 o IP\/GSM.<\/p>\n<p data-start=\"1032\" data-end=\"1406\">El sistema tambi\u00e9n tiene capacidad de programaci\u00f3n local completa a trav\u00e9s de RS232 o pantalla LCD y se puede configurar de forma remota a trav\u00e9s de GPRS o IP.<\/p>\n<p data-start=\"1408\" data-end=\"1843\">Con WiComm Pro, los usuarios tambi\u00e9n obtienen acceso a una potente aplicaci\u00f3n de autosupervisi\u00f3n para un control total a trav\u00e9s de un tel\u00e9fono inteligente o un navegador web.<\/p>\n<p data-start=\"1408\" data-end=\"1843\">Permite a los usuarios controlar el sistema de forma remota, recibir notificaciones de eventos mediante mensajes push o SMS y ver v\u00eddeos en tiempo real, incluida la posibilidad de grabar.<\/p>\n<p data-start=\"1408\" data-end=\"1843\">El sistema tambi\u00e9n ofrece audio bidireccional (hablar\/escuchar) para permitir la comunicaci\u00f3n directa a trav\u00e9s del sistema.<\/p>\n<p data-start=\"1845\" data-end=\"2207\">WiComm Pro tiene una gama completa de caracter\u00edsticas que garantizan un alto nivel de facilidad de uso y personalizaci\u00f3n.<\/p>\n<p data-start=\"1845\" data-end=\"2207\">Ofrece un men\u00fa detallado que muestra autom\u00e1ticamente las opciones relevantes seg\u00fan el hardware instalado y los permisos del usuario.<\/p>\n<p data-start=\"1845\" data-end=\"2207\">Adem\u00e1s, admite la programaci\u00f3n con hasta 8 configuraciones de temporizador para adaptar el sistema a necesidades espec\u00edficas.<\/p>\n<p data-start=\"2209\" data-end=\"2505\">Para mayor seguridad y un monitoreo preciso, el sistema guarda hasta 1000 eventos localmente y 2000 eventos en el servidor RISCO Cloud, lo que facilita el seguimiento y an\u00e1lisis de incidentes pasados.<\/p>\n<p data-start=\"2209\" data-end=\"2505\">Adem\u00e1s, los usuarios pueden recibir mensajes de audio y orientaci\u00f3n de voz para responder r\u00e1pidamente a los eventos.<\/p>\n<p data-start=\"2507\" data-end=\"2537\"><strong data-start=\"2507\" data-end=\"2535\">Caracter\u00edsticas principales:<\/strong><\/p>\n<ul data-start=\"2538\" data-end=\"3320\">\n<li data-start=\"2538\" data-end=\"2590\">\n<p data-start=\"2540\" data-end=\"2590\"><strong data-start=\"2540\" data-end=\"2558\">Comunicaci\u00f3n:<\/strong> Wifi, IP y GSM\/GPRS (2G\/3G)<\/p>\n<\/li>\n<li data-start=\"2591\" data-end=\"2669\">\n<p data-start=\"2593\" data-end=\"2669\"><strong data-start=\"2593\" data-end=\"2607\">N\u00famero de zonas:<\/strong> Hasta 32 zonas inal\u00e1mbricas (unidireccionales o bidireccionales)<\/p>\n<\/li>\n<li data-start=\"2670\" data-end=\"2757\">\n<p data-start=\"2672\" data-end=\"2757\"><strong data-start=\"2672\" data-end=\"2695\">Dispositivos conectables:<\/strong> Hasta 3 sirenas inal\u00e1mbricas y 8 detectores de c\u00e1mara inal\u00e1mbricos<\/p>\n<\/li>\n<li data-start=\"2758\" data-end=\"2797\">\n<p data-start=\"2760\" data-end=\"2797\"><strong data-start=\"2760\" data-end=\"2778\">C\u00f3digos de usuario:<\/strong> 32 c\u00f3digos de usuario<\/p>\n<\/li>\n<li data-start=\"2798\" data-end=\"2832\">\n<p data-start=\"2800\" data-end=\"2832\"><strong data-start=\"2800\" data-end=\"2816\">Particiones:<\/strong> 3 \u00e1reas de alarma<\/p>\n<\/li>\n<li data-start=\"2833\" data-end=\"2911\">\n<p data-start=\"2835\" data-end=\"2911\"><strong data-start=\"2835\" data-end=\"2853\">Men\u00fa personalizado:<\/strong> Adaptado al hardware instalado y al nivel de permiso<\/p>\n<\/li>\n<li data-start=\"2912\" data-end=\"2996\">\n<p data-start=\"2914\" data-end=\"2996\"><strong data-start=\"2914\" data-end=\"2934\">Almacenamiento de eventos:<\/strong> Hasta 1000 eventos localmente y 2000 eventos en la nube<\/p>\n<\/li>\n<li data-start=\"2997\" data-end=\"3064\">\n<p data-start=\"2999\" data-end=\"3064\"><strong data-start=\"2999\" data-end=\"3020\">Monitoreo remoto:<\/strong> A trav\u00e9s de la aplicaci\u00f3n RISCO Cloud, web y m\u00f3vil<\/p>\n<\/li>\n<li data-start=\"3065\" data-end=\"3155\">\n<p data-start=\"3067\" data-end=\"3155\"><strong data-start=\"3067\" data-end=\"3091\">Funciones integradas:<\/strong> Verificaci\u00f3n de video, audio bidireccional (hablar\/escuchar), notificaciones push<\/p>\n<\/li>\n<li data-start=\"3156\" data-end=\"3223\">\n<p data-start=\"3158\" data-end=\"3223\"><strong data-start=\"3158\" data-end=\"3176\">Programaci\u00f3n:<\/strong> Localmente v\u00eda RS232 o v\u00eda la nube (GPRS, IP)<\/p>\n<\/li>\n<li data-start=\"3224\" data-end=\"3286\">\n<p data-start=\"3226\" data-end=\"3286\"><strong data-start=\"3226\" data-end=\"3238\">Bater\u00eda:<\/strong> Incluye bater\u00eda para funcionamiento durante cortes de energ\u00eda.<\/p>\n<\/li>\n<li data-start=\"3287\" data-end=\"3320\">\n<p data-start=\"3289\" data-end=\"3320\"><strong data-start=\"3289\" data-end=\"3306\">Proceso de dar un t\u00edtulo:<\/strong> Clase de alarma R<\/p>\n<\/li>\n<\/ul>\n<p data-start=\"3322\" data-end=\"3353\"><strong data-start=\"3322\" data-end=\"3351\">Especificaciones t\u00e9cnicas:<\/strong><\/p>\n<ul data-start=\"3354\" data-end=\"3621\">\n<li data-start=\"3354\" data-end=\"3396\">\n<p data-start=\"3356\" data-end=\"3396\"><strong data-start=\"3356\" data-end=\"3372\">Dimensiones:<\/strong> 197,5 x 152,2 x 52 mm<\/p>\n<\/li>\n<li data-start=\"3397\" data-end=\"3429\">\n<p data-start=\"3399\" data-end=\"3429\"><strong data-start=\"3399\" data-end=\"3420\">Fuente de alimentaci\u00f3n:<\/strong> 12 V CC<\/p>\n<\/li>\n<li data-start=\"3430\" data-end=\"3491\">\n<p data-start=\"3432\" data-end=\"3491\"><strong data-start=\"3432\" data-end=\"3454\">Notificaci\u00f3n de evento:<\/strong> SMS, Push, correo electr\u00f3nico, buz\u00f3n de voz<\/p>\n<\/li>\n<li data-start=\"3492\" data-end=\"3545\">\n<p data-start=\"3494\" data-end=\"3545\"><strong data-start=\"3494\" data-end=\"3512\">Memoria de eventos:<\/strong> 1000 localmente y 2000 en la nube<\/p>\n<\/li>\n<li data-start=\"3546\" data-end=\"3621\">\n<p data-start=\"3548\" data-end=\"3621\"><strong data-start=\"3548\" data-end=\"3574\">Comunicaci\u00f3n m\u00e1xima:<\/strong> Hasta 3 teclados inal\u00e1mbricos LCD o Slim<\/p>\n<\/li>\n<\/ul>\n<p data-start=\"3623\" data-end=\"3959\">Este panel de control Risco WiComm Pro es una opci\u00f3n ideal para quienes buscan una soluci\u00f3n flexible y de alta calidad para sus sistemas de alarma y seguridad.<\/p>\n<p data-start=\"3623\" data-end=\"3959\">Con tecnolog\u00eda avanzada, funciones f\u00e1ciles de usar y comunicaci\u00f3n confiable a trav\u00e9s de varios canales, WiComm Pro puede brindar la seguridad y protecci\u00f3n necesarias para todo tipo de instalaciones.<\/p>\n<p><a href=\"https:\/\/www.riscogroup.com\/products\/product\/52708\" target=\"_blank\" rel=\"noopener\">Puede leer m\u00e1s sobre WiCom Pro en el sitio web de Risco Group.\u00a0<\/a><\/p>\n<p><iframe title=\"Wicomm Smart Hub EE. UU.\" width=\"1170\" height=\"658\" src=\"https:\/\/www.youtube.com\/embed\/5PHoH2dRjEs?feature=oembed\" frameborder=\"0\" allow=\"accelerometer; autoplay; clipboard-write; encrypted-media; gyroscope; picture-in-picture; web-share\" referrerpolicy=\"strict-origin-when-cross-origin\" allowfullscreen><\/iframe><\/p>","protected":false},"excerpt":{"rendered":"<p>Risco WiComm Pro es un panel de control inal\u00e1mbrico avanzado con espacio para 32 zonas inal\u00e1mbricas y la capacidad de conectar hasta 3 sirenas inal\u00e1mbricas y 8 detectores de c\u00e1maras inal\u00e1mbricos.<\/p>\n<p>Con monitoreo remoto integral y verificaci\u00f3n de video a trav\u00e9s de RISCO Cloud, este panel de control ofrece control total y opciones de personalizaci\u00f3n tanto para hogares como para empresas.<\/p>","protected":false},"featured_media":145247,"template":"","meta":{"_acf_changed":false},"product_brand":[],"product_cat":[2731,4879],"product_tag":[2426],"class_list":{"0":"post-57372","1":"product","2":"type-product","3":"status-publish","4":"has-post-thumbnail","6":"product_cat-risco-larm","7":"product_cat-wicomm-pro","8":"product_tag-rel-risco","9":"product_shipping_class-postnord-varubrev","10":"pa_brands-4risco","11":"pa_risco-produkter-agility-4","12":"pa_wicomm-pro-kategorier-hub-centralapparaten","13":"tm-no-options","15":"first","16":"outofstock","17":"sale","18":"featured","19":"taxable","20":"shipping-taxable","21":"purchasable","22":"product-type-simple"},"acf":[],"_links":{"self":[{"href":"https:\/\/secureus.se\/es\/wp-json\/wp\/v2\/product\/57372","targetHints":{"allow":["GET"]}}],"collection":[{"href":"https:\/\/secureus.se\/es\/wp-json\/wp\/v2\/product"}],"about":[{"href":"https:\/\/secureus.se\/es\/wp-json\/wp\/v2\/types\/product"}],"wp:featuredmedia":[{"embeddable":true,"href":"https:\/\/secureus.se\/es\/wp-json\/wp\/v2\/media\/145247"}],"wp:attachment":[{"href":"https:\/\/secureus.se\/es\/wp-json\/wp\/v2\/media?parent=57372"}],"wp:term":[{"taxonomy":"product_brand","embeddable":true,"href":"https:\/\/secureus.se\/es\/wp-json\/wp\/v2\/product_brand?post=57372"},{"taxonomy":"product_cat","embeddable":true,"href":"https:\/\/secureus.se\/es\/wp-json\/wp\/v2\/product_cat?post=57372"},{"taxonomy":"product_tag","embeddable":true,"href":"https:\/\/secureus.se\/es\/wp-json\/wp\/v2\/product_tag?post=57372"}],"curies":[{"name":"wp","href":"https:\/\/api.w.org\/{rel}","templated":true}]}}