{"id":57373,"date":"2022-03-10T15:15:00","date_gmt":"2022-03-10T14:15:00","guid":{"rendered":"https:\/\/secureus.se\/produkt\/wifi-ip-modul-kommunikationsmodul-agility4-wicomm-pro\/"},"modified":"2026-02-12T10:44:17","modified_gmt":"2026-02-12T09:44:17","slug":"ip-modul-wicomm-pro-risco","status":"publish","type":"product","link":"https:\/\/secureus.se\/es\/ip-modul-wicomm-pro-risco\/","title":{"rendered":"M\u00f3dulo IP\/Ethernet de Risco - WiComm Pro"},"content":{"rendered":"<h1>M\u00f3dulo IP WiComm Pro M\u00f3dulo de comunicaci\u00f3n Wifi<\/h1>\n<p data-start=\"440\" data-end=\"748\">El m\u00f3dulo IP Risco WiComm Pro (mod. RW332IP0000A) es un m\u00f3dulo de comunicaci\u00f3n WiFi potente y flexible que permite que el panel de control WiComm Pro se comunique a trav\u00e9s de redes TCP\/IP.<\/p>\n<p data-start=\"440\" data-end=\"748\">Este m\u00f3dulo enchufable est\u00e1 dise\u00f1ado para integrarse f\u00e1cilmente en el sistema, lo que hace que la instalaci\u00f3n sea r\u00e1pida y sin complicaciones.<\/p>\n<p data-start=\"750\" data-end=\"1115\">Este m\u00f3dulo IP admite comunicaci\u00f3n multicanal y brinda la opci\u00f3n de soluciones de comunicaci\u00f3n principal y de respaldo para comunicaci\u00f3n IP o PSTN.<\/p>\n<p data-start=\"750\" data-end=\"1115\">Si el sistema de comunicaci\u00f3n principal (por ejemplo, IP o PSTN) falla, el m\u00f3dulo toma el control y garantiza que el sistema contin\u00fae funcionando sin interrupciones, brindando alta seguridad y confiabilidad para el usuario.<\/p>\n<p data-start=\"1117\" data-end=\"1454\">Una de las grandes ventajas de este m\u00f3dulo es que permite el acceso remoto al panel de control a trav\u00e9s del software de configuraci\u00f3n de Risco, permitiendo a los usuarios o instaladores gestionar y configurar el sistema de forma remota.<\/p>\n<p data-start=\"1117\" data-end=\"1454\">Esto facilita tanto la instalaci\u00f3n como el mantenimiento y reduce la necesidad de visitas f\u00edsicas al sitio de instalaci\u00f3n.<\/p>\n<p data-start=\"1456\" data-end=\"1674\">El m\u00f3dulo IP WiComm Pro de Risco es compatible con el panel de control WiComm Pro y es una excelente opci\u00f3n para los usuarios que desean mejorar su soluci\u00f3n de comunicaci\u00f3n y obtener mayor flexibilidad en la gesti\u00f3n de su sistema de seguridad.<\/p>\n<p data-start=\"1676\" data-end=\"1706\"><strong data-start=\"1676\" data-end=\"1704\">Caracter\u00edsticas principales:<\/strong><\/p>\n<ul data-start=\"1707\" data-end=\"2292\">\n<li data-start=\"1707\" data-end=\"1793\">\n<p data-start=\"1709\" data-end=\"1793\"><strong data-start=\"1709\" data-end=\"1726\">Acceso remoto:<\/strong> Permite el acceso remoto al panel a trav\u00e9s del programa de configuraci\u00f3n.<\/p>\n<\/li>\n<li data-start=\"1794\" data-end=\"1919\">\n<p data-start=\"1796\" data-end=\"1919\"><strong data-start=\"1796\" data-end=\"1834\">Comunicaci\u00f3n primaria o de respaldo:<\/strong> Se utiliza como comunicaci\u00f3n principal o como respaldo para la comunicaci\u00f3n IP o PSTN<\/p>\n<\/li>\n<li data-start=\"1920\" data-end=\"2009\">\n<p data-start=\"1922\" data-end=\"2009\"><strong data-start=\"1922\" data-end=\"1950\">Comunicaci\u00f3n multicanal:<\/strong> Soporte de comunicaci\u00f3n multicanal para un uso flexible<\/p>\n<\/li>\n<li data-start=\"2010\" data-end=\"2102\">\n<p data-start=\"2012\" data-end=\"2102\"><strong data-start=\"2012\" data-end=\"2035\">F\u00e1cil instalaci\u00f3n:<\/strong> M\u00f3dulo enchufable que se conecta directamente al panel de control WiComm Pro<\/p>\n<\/li>\n<li data-start=\"2103\" data-end=\"2172\">\n<p data-start=\"2105\" data-end=\"2172\"><strong data-start=\"2105\" data-end=\"2124\">Compatibilidad:<\/strong> Funciona con el panel de control WiComm Pro Grado 2<\/p>\n<\/li>\n<li data-start=\"2173\" data-end=\"2292\">\n<p data-start=\"2175\" data-end=\"2292\"><strong data-start=\"2175\" data-end=\"2204\">Operaci\u00f3n a trav\u00e9s de red TCP\/IP:<\/strong> Permite la comunicaci\u00f3n a trav\u00e9s de redes TCP\/IP para mejorar la seguridad y confiabilidad.<\/p>\n<\/li>\n<\/ul>\n<p data-start=\"2294\" data-end=\"2325\"><strong data-start=\"2294\" data-end=\"2323\">Especificaciones t\u00e9cnicas:<\/strong><\/p>\n<ul data-start=\"2326\" data-end=\"2681\">\n<li data-start=\"2326\" data-end=\"2365\">\n<p data-start=\"2328\" data-end=\"2365\"><strong data-start=\"2328\" data-end=\"2356\">Protocolo de comunicaci\u00f3n:<\/strong> TCP\/IP<\/p>\n<\/li>\n<li data-start=\"2366\" data-end=\"2422\">\n<p data-start=\"2368\" data-end=\"2422\"><strong data-start=\"2368\" data-end=\"2387\">Compatibilidad:<\/strong> Panel de control WiComm Pro Grado 2<\/p>\n<\/li>\n<li data-start=\"2423\" data-end=\"2477\">\n<p data-start=\"2425\" data-end=\"2477\"><strong data-start=\"2425\" data-end=\"2442\">Acceso remoto:<\/strong> S\u00ed, a trav\u00e9s del programa de configuraci\u00f3n.<\/p>\n<\/li>\n<li data-start=\"2478\" data-end=\"2558\">\n<p data-start=\"2480\" data-end=\"2558\"><strong data-start=\"2480\" data-end=\"2499\">Funci\u00f3n de respaldo:<\/strong> Se puede utilizar como respaldo para la comunicaci\u00f3n IP o PSTN<\/p>\n<\/li>\n<li data-start=\"2559\" data-end=\"2635\">\n<p data-start=\"2561\" data-end=\"2635\"><strong data-start=\"2561\" data-end=\"2578\">Instalaci\u00f3n:<\/strong> Plug-in, f\u00e1cil de instalar directamente en el panel de control<\/p>\n<\/li>\n<li data-start=\"2636\" data-end=\"2681\">\n<p data-start=\"2638\" data-end=\"2681\"><strong data-start=\"2638\" data-end=\"2668\">N\u00famero de pieza del proveedor:<\/strong> RW332IP0000A<\/p>\n<\/li>\n<\/ul>\n<p data-start=\"2683\" data-end=\"2939\">El m\u00f3dulo IP WiComm Pro de Risco proporciona una forma confiable y flexible de administrar las comunicaciones de su sistema de seguridad y, con su capacidad de ofrecer acceso remoto y soluciones de respaldo, es una excelente opci\u00f3n para los usuarios que buscan una soluci\u00f3n segura y flexible.<\/p>\n<p><a href=\"https:\/\/www.riscogroup.com\/\" target=\"_blank\" rel=\"noopener\"><span style=\"text-decoration: underline\"><strong>Risco Group es l\u00edder en seguridad inal\u00e1mbrica. Lea m\u00e1s sobre Risco aqu\u00ed.\u00a0<\/strong><\/span><\/a><\/p>","protected":false},"excerpt":{"rendered":"<p data-start=\"138\" data-end=\"406\">El m\u00f3dulo IP WiComm Pro de Risco es un m\u00f3dulo de comunicaci\u00f3n WiFi enchufable que permite la comunicaci\u00f3n a trav\u00e9s de redes TCP\/IP.<\/p>\n<p data-start=\"138\" data-end=\"406\">Es f\u00e1cil de instalar, se conecta directamente al panel de control WiComm Pro y funciona como comunicaci\u00f3n principal o de respaldo para redes IP o PSTN.<\/p>","protected":false},"featured_media":145335,"template":"","meta":{"_acf_changed":false},"product_brand":[],"product_cat":[2731,4879],"product_tag":[2426],"class_list":{"0":"post-57373","1":"product","2":"type-product","3":"status-publish","4":"has-post-thumbnail","6":"product_cat-risco-larm","7":"product_cat-wicomm-pro","8":"product_tag-rel-risco","9":"product_shipping_class-postnord-varubrev","10":"pa_brands-4risco","11":"pa_risco-produkter-agility-4","12":"pa_wicomm-pro-kategorier-gsm-ip-moduler","13":"tm-no-options","15":"first","16":"instock","17":"featured","18":"taxable","19":"shipping-taxable","20":"purchasable","21":"product-type-simple"},"acf":[],"_links":{"self":[{"href":"https:\/\/secureus.se\/es\/wp-json\/wp\/v2\/product\/57373","targetHints":{"allow":["GET"]}}],"collection":[{"href":"https:\/\/secureus.se\/es\/wp-json\/wp\/v2\/product"}],"about":[{"href":"https:\/\/secureus.se\/es\/wp-json\/wp\/v2\/types\/product"}],"wp:featuredmedia":[{"embeddable":true,"href":"https:\/\/secureus.se\/es\/wp-json\/wp\/v2\/media\/145335"}],"wp:attachment":[{"href":"https:\/\/secureus.se\/es\/wp-json\/wp\/v2\/media?parent=57373"}],"wp:term":[{"taxonomy":"product_brand","embeddable":true,"href":"https:\/\/secureus.se\/es\/wp-json\/wp\/v2\/product_brand?post=57373"},{"taxonomy":"product_cat","embeddable":true,"href":"https:\/\/secureus.se\/es\/wp-json\/wp\/v2\/product_cat?post=57373"},{"taxonomy":"product_tag","embeddable":true,"href":"https:\/\/secureus.se\/es\/wp-json\/wp\/v2\/product_tag?post=57373"}],"curies":[{"name":"wp","href":"https:\/\/api.w.org\/{rel}","templated":true}]}}