{"id":57378,"date":"2022-03-10T15:13:00","date_gmt":"2022-03-10T14:13:00","guid":{"rendered":"https:\/\/secureus.se\/produkt\/msr100-usb-magnetlasare\/"},"modified":"2025-12-31T19:43:09","modified_gmt":"2025-12-31T18:43:09","slug":"rfid-lasare-msr100-usb-magnetlasare","status":"publish","type":"product","link":"https:\/\/secureus.se\/es\/rfid-lasare-msr100-usb-magnetlasare\/","title":{"rendered":"Lector RFID Lector Magn\u00e9tico MSR100 USB"},"content":{"rendered":"<div class=\"tab-content\">\n<div id=\"Product-Description\" class=\"tab-pane product-description fade in active\">\n<p>Este producto tiene env\u00edo obligatorio.<\/p>\n<p>Lector de tarjetas magn\u00e9ticas USB Plug and Play<\/p>\n<p>Interfaz USB al buffer del teclado, lee las 3 pistas de banda magn\u00e9tica.<\/p>\n<p>ISO 7811, 12, 13 para la lectura de tarjetas magn\u00e9ticas de tipo tarjeta de cr\u00e9dito, tarjeta de regalo, tarjeta de fidelizaci\u00f3n y tarjeta de membres\u00eda. Se puede utilizar para puntos de venta, recopilaci\u00f3n de datos, control de acceso, entre otras cosas.<\/p>\n<p>Dimensiones (LxAnxPr) \u2013 100 x 34 x 30 mm.<\/p>\n<p>La vida \u00fatil del cabezal es de aproximadamente 300.000 pasadas. Confirmaci\u00f3n de lectura con LED y pitido. Peso 108g.<\/p>\n<p>No se incluye ning\u00fan software con este lector.<\/p>\n<\/div>\n<\/div>","protected":false},"excerpt":{"rendered":"<p>Este producto tiene env\u00edo obligatorio.<\/p>\n<p>Lector de tarjetas magn\u00e9ticas USB Plug and Play<\/p>\n<p>Interfaz USB al buffer del teclado, lee las 3 pistas de banda magn\u00e9tica.<\/p>\n<p>ISO 7811, 12, 13 para la lectura de tarjetas magn\u00e9ticas de tipo tarjeta de cr\u00e9dito, tarjeta de regalo, tarjeta de fidelizaci\u00f3n y tarjeta de membres\u00eda. Se puede utilizar para puntos de venta, recopilaci\u00f3n de datos, control de acceso, entre otras cosas.<\/p>\n<p>Dimensiones (LxAnxPr) \u2013 100 x 34 x 30 mm.<\/p>\n<p>La vida \u00fatil del cabezal es de aproximadamente 300.000 pasadas. Confirmaci\u00f3n de lectura con LED y pitido. Peso 108g.<\/p>\n<p>No se incluye ning\u00fan software con este lector.<\/p>","protected":false},"featured_media":145350,"template":"","meta":{"_acf_changed":false},"product_brand":[],"product_cat":[1743],"product_tag":[],"class_list":{"0":"post-57378","1":"product","2":"type-product","3":"status-publish","4":"has-post-thumbnail","6":"product_cat-rfid-lasare","7":"product_shipping_class-postnord-varubrev","8":"pa_brands-elatec","9":"tm-no-options","11":"first","12":"instock","13":"sale","14":"featured","15":"taxable","16":"shipping-taxable","17":"purchasable","18":"product-type-simple"},"acf":[],"_links":{"self":[{"href":"https:\/\/secureus.se\/es\/wp-json\/wp\/v2\/product\/57378","targetHints":{"allow":["GET"]}}],"collection":[{"href":"https:\/\/secureus.se\/es\/wp-json\/wp\/v2\/product"}],"about":[{"href":"https:\/\/secureus.se\/es\/wp-json\/wp\/v2\/types\/product"}],"wp:featuredmedia":[{"embeddable":true,"href":"https:\/\/secureus.se\/es\/wp-json\/wp\/v2\/media\/145350"}],"wp:attachment":[{"href":"https:\/\/secureus.se\/es\/wp-json\/wp\/v2\/media?parent=57378"}],"wp:term":[{"taxonomy":"product_brand","embeddable":true,"href":"https:\/\/secureus.se\/es\/wp-json\/wp\/v2\/product_brand?post=57378"},{"taxonomy":"product_cat","embeddable":true,"href":"https:\/\/secureus.se\/es\/wp-json\/wp\/v2\/product_cat?post=57378"},{"taxonomy":"product_tag","embeddable":true,"href":"https:\/\/secureus.se\/es\/wp-json\/wp\/v2\/product_tag?post=57378"}],"curies":[{"name":"wp","href":"https:\/\/api.w.org\/{rel}","templated":true}]}}