{"id":57479,"date":"2022-03-10T14:57:00","date_gmt":"2022-03-10T13:57:00","guid":{"rendered":"https:\/\/secureus.se\/produkt\/2-way-i-o-and-x-10-wireless-expander\/"},"modified":"2025-12-31T19:36:32","modified_gmt":"2025-12-31T18:36:32","slug":"risco-2-way-i-o-och-x-10-tradlos-expander","status":"publish","type":"product","link":"https:\/\/secureus.se\/es\/risco-2-way-i-o-och-x-10-tradlos-expander\/","title":{"rendered":"Expansor inal\u00e1mbrico Risco de E\/S bidireccional y X-10 \u2013 Wicomm PRO, Agility"},"content":{"rendered":"<h1>Expansor inal\u00e1mbrico Risco de 2 v\u00edas E\/S y X-10<\/h1>\n<p data-start=\"449\" data-end=\"918\">El expansor inal\u00e1mbrico X-10 y E\/S bidireccional de Risco (mod. RW132I04000A) es un m\u00f3dulo de automatizaci\u00f3n del hogar que permite a los usuarios ampliar y personalizar sus sistemas de seguridad Agility\u2122 para soportar nuevas tendencias y soluciones de seguridad.<\/p>\n<p data-start=\"449\" data-end=\"918\">Al conectar dispositivos fijos al sistema, el m\u00f3dulo puede aumentar la flexibilidad y abrirse a una futura expansi\u00f3n, permitiendo que el sistema evolucione y se adapte a las necesidades cambiantes del mercado, independientemente de la instalaci\u00f3n original.<\/p>\n<p data-start=\"920\" data-end=\"1286\">El m\u00f3dulo de automatizaci\u00f3n del hogar inal\u00e1mbrico admite hasta 4 zonas cableadas y 4 salidas, lo que brinda a los usuarios la capacidad de integrar y controlar una variedad de dispositivos dentro de su sistema de seguridad.<\/p>\n<p data-start=\"920\" data-end=\"1286\">Adem\u00e1s, admite hasta 16 dispositivos X10, lo que permite al usuario controlar electrodom\u00e9sticos como iluminaci\u00f3n, puertas de garaje, aspersores de jard\u00edn y otros dispositivos de automatizaci\u00f3n del hogar.<\/p>\n<p data-start=\"1288\" data-end=\"1613\">El m\u00f3dulo viene completo con fuente de alimentaci\u00f3n (adaptador de corriente) para alimentar el dispositivo y 3 bater\u00edas AA recargables para un funcionamiento seguro y duradero cuando se necesita bater\u00eda de respaldo.<\/p>\n<p data-start=\"1288\" data-end=\"1613\">El expansor X-10 para Agility\u2122 proporciona una soluci\u00f3n sencilla para integrar y controlar dispositivos a trav\u00e9s del sistema sin la necesidad de agregar hardware o cableado adicional.<\/p>\n<p data-start=\"1615\" data-end=\"1645\"><strong data-start=\"1615\" data-end=\"1643\">Caracter\u00edsticas principales:<\/strong><\/p>\n<ul data-start=\"1646\" data-end=\"2262\">\n<li data-start=\"1646\" data-end=\"1730\">\n<p data-start=\"1648\" data-end=\"1730\"><strong data-start=\"1648\" data-end=\"1674\">Dom\u00f3tica inal\u00e1mbrica:<\/strong> Admite hasta 4 zonas cableadas y 4 salidas<\/p>\n<\/li>\n<li data-start=\"1731\" data-end=\"1826\">\n<p data-start=\"1733\" data-end=\"1826\"><strong data-start=\"1733\" data-end=\"1761\">Control de dispositivos X10:<\/strong> Controla hasta 16 dispositivos X10, por ejemplo: iluminaci\u00f3n y puertas de garaje<\/p>\n<\/li>\n<li data-start=\"1827\" data-end=\"1956\">\n<p data-start=\"1829\" data-end=\"1956\"><strong data-start=\"1829\" data-end=\"1846\">Flexibilidad:<\/strong> Le permite adaptar y expandir el sistema Agility\u2122 para satisfacer nuevas necesidades y tendencias tecnol\u00f3gicas<\/p>\n<\/li>\n<li data-start=\"1957\" data-end=\"2075\">\n<p data-start=\"1959\" data-end=\"2075\"><strong data-start=\"1959\" data-end=\"1982\">F\u00e1cil instalaci\u00f3n:<\/strong> Soporte para conexi\u00f3n por cable de dispositivos fijos, as\u00ed como f\u00e1cil integraci\u00f3n a trav\u00e9s de comunicaci\u00f3n inal\u00e1mbrica.<\/p>\n<\/li>\n<li data-start=\"2076\" data-end=\"2166\">\n<p data-start=\"2078\" data-end=\"2166\"><strong data-start=\"2078\" data-end=\"2113\">Adaptador de corriente y bater\u00eda de respaldo:<\/strong> Incluye fuente de alimentaci\u00f3n y 3 pilas AA recargables.<\/p>\n<\/li>\n<li data-start=\"2167\" data-end=\"2262\">\n<p data-start=\"2169\" data-end=\"2262\"><strong data-start=\"2169\" data-end=\"2188\">Compatibilidad:<\/strong> Funciona con el sistema Risco Agility\u2122 para una mayor funcionalidad y control.<\/p>\n<\/li>\n<\/ul>\n<p data-start=\"2264\" data-end=\"2295\"><strong data-start=\"2264\" data-end=\"2293\">Especificaciones t\u00e9cnicas:<\/strong><\/p>\n<ul data-start=\"2296\" data-end=\"2712\">\n<li data-start=\"2296\" data-end=\"2340\">\n<p data-start=\"2298\" data-end=\"2340\"><strong data-start=\"2298\" data-end=\"2317\">N\u00famero de entradas:<\/strong> 4 zonas cableadas<\/p>\n<\/li>\n<li data-start=\"2341\" data-end=\"2417\">\n<p data-start=\"2343\" data-end=\"2417\"><strong data-start=\"2343\" data-end=\"2362\">N\u00famero de salidas:<\/strong> 2 salidas de rel\u00e9 (clase 1A), 2 salidas de colector abierto<\/p>\n<\/li>\n<li data-start=\"2418\" data-end=\"2506\">\n<p data-start=\"2420\" data-end=\"2506\"><strong data-start=\"2420\" data-end=\"2433\">Soporte X10:<\/strong> Controla hasta 16 dispositivos X10 (iluminaci\u00f3n, puerta de garaje, rociadores, etc.)<\/p>\n<\/li>\n<li data-start=\"2507\" data-end=\"2572\">\n<p data-start=\"2509\" data-end=\"2572\"><strong data-start=\"2509\" data-end=\"2530\">Fuente de alimentaci\u00f3n:<\/strong> Fuente de alimentaci\u00f3n y 3 pilas AA recargables<\/p>\n<\/li>\n<li data-start=\"2573\" data-end=\"2662\">\n<p data-start=\"2575\" data-end=\"2662\"><strong data-start=\"2575\" data-end=\"2592\">Conexiones:<\/strong> 4 conexiones de cable, 1 puerto X10 para conexi\u00f3n al transmisor X10<\/p>\n<\/li>\n<li data-start=\"2663\" data-end=\"2712\">\n<p data-start=\"2665\" data-end=\"2712\"><strong data-start=\"2665\" data-end=\"2697\">N\u00famero de pieza del proveedor:<\/strong> RW132I04000A<\/p>\n<\/li>\n<\/ul>\n<p data-start=\"2714\" data-end=\"2967\">El expansor inal\u00e1mbrico X-10 y E\/S bidireccional de Risco es una soluci\u00f3n pr\u00e1ctica para ampliar y adaptar de manera eficaz el sistema Agility\u2122 a las necesidades de automatizaci\u00f3n del hogar moderno, brindando a los usuarios la capacidad de controlar sus electrodom\u00e9sticos y dispositivos directamente desde el sistema de seguridad.<\/p>","protected":false},"excerpt":{"rendered":"<p data-start=\"136\" data-end=\"415\">El expansor inal\u00e1mbrico X-10 y E\/S bidireccional de Risco para el sistema Agility\u2122 permite la conexi\u00f3n de dispositivos fijos y soluciones de automatizaci\u00f3n del hogar.<\/p>\n<p data-start=\"136\" data-end=\"415\">Admite 4 entradas, 4 salidas y controla hasta 16 dispositivos X10 para controlar, por ejemplo, iluminaci\u00f3n, puertas de garaje o aspersores de jard\u00edn.<\/p>","protected":false},"featured_media":145456,"template":"","meta":{"_acf_changed":false},"product_brand":[],"product_cat":[2731,4882,4671,4879],"product_tag":[],"class_list":{"0":"post-57479","1":"product","2":"type-product","3":"status-publish","4":"has-post-thumbnail","6":"product_cat-risco-larm","7":"product_cat-agility-v4-3-2","8":"product_cat-signalforstarkare","9":"product_cat-wicomm-pro","10":"product_shipping_class-postnord-varubrev","11":"pa_brands-4risco","12":"pa_risco-produkter-agility-4","13":"tm-no-options","15":"first","16":"instock","17":"sale","18":"featured","19":"taxable","20":"shipping-taxable","21":"purchasable","22":"product-type-simple"},"acf":[],"_links":{"self":[{"href":"https:\/\/secureus.se\/es\/wp-json\/wp\/v2\/product\/57479","targetHints":{"allow":["GET"]}}],"collection":[{"href":"https:\/\/secureus.se\/es\/wp-json\/wp\/v2\/product"}],"about":[{"href":"https:\/\/secureus.se\/es\/wp-json\/wp\/v2\/types\/product"}],"wp:featuredmedia":[{"embeddable":true,"href":"https:\/\/secureus.se\/es\/wp-json\/wp\/v2\/media\/145456"}],"wp:attachment":[{"href":"https:\/\/secureus.se\/es\/wp-json\/wp\/v2\/media?parent=57479"}],"wp:term":[{"taxonomy":"product_brand","embeddable":true,"href":"https:\/\/secureus.se\/es\/wp-json\/wp\/v2\/product_brand?post=57479"},{"taxonomy":"product_cat","embeddable":true,"href":"https:\/\/secureus.se\/es\/wp-json\/wp\/v2\/product_cat?post=57479"},{"taxonomy":"product_tag","embeddable":true,"href":"https:\/\/secureus.se\/es\/wp-json\/wp\/v2\/product_tag?post=57479"}],"curies":[{"name":"wp","href":"https:\/\/api.w.org\/{rel}","templated":true}]}}