{"id":57482,"date":"2022-03-10T14:57:00","date_gmt":"2022-03-10T13:57:00","guid":{"rendered":"https:\/\/secureus.se\/produkt\/2-vags-tradlos-dual-tech-am-inom-utomhus-ridadetektor-agililty4-och-wicomm-pro\/"},"modified":"2026-01-06T20:42:19","modified_gmt":"2026-01-06T19:42:19","slug":"risco-ridadetektor-2-vags-utomhus","status":"publish","type":"product","link":"https:\/\/secureus.se\/es\/risco-ridadetektor-2-vags-utomhus\/","title":{"rendered":"Detector de cortina bidireccional Risco para exteriores"},"content":{"rendered":"<div>\n<h1>Detector de cortina bidireccional Risco para exteriores<\/h1>\n<p data-start=\"413\" data-end=\"936\">El detector de cortina bidireccional WiComm Pro Agility4 de Risco es la mejor opci\u00f3n para seguridad en exteriores.<\/p>\n<p data-start=\"413\" data-end=\"936\">Dise\u00f1ado para ser la primera l\u00ednea de defensa de su sistema de seguridad, este detector de cortina inal\u00e1mbrico ofrece una instalaci\u00f3n r\u00e1pida y sencilla con montaje y configuraci\u00f3n flexibles.<\/p>\n<p data-start=\"413\" data-end=\"936\">La avanzada tecnolog\u00eda de microondas y la comunicaci\u00f3n por radio bidireccional brindan cobertura y seguridad superiores para \u00e1reas grandes, mientras que la funci\u00f3n antienmascaramiento activo protege contra cualquier intento de da\u00f1ar la recepci\u00f3n del detector.<\/p>\n<p data-start=\"938\" data-end=\"1305\">Con cuatro niveles de sensibilidad ajustables y un haz estrecho, se minimiza el riesgo de falsas alarmas, lo que le permite obtener exactamente la protecci\u00f3n que necesita sin interferencias innecesarias.<\/p>\n<p data-start=\"938\" data-end=\"1305\">Es ideal para instalaci\u00f3n en pilas de hasta 3,0 metros y se puede montar tanto en el lado izquierdo como en el derecho del \u00e1rea protegida, proporcionando flexibilidad en las opciones de instalaci\u00f3n.<\/p>\n<p data-start=\"1307\" data-end=\"1526\">Para una mayor facilidad de uso, el detector cuenta con un proceso simple de reemplazo de bater\u00eda, as\u00ed como capacidades de diagn\u00f3stico y configuraci\u00f3n remota, lo que hace que el servicio y el mantenimiento sean m\u00e1s eficientes y reduce la necesidad de viajes de servicio innecesarios.<\/p>\n<p><iframe title=\"Wicomm Smart Hub EE. UU.\" width=\"1170\" height=\"658\" src=\"https:\/\/www.youtube.com\/embed\/5PHoH2dRjEs?feature=oembed\" frameborder=\"0\" allow=\"accelerometer; autoplay; clipboard-write; encrypted-media; gyroscope; picture-in-picture; web-share\" referrerpolicy=\"strict-origin-when-cross-origin\" allowfullscreen><\/iframe><\/p>\n<\/div>","protected":false},"excerpt":{"rendered":"<p>El detector de cortina inal\u00e1mbrico para exteriores WiComm Pro Agility4 ofrece una seguridad inigualable con tecnolog\u00eda dual, antienmascaramiento IR activo y sensibilidad ajustable.<\/p>\n<p>Perfecto para \u00e1reas amplias e instalaci\u00f3n flexible.<\/p>","protected":false},"featured_media":158857,"template":"","meta":{"_acf_changed":false},"product_brand":[],"product_cat":[2731,3188,3191],"product_tag":[],"class_list":{"0":"post-57482","1":"product","2":"type-product","3":"status-publish","4":"has-post-thumbnail","6":"product_cat-risco-larm","7":"product_cat-larmenheter-risco-larm","8":"product_cat-utomhusdetektorer","9":"product_shipping_class-postnord-varubrev","10":"pa_risco-produkter-agility-4","11":"pa_wicomm-pro-kategorier-ridadetektor","12":"tm-no-options","14":"first","15":"outofstock","16":"sale","17":"featured","18":"taxable","19":"shipping-taxable","20":"purchasable","21":"product-type-simple"},"acf":[],"_links":{"self":[{"href":"https:\/\/secureus.se\/es\/wp-json\/wp\/v2\/product\/57482","targetHints":{"allow":["GET"]}}],"collection":[{"href":"https:\/\/secureus.se\/es\/wp-json\/wp\/v2\/product"}],"about":[{"href":"https:\/\/secureus.se\/es\/wp-json\/wp\/v2\/types\/product"}],"wp:featuredmedia":[{"embeddable":true,"href":"https:\/\/secureus.se\/es\/wp-json\/wp\/v2\/media\/158857"}],"wp:attachment":[{"href":"https:\/\/secureus.se\/es\/wp-json\/wp\/v2\/media?parent=57482"}],"wp:term":[{"taxonomy":"product_brand","embeddable":true,"href":"https:\/\/secureus.se\/es\/wp-json\/wp\/v2\/product_brand?post=57482"},{"taxonomy":"product_cat","embeddable":true,"href":"https:\/\/secureus.se\/es\/wp-json\/wp\/v2\/product_cat?post=57482"},{"taxonomy":"product_tag","embeddable":true,"href":"https:\/\/secureus.se\/es\/wp-json\/wp\/v2\/product_tag?post=57482"}],"curies":[{"name":"wp","href":"https:\/\/api.w.org\/{rel}","templated":true}]}}