{"id":57485,"date":"2022-03-10T14:57:00","date_gmt":"2022-03-10T13:57:00","guid":{"rendered":"https:\/\/secureus.se\/produkt\/siren-utomhus-rws20a\/"},"modified":"2025-12-31T19:36:44","modified_gmt":"2025-12-31T18:36:44","slug":"risco-siren-2-vags-rws20a-utomhus-105db","status":"publish","type":"product","link":"https:\/\/secureus.se\/es\/risco-siren-2-vags-rws20a-utomhus-105db\/","title":{"rendered":"Sirena Risco bidireccional RWS20A para exteriores, 105 dB"},"content":{"rendered":"<h1>Sirena Risco bidireccional RWS20A para exteriores, 105 dB<\/h1>\n<p data-start=\"416\" data-end=\"761\">La sirena bidireccional Risco RWS20A (mod. RWS20A86800) es una sirena inal\u00e1mbrica para exteriores elegante y funcional dise\u00f1ada para mejorar las capacidades de se\u00f1alizaci\u00f3n del sistema de seguridad fuera del \u00e1rea protegida.<\/p>\n<p data-start=\"416\" data-end=\"761\">Esta sirena es una soluci\u00f3n ideal para aumentar la seguridad en todo tipo de entornos exteriores, gracias a su dise\u00f1o robusto y su instalaci\u00f3n flexible.<\/p>\n<p data-start=\"763\" data-end=\"1041\">Con un nivel de sonido de 105 dB, el RWS20A ofrece una potente se\u00f1al de sonido que advierte claramente sobre intrusiones u otros incidentes de seguridad.<\/p>\n<p data-start=\"763\" data-end=\"1041\">Debido a que la sirena funciona completamente con bater\u00edas y es inal\u00e1mbrica, es f\u00e1cil de instalar sin necesidad de cableado, lo que hace que la instalaci\u00f3n sea r\u00e1pida y flexible.<\/p>\n<p data-start=\"1043\" data-end=\"1363\">Una de las caracter\u00edsticas m\u00e1s \u00fatiles del RWS20A es la funci\u00f3n de prealarma incorporada.<\/p>\n<p data-start=\"1043\" data-end=\"1363\">Durante la cuenta regresiva de retardo de entrada, la sirena se activa y suena una prealarma si el sistema es vandalizado antes de que se active la alarma. Esto hace que la sirena sea un excelente complemento para prevenir robos incluso antes de que el sistema est\u00e9 completamente activado.<\/p>\n<p data-start=\"1365\" data-end=\"1588\">El RWS20A tambi\u00e9n tiene una funci\u00f3n de pitido que proporciona notificaciones audibles cuando el sistema est\u00e1 armado o desarmado.<\/p>\n<p data-start=\"1365\" data-end=\"1588\">En caso de alarma, la sirena emite una notificaci\u00f3n especial de 4 pitidos que indica que se ha activado la alarma, lo que puede indicar un robo.<\/p>\n<p data-start=\"1590\" data-end=\"1828\">Se pueden conectar f\u00e1cilmente varias sirenas inal\u00e1mbricas al mismo sistema, lo que permite personalizar la soluci\u00f3n de seguridad seg\u00fan el tama\u00f1o y las necesidades del \u00e1rea protegida.<\/p>\n<p data-start=\"1590\" data-end=\"1828\">La sirena est\u00e1 disponible en diferentes colores para adaptarse a las preferencias est\u00e9ticas.<\/p>\n<p data-start=\"1830\" data-end=\"1860\"><strong data-start=\"1830\" data-end=\"1858\">Caracter\u00edsticas principales:<\/strong><\/p>\n<ul data-start=\"1861\" data-end=\"2460\">\n<li data-start=\"1861\" data-end=\"1908\">\n<p data-start=\"1863\" data-end=\"1908\"><strong data-start=\"1863\" data-end=\"1878\">Volumen:<\/strong> 105 dB para una advertencia eficaz<\/p>\n<\/li>\n<li data-start=\"1909\" data-end=\"1998\">\n<p data-start=\"1911\" data-end=\"1998\"><strong data-start=\"1911\" data-end=\"1931\">Funci\u00f3n de prealarma:<\/strong> Se activa durante la cuenta regresiva del retraso de entrada y en caso de vandalismo.<\/p>\n<\/li>\n<li data-start=\"1999\" data-end=\"2120\">\n<p data-start=\"2001\" data-end=\"2120\"><strong data-start=\"2001\" data-end=\"2022\">Notificaci\u00f3n de squawk:<\/strong> Avisos de audio al armar y desarmar, incluido un aviso de 4 pitidos al activarse la alarma<\/p>\n<\/li>\n<li data-start=\"2121\" data-end=\"2179\">\n<p data-start=\"2123\" data-end=\"2179\"><strong data-start=\"2123\" data-end=\"2141\">Funciona con pilas:<\/strong> Completamente inal\u00e1mbrico para una f\u00e1cil instalaci\u00f3n.<\/p>\n<\/li>\n<li data-start=\"2180\" data-end=\"2249\">\n<p data-start=\"2182\" data-end=\"2249\"><strong data-start=\"2182\" data-end=\"2208\">Instalaci\u00f3n flexible:<\/strong> F\u00e1cil de colocar sin necesidad de cableado.<\/p>\n<\/li>\n<li data-start=\"2250\" data-end=\"2326\">\n<p data-start=\"2252\" data-end=\"2326\"><strong data-start=\"2252\" data-end=\"2269\">Varios colores:<\/strong> Disponible en diferentes colores para adaptarse al entorno de instalaci\u00f3n.<\/p>\n<\/li>\n<li data-start=\"2327\" data-end=\"2391\">\n<p data-start=\"2329\" data-end=\"2391\"><strong data-start=\"2329\" data-end=\"2348\">Compatibilidad:<\/strong> Se pueden asignar varias sirenas al mismo sistema<\/p>\n<\/li>\n<li data-start=\"2392\" data-end=\"2460\">\n<p data-start=\"2394\" data-end=\"2460\"><strong data-start=\"2394\" data-end=\"2422\">Apto para uso en exteriores:<\/strong> Dise\u00f1ado para soportar ambientes externos.<\/p>\n<\/li>\n<\/ul>\n<p data-start=\"2462\" data-end=\"2493\"><strong data-start=\"2462\" data-end=\"2491\">Especificaciones t\u00e9cnicas:<\/strong><\/p>\n<ul data-start=\"2494\" data-end=\"2761\">\n<li data-start=\"2494\" data-end=\"2520\">\n<p data-start=\"2496\" data-end=\"2520\"><strong data-start=\"2496\" data-end=\"2511\">Volumen:<\/strong> 105 dB<\/p>\n<\/li>\n<li data-start=\"2521\" data-end=\"2546\">\n<p data-start=\"2523\" data-end=\"2546\"><strong data-start=\"2523\" data-end=\"2536\">Frecuencia:<\/strong> 868 MHz<\/p>\n<\/li>\n<li data-start=\"2547\" data-end=\"2586\">\n<p data-start=\"2549\" data-end=\"2586\"><strong data-start=\"2549\" data-end=\"2570\">Fuente de alimentaci\u00f3n:<\/strong> Alimentado por bater\u00eda<\/p>\n<\/li>\n<li data-start=\"2587\" data-end=\"2640\">\n<p data-start=\"2589\" data-end=\"2640\"><strong data-start=\"2589\" data-end=\"2612\">M\u00e9todo de instalaci\u00f3n:<\/strong> Inal\u00e1mbrico y alimentado por bater\u00eda<\/p>\n<\/li>\n<li data-start=\"2641\" data-end=\"2668\">\n<p data-start=\"2643\" data-end=\"2668\"><strong data-start=\"2643\" data-end=\"2663\">Funci\u00f3n de squawk:<\/strong> S\u00ed<\/p>\n<\/li>\n<li data-start=\"2669\" data-end=\"2703\">\n<p data-start=\"2671\" data-end=\"2703\"><strong data-start=\"2671\" data-end=\"2680\">Pintar:<\/strong> Disponible en diferentes colores.<\/p>\n<\/li>\n<li data-start=\"2704\" data-end=\"2761\">\n<p data-start=\"2706\" data-end=\"2761\"><strong data-start=\"2706\" data-end=\"2738\">N\u00famero de pieza del proveedor:<\/strong> RWS20A \/ RWS20A86800<\/p>\n<\/li>\n<\/ul>\n<p data-start=\"2763\" data-end=\"3016\">La sirena bidireccional Risco RWS20A es la soluci\u00f3n perfecta para mejorar la seguridad de su propiedad.<\/p>\n<p data-start=\"2763\" data-end=\"3016\">La potente se\u00f1al de audio y la instalaci\u00f3n inal\u00e1mbrica lo hacen eficaz y flexible, proporcionando protecci\u00f3n adicional contra robos y otras amenazas de seguridad.<\/p>","protected":false},"excerpt":{"rendered":"<p>La sirena bidireccional Risco RWS20A es una sirena inal\u00e1mbrica para exteriores alimentada por bater\u00eda que ofrece 105 dB de potencia de sonido y comunicaci\u00f3n por radio bidireccional.<\/p>\n<p>Dise\u00f1ado para ampliar las capacidades de se\u00f1alizaci\u00f3n exterior, tiene una funci\u00f3n de prealarma y se puede activar en caso de vandalismo en el sistema.<\/p>","protected":false},"featured_media":145682,"template":"","meta":{"_acf_changed":false},"product_brand":[],"product_cat":[2731,3190],"product_tag":[2266,2262,2420,3070],"class_list":{"0":"post-57485","1":"product","2":"type-product","3":"status-publish","4":"has-post-thumbnail","6":"product_cat-risco-larm","7":"product_cat-sirener-risco-larm","8":"product_tag-larmdon-blixtljus-blixtljus-i-samma-enhet","9":"product_tag-larmdon-siren-utomhus","10":"product_tag-rel-larmdonblixt","11":"product_tag-wicomm-pro-siren","12":"product_shipping_class-tunga-paket","13":"pa_brands-4risco","14":"pa_risco-produkter-agility-4","15":"pa_wicomm-pro-kategorier-sinerer","16":"tm-no-options","18":"first","19":"instock","20":"sale","21":"featured","22":"taxable","23":"shipping-taxable","24":"purchasable","25":"product-type-simple"},"acf":[],"_links":{"self":[{"href":"https:\/\/secureus.se\/es\/wp-json\/wp\/v2\/product\/57485","targetHints":{"allow":["GET"]}}],"collection":[{"href":"https:\/\/secureus.se\/es\/wp-json\/wp\/v2\/product"}],"about":[{"href":"https:\/\/secureus.se\/es\/wp-json\/wp\/v2\/types\/product"}],"wp:featuredmedia":[{"embeddable":true,"href":"https:\/\/secureus.se\/es\/wp-json\/wp\/v2\/media\/145682"}],"wp:attachment":[{"href":"https:\/\/secureus.se\/es\/wp-json\/wp\/v2\/media?parent=57485"}],"wp:term":[{"taxonomy":"product_brand","embeddable":true,"href":"https:\/\/secureus.se\/es\/wp-json\/wp\/v2\/product_brand?post=57485"},{"taxonomy":"product_cat","embeddable":true,"href":"https:\/\/secureus.se\/es\/wp-json\/wp\/v2\/product_cat?post=57485"},{"taxonomy":"product_tag","embeddable":true,"href":"https:\/\/secureus.se\/es\/wp-json\/wp\/v2\/product_tag?post=57485"}],"curies":[{"name":"wp","href":"https:\/\/api.w.org\/{rel}","templated":true}]}}