{"id":57486,"date":"2022-03-10T14:57:00","date_gmt":"2022-03-10T13:57:00","guid":{"rendered":"https:\/\/secureus.se\/produkt\/2-vags-tradlos-beyond-dual-tech-kband-detektor-med-kamera-inom-utomhus-agililty4-och-wicomm-pro\/"},"modified":"2025-10-03T12:50:19","modified_gmt":"2025-10-03T10:50:19","slug":"kameradetektor-beyond-utomhus","status":"publish","type":"product","link":"https:\/\/secureus.se\/es\/kameradetektor-beyond-utomhus\/","title":{"rendered":"Detector de c\u00e1mara Risco inal\u00e1mbrico bidireccional Beyond Dual-tech para exteriores e interiores"},"content":{"rendered":"<h1 data-start=\"379\" data-end=\"812\">Detector de c\u00e1mara Beyond Outdoor<\/h1>\n<p data-start=\"379\" data-end=\"812\">El detector de c\u00e1mara para exteriores RISCO Beyond est\u00e1 dise\u00f1ado para proporcionar un alto nivel de seguridad tanto en interiores como en exteriores.<\/p>\n<p data-start=\"379\" data-end=\"812\">Utiliza tecnolog\u00eda de radiofrecuencia dual para exteriores y una c\u00e1mara WDR de alta calidad para optimizar la detecci\u00f3n de im\u00e1genes y movimiento.<\/p>\n<p data-start=\"379\" data-end=\"812\">El detector tiene una cobertura de 12 metros con un campo de visi\u00f3n de 90\u00ba y est\u00e1 equipado con dos sensores PIR separados y un sensor de microondas de banda K de 2 canales para una alta precisi\u00f3n.<\/p>\n<p data-start=\"814\" data-end=\"1071\">Dispone de inmunidad animal incorporada hasta 50 cm de altura y protecci\u00f3n antigusanos para evitar sabotajes. La tecnolog\u00eda de reconocimiento de balanceo de RISCO puede reconocer y excluir objetos que se mueven o se balancean repetidamente, lo que hace posible eliminar falsas alarmas.<\/p>\n<p data-start=\"1073\" data-end=\"1290\">Con una bater\u00eda recargable alimentada por energ\u00eda solar, la vida \u00fatil de la bater\u00eda se extiende a 6 a\u00f1os si se instala un panel solar adicional (opcional).<\/p>\n<p data-start=\"1073\" data-end=\"1290\">De lo contrario, el detector tiene una duraci\u00f3n de bater\u00eda de 3 a\u00f1os con sus 3 bater\u00edas de litio CR123 3V.<\/p>\n<p data-start=\"1292\" data-end=\"1581\">El detector tiene una r\u00f3tula giratoria con rotaci\u00f3n de 180\u00b0 y una altura de montaje variable de 1,8 a 2,7 metros, con una altura \u00f3ptima de 2,2 metros para un mejor rendimiento.<\/p>\n<p data-start=\"1292\" data-end=\"1581\">Puede soportar temperaturas de -25 a 65 \u00baC y tiene un grado de protecci\u00f3n ambiental IP65, lo que lo hace duradero en duras condiciones exteriores.<\/p>\n<p data-start=\"1583\" data-end=\"1612\"><strong data-start=\"1583\" data-end=\"1612\">Especificaciones t\u00e9cnicas:<\/strong><\/p>\n<ul data-start=\"1613\" data-end=\"2156\">\n<li data-start=\"1613\" data-end=\"1634\">\n<p data-start=\"1615\" data-end=\"1634\">Modelo: RWX350DC800<\/p>\n<\/li>\n<li data-start=\"1635\" data-end=\"1664\">\n<p data-start=\"1637\" data-end=\"1664\">Cobertura: 12 m, campo de visi\u00f3n de 90\u00ba<\/p>\n<\/li>\n<li data-start=\"1665\" data-end=\"1715\">\n<p data-start=\"1667\" data-end=\"1715\">Tecnolog\u00eda: Sensor de microondas dual PIR y banda K<\/p>\n<\/li>\n<li data-start=\"1716\" data-end=\"1754\">\n<p data-start=\"1718\" data-end=\"1754\">Inmunidad animal: Hasta 50 cm de altura<\/p>\n<\/li>\n<li data-start=\"1755\" data-end=\"1814\">\n<p data-start=\"1757\" data-end=\"1814\">Reconocimiento de balanceo: S\u00ed (para excluir objetos que se balancean)<\/p>\n<\/li>\n<li data-start=\"1815\" data-end=\"1887\">\n<p data-start=\"1817\" data-end=\"1887\">Bater\u00eda: Solar recargable + 3 pilas de litio CR123 3V<\/p>\n<\/li>\n<li data-start=\"1888\" data-end=\"1932\">\n<p data-start=\"1890\" data-end=\"1932\">Duraci\u00f3n de la bater\u00eda: 3 a\u00f1os (6 a\u00f1os con panel solar adicional)<\/p>\n<\/li>\n<li data-start=\"1933\" data-end=\"1966\">\n<p data-start=\"1935\" data-end=\"1966\">R\u00f3tula giratoria: rotaci\u00f3n de 180\u00b0<\/p>\n<\/li>\n<li data-start=\"1967\" data-end=\"2023\">\n<p data-start=\"1969\" data-end=\"2023\">Montaje: Altura variable de 1,8 a 2,7 m, \u00f3ptima 2,2 m<\/p>\n<\/li>\n<li data-start=\"2024\" data-end=\"2058\">\n<p data-start=\"2026\" data-end=\"2058\">Temperatura de trabajo: -25 a 65 \u00baC<\/p>\n<\/li>\n<li data-start=\"2059\" data-end=\"2077\">\n<p data-start=\"2061\" data-end=\"2077\">Protecci\u00f3n ambiental: IP65<\/p>\n<\/li>\n<li data-start=\"2078\" data-end=\"2103\">\n<p data-start=\"2080\" data-end=\"2103\">Dimensiones: 176 x 89 x 106 mm<\/p>\n<\/li>\n<li data-start=\"2104\" data-end=\"2156\">\n<p data-start=\"2106\" data-end=\"2156\">Compatibilidad: Agility 5.14 y versiones superiores, WiComm Pro, Lightsys<\/p>\n<\/li>\n<\/ul>\n<p data-start=\"2158\" data-end=\"2263\"><strong data-start=\"2158\" data-end=\"2179\">Meta T\u00edtulo (SEO):<\/strong><\/p>\n<div class=\"youtube-embed-wrapper\" style=\"position: relative; padding-bottom: 56.25%; padding-top: 30px; height: 0; overflow: hidden;\"><iframe style=\"position: absolute; top: 0; left: 0; width: 100%; height: 100%;\" src=\"https:\/\/www.youtube.com\/embed\/oLOfbHq0Rf0?rel=0\" width=\"640\" height=\"360\" frameborder=\"0\" allowfullscreen=\"allowfullscreen\"><\/iframe><\/div>\n<p>&nbsp;<\/p>","protected":false},"excerpt":{"rendered":"<p>El detector de c\u00e1mara RISCO Beyond Outdoor es un detector inal\u00e1mbrico para uso tanto en exteriores como en interiores que ofrece una cobertura de 12 m y tecnolog\u00eda de alta seguridad con c\u00e1mara WDR, sensor de microondas de banda K de 2 canales y sensores PIR.<\/p>","protected":false},"featured_media":10974,"template":"","meta":{"_acf_changed":false},"product_brand":[],"product_cat":[2731,3191],"product_tag":[2376,2426],"class_list":{"0":"post-57486","1":"product","2":"type-product","3":"status-publish","4":"has-post-thumbnail","6":"product_cat-risco-larm","7":"product_cat-utomhusdetektorer","8":"product_tag-paket-bundle-ej-disc-rules","9":"product_tag-rel-risco","10":"product_shipping_class-postnord-varubrev","11":"pa_brands-risco-group","12":"pa_risco-produkter-agility-4","13":"pa_wicomm-pro-kategorier-kameradetektorer","14":"tm-no-options","16":"first","17":"instock","18":"sale","19":"featured","20":"taxable","21":"shipping-taxable","22":"purchasable","23":"product-type-simple"},"acf":[],"_links":{"self":[{"href":"https:\/\/secureus.se\/es\/wp-json\/wp\/v2\/product\/57486","targetHints":{"allow":["GET"]}}],"collection":[{"href":"https:\/\/secureus.se\/es\/wp-json\/wp\/v2\/product"}],"about":[{"href":"https:\/\/secureus.se\/es\/wp-json\/wp\/v2\/types\/product"}],"wp:featuredmedia":[{"embeddable":true,"href":"https:\/\/secureus.se\/es\/wp-json\/wp\/v2\/media\/10974"}],"wp:attachment":[{"href":"https:\/\/secureus.se\/es\/wp-json\/wp\/v2\/media?parent=57486"}],"wp:term":[{"taxonomy":"product_brand","embeddable":true,"href":"https:\/\/secureus.se\/es\/wp-json\/wp\/v2\/product_brand?post=57486"},{"taxonomy":"product_cat","embeddable":true,"href":"https:\/\/secureus.se\/es\/wp-json\/wp\/v2\/product_cat?post=57486"},{"taxonomy":"product_tag","embeddable":true,"href":"https:\/\/secureus.se\/es\/wp-json\/wp\/v2\/product_tag?post=57486"}],"curies":[{"name":"wp","href":"https:\/\/api.w.org\/{rel}","templated":true}]}}