{"id":57488,"date":"2022-03-10T14:57:00","date_gmt":"2022-03-10T13:57:00","guid":{"rendered":"https:\/\/secureus.se\/produkt\/magnetkontakt-rwx73f-med-multifunktion-agililty3-4-och-wicomm\/"},"modified":"2025-12-31T19:42:37","modified_gmt":"2025-12-31T18:42:37","slug":"risco-2-vags-magnetkontakt-med-no-nc-plint","status":"publish","type":"product","link":"https:\/\/secureus.se\/es\/risco-2-vags-magnetkontakt-med-no-nc-plint\/","title":{"rendered":"Contacto magn\u00e9tico bidireccional Risco con terminal NO\/NC"},"content":{"rendered":"<h1>Contacto magn\u00e9tico bidireccional Risco con terminal NO\/NC<\/h1>\n<p>El contacto magn\u00e9tico RWX73F Agililty Wicomm Pro es un transmisor multifunci\u00f3n bidireccional ideal para protecci\u00f3n inal\u00e1mbrica, para puertas\/ventanas en hogares y peque\u00f1as empresas.<\/p>\n<p>El RWX73F es un transmisor rentable que combina un contacto magn\u00e9tico\/de puerta con 2 canales separados para dos entradas separadas.<\/p>\n<p>Al utilizar dos canales separados, el RWX73F puede servir para dos aplicaciones distintas; Protecci\u00f3n perimetral para puertas y ventanas al conectarlo a un solo canal y otro sensor para el segundo canal.<\/p>\n<p>Cada canal se puede conectar a contactos magn\u00e9ticos cableados o a otros detectores que pueden utilizarse para diversas aplicaciones de control o seguridad.<\/p>\n<p>El contacto magn\u00e9tico RWX73F Agililty Wicomm Pro act\u00faa para la protecci\u00f3n de puertas y ventanas, por ejemplo, y resiste todos los intentos de manipular el detector con imanes externos.<\/p>\n<p>El RWX73F funciona con los sistemas h\u00edbridos e inal\u00e1mbricos bidireccionales de RISCO Group.<\/p>\n<p>El contacto magn\u00e9tico RWX73F Agililty Wicomm Pro es f\u00e1cil de instalar con una sencilla instalaci\u00f3n de consola a pared y f\u00e1cil de programar con el software de configuraci\u00f3n remota de RISCO.<\/p>\n<p id=\"tw-target-text\" class=\"tw-data-text tw-text-large tw-ta\" dir=\"ltr\" data-placeholder=\"Translation\" data-ved=\"2ahUKEwi6ot3F2L6DAxWBaqQEHbtQCksQ3ewLegQIARAQ\"><span style=\"text-decoration: underline\"><strong>Caracter\u00edsticas:<\/strong><\/span><br \/>\nComunicaci\u00f3n: Bidireccional<br \/>\nTotalmente supervisado<br \/>\nContacto magn\u00e9tico incorporado<br \/>\nTiempo de respuesta de entrada selectiva adaptado a sensores cableados (r\u00e1pido para sensores de impacto, lento para interruptores magn\u00e9ticos)<br \/>\nAlcance: hasta 1000 pies (300 m) de alcance (al aire libre)<br \/>\nTerminaci\u00f3n de entrada selectiva (NO, NC, DEOL) para funci\u00f3n de control universal<br \/>\nProtecci\u00f3n de seguridad para el lomo y la tapa<br \/>\nProtecci\u00f3n de seguridad contra el sabotaje<br \/>\nDos canales reconocidos como zonas separadas en el sistema con funcionalidad selectiva (protecci\u00f3n universal o de obturador)<br \/>\nPara extender la vida \u00fatil de la bater\u00eda, existe la opci\u00f3n de enviar eventos una vez cada 2,5 minutos.<br \/>\nCompatible con sistemas inal\u00e1mbricos e h\u00edbridos de RISCO<\/p>\n<p><strong>Contacto magn\u00e9tico RWX73F Agililty Wicomm Pro N\u00famero de pieza del proveedor multifunci\u00f3n<\/strong>: <span class=\"sku_wrapper\"><span class=\"sku\">RWX73M86800D<\/span><\/span><\/p>\n<h4>\u00a1Aprenda m\u00e1s sobre WiComm Pro y estas posibilidades!<\/h4>\n<p><a href=\"https:\/\/www.riscogroup.com\/products\/product\/52708\" target=\"_blank\" rel=\"noopener\">Puede leer m\u00e1s sobre WiCom Pro en el sitio web de Risco Group.\u00a0<\/a><\/p>\n<p><iframe title=\"Wicomm Smart Hub EE. UU.\" width=\"1170\" height=\"658\" src=\"https:\/\/www.youtube.com\/embed\/5PHoH2dRjEs?feature=oembed\" frameborder=\"0\" allow=\"accelerometer; autoplay; clipboard-write; encrypted-media; gyroscope; picture-in-picture; web-share\" referrerpolicy=\"strict-origin-when-cross-origin\" allowfullscreen><\/iframe><\/p>","protected":false},"excerpt":{"rendered":"<p>El contacto magn\u00e9tico bidireccional Risco RWX73F para Agility y WiComm Pro es un transmisor multifunci\u00f3n que ofrece protecci\u00f3n inal\u00e1mbrica para puertas y ventanas.<\/p>\n<p>Con dos canales separados para diferentes aplicaciones, este contacto magn\u00e9tico ofrece flexibilidad y seguridad tanto para hogares como para peque\u00f1as empresas. F\u00e1cil instalaci\u00f3n y compatibilidad con sistemas inal\u00e1mbricos e h\u00edbridos de Risco.<\/p>","protected":false},"featured_media":145404,"template":"","meta":{"_acf_changed":false},"product_brand":[],"product_cat":[2731,3188,1324],"product_tag":[2426],"class_list":{"0":"post-57488","1":"product","2":"type-product","3":"status-publish","4":"has-post-thumbnail","6":"product_cat-risco-larm","7":"product_cat-larmenheter-risco-larm","8":"product_cat-outlet","9":"product_tag-rel-risco","10":"product_shipping_class-postnord-varubrev","11":"pa_brands-4risco","12":"pa_risco-produkter-agility-3","13":"pa_risco-produkter-agility-4","14":"pa_wicomm-pro-kategorier-magnetkontakter","15":"tm-no-options","17":"first","18":"instock","19":"sale","20":"featured","21":"taxable","22":"shipping-taxable","23":"purchasable","24":"product-type-simple"},"acf":[],"_links":{"self":[{"href":"https:\/\/secureus.se\/es\/wp-json\/wp\/v2\/product\/57488","targetHints":{"allow":["GET"]}}],"collection":[{"href":"https:\/\/secureus.se\/es\/wp-json\/wp\/v2\/product"}],"about":[{"href":"https:\/\/secureus.se\/es\/wp-json\/wp\/v2\/types\/product"}],"wp:featuredmedia":[{"embeddable":true,"href":"https:\/\/secureus.se\/es\/wp-json\/wp\/v2\/media\/145404"}],"wp:attachment":[{"href":"https:\/\/secureus.se\/es\/wp-json\/wp\/v2\/media?parent=57488"}],"wp:term":[{"taxonomy":"product_brand","embeddable":true,"href":"https:\/\/secureus.se\/es\/wp-json\/wp\/v2\/product_brand?post=57488"},{"taxonomy":"product_cat","embeddable":true,"href":"https:\/\/secureus.se\/es\/wp-json\/wp\/v2\/product_cat?post=57488"},{"taxonomy":"product_tag","embeddable":true,"href":"https:\/\/secureus.se\/es\/wp-json\/wp\/v2\/product_tag?post=57488"}],"curies":[{"name":"wp","href":"https:\/\/api.w.org\/{rel}","templated":true}]}}