{"id":57489,"date":"2022-03-10T14:57:00","date_gmt":"2022-03-10T13:57:00","guid":{"rendered":"https:\/\/secureus.se\/produkt\/larmknapp-armband-t51p-vattentat-och-levereras-med-armband-halsband\/"},"modified":"2025-12-31T19:37:05","modified_gmt":"2025-12-31T18:37:05","slug":"risco-nodknapp-t51p-endast-till-risco-system","status":"publish","type":"product","link":"https:\/\/secureus.se\/es\/risco-nodknapp-t51p-endast-till-risco-system\/","title":{"rendered":"Bot\u00f3n de emergencia Risco T51P solo para sistema Risco"},"content":{"rendered":"<h1>Bot\u00f3n de emergencia Risco T51P solo para sistema Risco<\/h1>\n<p data-start=\"386\" data-end=\"721\">El bot\u00f3n de emergencia Risco T51P (mod. RWT51P80000) es un bot\u00f3n de alarma inal\u00e1mbrico pr\u00e1ctico y confiable dise\u00f1ado para usar con los sistemas Risco Agility\u2122 y Wisdom.<\/p>\n<p data-start=\"386\" data-end=\"721\">Es perfecto para activar alarmas de emergencia o seguridad con una simple pulsaci\u00f3n, lo que lo hace ideal para usuarios que desean un m\u00e9todo r\u00e1pido y sencillo de solicitar ayuda.<\/p>\n<p data-start=\"723\" data-end=\"1001\">El bot\u00f3n es resistente al agua con clasificaci\u00f3n IP67, lo que lo hace duradero y seguro de usar incluso en ambientes h\u00famedos o al aire libre.<\/p>\n<p data-start=\"723\" data-end=\"1001\">Viene con una pulsera y un collar, lo que le da al usuario la libertad de usarlo de la manera que mejor le convenga: alrededor de la mu\u00f1eca o del cuello.<\/p>\n<p data-start=\"1003\" data-end=\"1374\">Con monitoreo continuo del voltaje de la bater\u00eda y una bater\u00eda de larga duraci\u00f3n de hasta 3 a\u00f1os (gracias a la bater\u00eda de litio CR2430 incluida), el T51P es una soluci\u00f3n confiable para situaciones de emergencia.<\/p>\n<p data-start=\"1003\" data-end=\"1374\">Cuando se presiona el bot\u00f3n, env\u00eda una se\u00f1al al panel de control para activar una llamada de emergencia u otra acci\u00f3n, lo que lo hace efectivo y f\u00e1cil de usar cuando sea necesario.<\/p>\n<p data-start=\"1376\" data-end=\"1406\"><strong data-start=\"1376\" data-end=\"1404\">Caracter\u00edsticas principales:<\/strong><\/p>\n<ul data-start=\"1407\" data-end=\"2036\">\n<li data-start=\"1407\" data-end=\"1473\">\n<p data-start=\"1409\" data-end=\"1473\"><strong data-start=\"1409\" data-end=\"1433\">Funci\u00f3n de un solo toque:<\/strong> Activa la alarma de emergencia con un simple toque<\/p>\n<\/li>\n<li data-start=\"1474\" data-end=\"1537\">\n<p data-start=\"1476\" data-end=\"1537\"><strong data-start=\"1476\" data-end=\"1492\">Resistente al agua:<\/strong> Clasificaci\u00f3n IP67 para uso en todos los entornos.<\/p>\n<\/li>\n<li data-start=\"1538\" data-end=\"1619\">\n<p data-start=\"1540\" data-end=\"1619\"><strong data-start=\"1540\" data-end=\"1566\">Bater\u00eda de larga duraci\u00f3n:<\/strong> Hasta 3 a\u00f1os de uso con bater\u00eda de litio CR2430<\/p>\n<\/li>\n<li data-start=\"1620\" data-end=\"1701\">\n<p data-start=\"1622\" data-end=\"1701\"><strong data-start=\"1622\" data-end=\"1634\">Inal\u00e1mbrico:<\/strong> F\u00e1cil instalaci\u00f3n y uso con los sistemas Agility\u2122 y Wisdom<\/p>\n<\/li>\n<li data-start=\"1702\" data-end=\"1787\">\n<p data-start=\"1704\" data-end=\"1787\"><strong data-start=\"1704\" data-end=\"1743\">Viene con pulsera y collar:<\/strong> Flexibilidad para usar el bot\u00f3n como quieras<\/p>\n<\/li>\n<li data-start=\"1788\" data-end=\"1877\">\n<p data-start=\"1790\" data-end=\"1877\"><strong data-start=\"1790\" data-end=\"1826\">Monitoreo continuo de la bater\u00eda:<\/strong> Realiza un seguimiento del estado de la bater\u00eda y advierte sobre el reemplazo.<\/p>\n<\/li>\n<li data-start=\"1878\" data-end=\"1944\">\n<p data-start=\"1880\" data-end=\"1944\"><strong data-start=\"1880\" data-end=\"1899\">Compatibilidad:<\/strong> Funciona con todos los sistemas de radio de Risco Group<\/p>\n<\/li>\n<li data-start=\"1945\" data-end=\"2036\">\n<p data-start=\"1947\" data-end=\"2036\"><strong data-start=\"1947\" data-end=\"1964\">Zonificaci\u00f3n:<\/strong> Se puede asignar a una zona espec\u00edfica en el panel de control para una mejor gesti\u00f3n.<\/p>\n<\/li>\n<\/ul>\n<p data-start=\"2038\" data-end=\"2069\"><strong data-start=\"2038\" data-end=\"2067\">Especificaciones t\u00e9cnicas:<\/strong><\/p>\n<ul data-start=\"2070\" data-end=\"2417\">\n<li data-start=\"2070\" data-end=\"2095\">\n<p data-start=\"2072\" data-end=\"2095\"><strong data-start=\"2072\" data-end=\"2085\">Frecuencia:<\/strong> 868 MHz<\/p>\n<\/li>\n<li data-start=\"2096\" data-end=\"2162\">\n<p data-start=\"2098\" data-end=\"2162\"><strong data-start=\"2098\" data-end=\"2110\">Bater\u00eda:<\/strong> Bater\u00eda de litio CR2430 (incluida), vida \u00fatil m\u00e1xima de 3 a\u00f1os<\/p>\n<\/li>\n<li data-start=\"2163\" data-end=\"2196\">\n<p data-start=\"2165\" data-end=\"2196\"><strong data-start=\"2165\" data-end=\"2181\">Resistente al agua:<\/strong> Clasificaci\u00f3n IP67<\/p>\n<\/li>\n<li data-start=\"2197\" data-end=\"2236\">\n<p data-start=\"2199\" data-end=\"2236\"><strong data-start=\"2199\" data-end=\"2208\">Medida:<\/strong> Compacto y f\u00e1cil de transportar.<\/p>\n<\/li>\n<li data-start=\"2237\" data-end=\"2285\">\n<p data-start=\"2239\" data-end=\"2285\"><strong data-start=\"2239\" data-end=\"2271\">N\u00famero de pieza del proveedor:<\/strong> RWT51P80000<\/p>\n<\/li>\n<li data-start=\"2286\" data-end=\"2338\">\n<p data-start=\"2288\" data-end=\"2338\"><strong data-start=\"2288\" data-end=\"2307\">Compatibilidad:<\/strong> Sistemas de Agilidad\u2122 y Sabidur\u00eda<\/p>\n<\/li>\n<li data-start=\"2339\" data-end=\"2417\">\n<p data-start=\"2341\" data-end=\"2417\"><strong data-start=\"2341\" data-end=\"2356\">Conexi\u00f3n:<\/strong> Inal\u00e1mbrico, f\u00e1cil de asignar a una zona en el panel de control<\/p>\n<\/li>\n<\/ul>\n<p data-start=\"2419\" data-end=\"2612\">El bot\u00f3n de emergencia Risco T51P ofrece una soluci\u00f3n eficaz y flexible para activar r\u00e1pida y f\u00e1cilmente alarmas de emergencia o seguridad, brindando a los usuarios seguridad y tranquilidad en situaciones cr\u00edticas.<\/p>","protected":false},"excerpt":{"rendered":"<p>El bot\u00f3n de emergencia Risco T51P es un bot\u00f3n de alarma inal\u00e1mbrico para los sistemas Agility\u2122 y Wisdom.<\/p>\n<p>Activa alarmas de emergencia con una sola pulsaci\u00f3n y viene con pulsera y collar.<\/p>\n<p>Resistente al agua (IP67) y tiene una duraci\u00f3n de bater\u00eda de hasta 3 a\u00f1os.<\/p>","protected":false},"featured_media":145466,"template":"","meta":{"_acf_changed":false},"product_brand":[],"product_cat":[2731,4881],"product_tag":[],"class_list":{"0":"post-57489","1":"product","2":"type-product","3":"status-publish","4":"has-post-thumbnail","6":"product_cat-risco-larm","7":"product_cat-overfallslarm-fjarrkontroll","8":"product_shipping_class-postnord-varubrev","9":"pa_brands-4risco","10":"pa_risco-produkter-agility-2","11":"pa_risco-produkter-agility-3","12":"pa_risco-produkter-agility-4","13":"tm-no-options","15":"first","16":"instock","17":"sale","18":"featured","19":"taxable","20":"shipping-taxable","21":"purchasable","22":"product-type-simple"},"acf":[],"_links":{"self":[{"href":"https:\/\/secureus.se\/es\/wp-json\/wp\/v2\/product\/57489","targetHints":{"allow":["GET"]}}],"collection":[{"href":"https:\/\/secureus.se\/es\/wp-json\/wp\/v2\/product"}],"about":[{"href":"https:\/\/secureus.se\/es\/wp-json\/wp\/v2\/types\/product"}],"wp:featuredmedia":[{"embeddable":true,"href":"https:\/\/secureus.se\/es\/wp-json\/wp\/v2\/media\/145466"}],"wp:attachment":[{"href":"https:\/\/secureus.se\/es\/wp-json\/wp\/v2\/media?parent=57489"}],"wp:term":[{"taxonomy":"product_brand","embeddable":true,"href":"https:\/\/secureus.se\/es\/wp-json\/wp\/v2\/product_brand?post=57489"},{"taxonomy":"product_cat","embeddable":true,"href":"https:\/\/secureus.se\/es\/wp-json\/wp\/v2\/product_cat?post=57489"},{"taxonomy":"product_tag","embeddable":true,"href":"https:\/\/secureus.se\/es\/wp-json\/wp\/v2\/product_tag?post=57489"}],"curies":[{"name":"wp","href":"https:\/\/api.w.org\/{rel}","templated":true}]}}