{"id":57491,"date":"2022-03-10T14:57:00","date_gmt":"2022-03-10T13:57:00","guid":{"rendered":"https:\/\/secureus.se\/produkt\/ridadetektor-x106-inomhus-och-3-6-meters-rackvidd\/"},"modified":"2025-12-31T19:41:21","modified_gmt":"2025-12-31T18:41:21","slug":"risco-ridadetektor-inomhus-2-vags","status":"publish","type":"product","link":"https:\/\/secureus.se\/es\/risco-ridadetektor-inomhus-2-vags\/","title":{"rendered":"Detector de cortina Risco para interiores de 2 v\u00edas"},"content":{"rendered":"<h1>Detector de cortina Risco para interiores de 2 v\u00edas<\/h1>\n<p data-start=\"346\" data-end=\"673\">El detector de cortina Risco X106 (mod. RWX10680000) es un detector de cortina infrarrojo pasivo (PIR) de alto rendimiento dise\u00f1ado para su uso en entornos residenciales y comerciales.<\/p>\n<p data-start=\"346\" data-end=\"673\">Est\u00e1 especialmente dise\u00f1ado para proteger ventanas y puertas de vidrio de gran tama\u00f1o creando una barrera invisible que detecta el movimiento en un rango de 3 a 6 metros.<\/p>\n<p data-start=\"675\" data-end=\"1087\">Una de las caracter\u00edsticas m\u00e1s impresionantes del X106 es su exclusiva tecnolog\u00eda de protecci\u00f3n solar, que hace que el detector sea inmune a los rayos del sol y a los focos, que de otro modo suelen provocar falsas alarmas en otros tipos de detectores.<\/p>\n<p data-start=\"675\" data-end=\"1087\">La verdadera compensaci\u00f3n de temperatura garantiza que el detector funcione de manera eficiente incluso en condiciones de temperatura variables, lo que lo convierte en una opci\u00f3n confiable para todo tipo de entornos.<\/p>\n<p data-start=\"1089\" data-end=\"1326\">El X106 es f\u00e1cil de instalar, ya sea directamente en la pared o con el soporte de 90\u00b0 incluido, que permite ajustar el \u00e1ngulo de instalaci\u00f3n.<\/p>\n<p data-start=\"1089\" data-end=\"1326\">La altura de montaje puede ser de hasta 3 metros, lo que proporciona flexibilidad durante la instalaci\u00f3n.<\/p>\n<p data-start=\"1328\" data-end=\"1667\">Con una frecuencia de 868 MHz y compatibilidad con sistemas inal\u00e1mbricos RISCO unidireccionales y bidireccionales, el X106 es una soluci\u00f3n ideal para crear una capa adicional de seguridad en su hogar o negocio.<\/p>\n<p data-start=\"1328\" data-end=\"1667\">El detector funciona con una bater\u00eda de litio CR123 de 3 V (incluida) y tiene una duraci\u00f3n de bater\u00eda que lo hace pr\u00e1ctico y rentable.<\/p>\n<p data-start=\"1669\" data-end=\"1699\"><strong data-start=\"1669\" data-end=\"1697\">Caracter\u00edsticas principales:<\/strong><\/p>\n<ul data-start=\"1700\" data-end=\"2407\">\n<li data-start=\"1700\" data-end=\"1770\">\n<p data-start=\"1702\" data-end=\"1770\"><strong data-start=\"1702\" data-end=\"1715\">Alcance:<\/strong> 3\u20136 metros, ideal para ventanas y puertas de vidrio grandes.<\/p>\n<\/li>\n<li data-start=\"1771\" data-end=\"1867\">\n<p data-start=\"1773\" data-end=\"1867\"><strong data-start=\"1773\" data-end=\"1793\">Tecnolog\u00eda de protecci\u00f3n solar:<\/strong> Inmune a la luz solar y a los focos para reducir las falsas alarmas<\/p>\n<\/li>\n<li data-start=\"1868\" data-end=\"1965\">\n<p data-start=\"1870\" data-end=\"1965\"><strong data-start=\"1870\" data-end=\"1905\">Compensaci\u00f3n de temperatura real:<\/strong> Para un rendimiento confiable en diversas condiciones de temperatura.<\/p>\n<\/li>\n<li data-start=\"1966\" data-end=\"2065\">\n<p data-start=\"1968\" data-end=\"2065\"><strong data-start=\"1968\" data-end=\"1991\">F\u00e1cil instalaci\u00f3n:<\/strong> Montaje en pared con soporte de 90\u00b0 incluido, altura de montaje de hasta 3 metros<\/p>\n<\/li>\n<li data-start=\"2066\" data-end=\"2167\">\n<p data-start=\"2068\" data-end=\"2167\"><strong data-start=\"2068\" data-end=\"2080\">Inal\u00e1mbrico:<\/strong> Utiliza una frecuencia de 868 MHz, compatible con los sistemas unidireccionales y bidireccionales de RISCO\u2122<\/p>\n<\/li>\n<li data-start=\"2168\" data-end=\"2253\">\n<p data-start=\"2170\" data-end=\"2253\"><strong data-start=\"2170\" data-end=\"2196\">Bater\u00eda de larga duraci\u00f3n:<\/strong> Bater\u00eda de litio CR123 de 3 V (incluida) con largo tiempo de funcionamiento<\/p>\n<\/li>\n<li data-start=\"2254\" data-end=\"2314\">\n<p data-start=\"2256\" data-end=\"2314\"><strong data-start=\"2256\" data-end=\"2275\">Compatibilidad:<\/strong> Funciona con todos los sistemas de radio RISCO\u2122<\/p>\n<\/li>\n<li data-start=\"2315\" data-end=\"2407\">\n<p data-start=\"2317\" data-end=\"2407\"><strong data-start=\"2317\" data-end=\"2336\">Dise\u00f1o compacto:<\/strong> Dimensiones reducidas (31,5 x 35 x 98,5 mm) para una f\u00e1cil integraci\u00f3n en diversos entornos.<\/p>\n<\/li>\n<\/ul>\n<p data-start=\"2409\" data-end=\"2440\"><strong data-start=\"2409\" data-end=\"2438\">Especificaciones t\u00e9cnicas:<\/strong><\/p>\n<ul data-start=\"2441\" data-end=\"2747\">\n<li data-start=\"2441\" data-end=\"2466\">\n<p data-start=\"2443\" data-end=\"2466\"><strong data-start=\"2443\" data-end=\"2456\">Frecuencia:<\/strong> 868 MHz<\/p>\n<\/li>\n<li data-start=\"2467\" data-end=\"2494\">\n<p data-start=\"2469\" data-end=\"2494\"><strong data-start=\"2469\" data-end=\"2482\">Alcance:<\/strong> 3\u20136 metros<\/p>\n<\/li>\n<li data-start=\"2495\" data-end=\"2547\">\n<p data-start=\"2497\" data-end=\"2547\"><strong data-start=\"2497\" data-end=\"2509\">Bater\u00eda:<\/strong> Pila de litio CR123 de 3 V (incluida)<\/p>\n<\/li>\n<li data-start=\"2548\" data-end=\"2581\">\n<p data-start=\"2550\" data-end=\"2581\"><strong data-start=\"2550\" data-end=\"2559\">Medida:<\/strong> 31,5 x 35 x 98,5 mm<\/p>\n<\/li>\n<li data-start=\"2582\" data-end=\"2622\">\n<p data-start=\"2584\" data-end=\"2622\"><strong data-start=\"2584\" data-end=\"2603\">Altura de montaje:<\/strong> Hasta 3 metros<\/p>\n<\/li>\n<li data-start=\"2623\" data-end=\"2698\">\n<p data-start=\"2625\" data-end=\"2698\"><strong data-start=\"2625\" data-end=\"2644\">Compatibilidad:<\/strong> Sistemas inal\u00e1mbricos unidireccionales y bidireccionales Risco\u2122<\/p>\n<\/li>\n<li data-start=\"2699\" data-end=\"2747\">\n<p data-start=\"2701\" data-end=\"2747\"><strong data-start=\"2701\" data-end=\"2733\">N\u00famero de pieza del proveedor:<\/strong> RWX10680000<\/p>\n<\/li>\n<\/ul>\n<p data-start=\"2749\" data-end=\"3060\">El detector de cortina Risco X106 es una protecci\u00f3n confiable y eficaz para ventanas y puertas de vidrio, lo que lo convierte en una excelente opci\u00f3n tanto para hogares como para negocios.<\/p>\n<p data-start=\"2749\" data-end=\"3060\">Con tecnolog\u00eda de protecci\u00f3n solar, compensaci\u00f3n de temperatura real y f\u00e1cil instalaci\u00f3n, este detector garantiza que su sistema de seguridad funcione de manera \u00f3ptima.<\/p>","protected":false},"excerpt":{"rendered":"<p>Risco Curtain Detector X106 es un detector PIR inal\u00e1mbrico para proteger ventanas y puertas de vidrio de gran tama\u00f1o.<\/p>\n<p>Tiene un alcance de 3 a 6 metros y utiliza tecnolog\u00eda de protecci\u00f3n solar para reducir las falsas alarmas.<\/p>","protected":false},"featured_media":145365,"template":"","meta":{"_acf_changed":false},"product_brand":[],"product_cat":[3188,2731],"product_tag":[3152],"class_list":{"0":"post-57491","1":"product","2":"type-product","3":"status-publish","4":"has-post-thumbnail","6":"product_cat-larmenheter-risco-larm","7":"product_cat-risco-larm","8":"product_tag-cr123-tillbehor","9":"product_shipping_class-postnord-varubrev","10":"pa_brands-4risco","11":"pa_risco-produkter-agility-4","12":"tm-no-options","14":"first","15":"onbackorder","16":"sale","17":"featured","18":"taxable","19":"shipping-taxable","20":"purchasable","21":"product-type-simple"},"acf":[],"_links":{"self":[{"href":"https:\/\/secureus.se\/es\/wp-json\/wp\/v2\/product\/57491","targetHints":{"allow":["GET"]}}],"collection":[{"href":"https:\/\/secureus.se\/es\/wp-json\/wp\/v2\/product"}],"about":[{"href":"https:\/\/secureus.se\/es\/wp-json\/wp\/v2\/types\/product"}],"wp:featuredmedia":[{"embeddable":true,"href":"https:\/\/secureus.se\/es\/wp-json\/wp\/v2\/media\/145365"}],"wp:attachment":[{"href":"https:\/\/secureus.se\/es\/wp-json\/wp\/v2\/media?parent=57491"}],"wp:term":[{"taxonomy":"product_brand","embeddable":true,"href":"https:\/\/secureus.se\/es\/wp-json\/wp\/v2\/product_brand?post=57491"},{"taxonomy":"product_cat","embeddable":true,"href":"https:\/\/secureus.se\/es\/wp-json\/wp\/v2\/product_cat?post=57491"},{"taxonomy":"product_tag","embeddable":true,"href":"https:\/\/secureus.se\/es\/wp-json\/wp\/v2\/product_tag?post=57491"}],"curies":[{"name":"wp","href":"https:\/\/api.w.org\/{rel}","templated":true}]}}