{"id":57494,"date":"2022-03-10T14:57:00","date_gmt":"2022-03-10T13:57:00","guid":{"rendered":"https:\/\/secureus.se\/produkt\/2-vags-wl-eyewave-pir-husdjurs-kamera-agililty4-och-wicomm-pro-2\/"},"modified":"2025-12-31T19:37:53","modified_gmt":"2025-12-31T18:37:53","slug":"risco-rorelsevakt-med-kamera-2-vags-husdjur-kameradetektor","status":"publish","type":"product","link":"https:\/\/secureus.se\/es\/risco-rorelsevakt-med-kamera-2-vags-husdjur-kameradetektor\/","title":{"rendered":"Sensor de movimiento Risco con c\u00e1mara bidireccional + Detector de c\u00e1mara para mascotas"},"content":{"rendered":"<h1 data-start=\"541\" data-end=\"896\">Sensor de movimiento Risco con c\u00e1mara bidireccional + Detector de c\u00e1mara para mascotas<\/h1>\n<p data-start=\"541\" data-end=\"896\">El detector de movimiento bidireccional con c\u00e1mara Risco (detector de c\u00e1mara RWX95CMP800C) es un detector PIR avanzado con c\u00e1mara incorporada, dise\u00f1ado para proporcionar verificaci\u00f3n visual de intrusi\u00f3n.<\/p>\n<p data-start=\"541\" data-end=\"896\">El detector que funciona con bater\u00eda es compatible con el sistema de seguridad Risco Agility\u2122 3 y ofrece una variedad de caracter\u00edsticas que lo hacen ideal para su uso en entornos residenciales y comerciales.<\/p>\n<p data-start=\"898\" data-end=\"1358\">En caso de un evento de intrusi\u00f3n o a solicitud del propietario, la c\u00e1mara captura y transmite una secuencia de im\u00e1genes al panel de control Agility 3\u2122.<\/p>\n<p data-start=\"898\" data-end=\"1358\">Estas im\u00e1genes se env\u00edan mediante comunicaci\u00f3n GPRS o IP a un servidor remoto o al software de la estaci\u00f3n central de monitoreo.<\/p>\n<p data-start=\"1360\" data-end=\"1761\">Una de las mayores ventajas de este detector de c\u00e1mara es la capacidad de verificar visualmente los eventos de alarma, lo que ayuda a reducir las falsas alarmas y aumenta la seguridad.<\/p>\n<p data-start=\"1360\" data-end=\"1761\">Al recibir im\u00e1genes del incidente, el propietario puede verificar por s\u00ed mismo si realmente se trata de un robo y tomar medidas r\u00e1pidamente.<\/p>\n<p data-start=\"1360\" data-end=\"1761\">Esto ahorra tiempo y recursos tanto para el usuario como para la estaci\u00f3n de monitoreo central.<\/p>\n<p data-start=\"1763\" data-end=\"2076\">El detector de c\u00e1mara est\u00e1 equipado con una c\u00e1mara VGA o QVGA con un amplio campo de visi\u00f3n de aproximadamente 85\u00b0.<\/p>\n<p data-start=\"1763\" data-end=\"2076\">Para permitir la captura de im\u00e1genes incluso en la oscuridad, est\u00e1 equipado con un discreto flash IR que funciona hasta 10 metros.<\/p>\n<p data-start=\"1763\" data-end=\"2076\">Tambi\u00e9n es posible configurar el n\u00famero de im\u00e1genes y la velocidad de cuadros (fps) en caso de un evento de alarma.<\/p>\n<p data-start=\"2078\" data-end=\"2379\">Para ahorrar bater\u00eda y proteger la privacidad del usuario, no se toman fotograf\u00edas al desarmar.<\/p>\n<p data-start=\"2078\" data-end=\"2379\">Para facilitar su uso, las im\u00e1genes tambi\u00e9n se pueden solicitar a pedido a trav\u00e9s de un tel\u00e9fono inteligente o un navegador web. Las im\u00e1genes se almacenan en el detector hasta que se transfieren al panel, lo que garantiza que no se pierda ninguna evidencia importante.<\/p>\n<p data-start=\"2381\" data-end=\"2411\"><strong data-start=\"2381\" data-end=\"2409\">Caracter\u00edsticas principales:<\/strong><\/p>\n<ul data-start=\"2412\" data-end=\"3108\">\n<li data-start=\"2412\" data-end=\"2482\">\n<p data-start=\"2414\" data-end=\"2482\"><strong data-start=\"2414\" data-end=\"2425\">C\u00e1mara:<\/strong> Resoluci\u00f3n VGA o QVGA con un campo de visi\u00f3n de aproximadamente 85\u00b0<\/p>\n<\/li>\n<li data-start=\"2483\" data-end=\"2568\">\n<p data-start=\"2485\" data-end=\"2568\"><strong data-start=\"2485\" data-end=\"2498\">Flash infrarrojo:<\/strong> Flash IR discreto para disparar en total oscuridad, hasta 10 metros<\/p>\n<\/li>\n<li data-start=\"2569\" data-end=\"2612\">\n<p data-start=\"2571\" data-end=\"2612\"><strong data-start=\"2571\" data-end=\"2584\">Alcance:<\/strong> Alcance de detecci\u00f3n de 12 metros<\/p>\n<\/li>\n<li data-start=\"2613\" data-end=\"2670\">\n<p data-start=\"2615\" data-end=\"2670\"><strong data-start=\"2615\" data-end=\"2627\">Bater\u00eda:<\/strong> Alimentado por 2 bater\u00edas de litio de 3 V de larga duraci\u00f3n.<\/p>\n<\/li>\n<li data-start=\"2671\" data-end=\"2764\">\n<p data-start=\"2673\" data-end=\"2764\"><strong data-start=\"2673\" data-end=\"2697\">Verificaci\u00f3n visual:<\/strong> Env\u00eda im\u00e1genes en caso de eventos de intrusi\u00f3n y a petici\u00f3n del usuario.<\/p>\n<\/li>\n<li data-start=\"2765\" data-end=\"2830\">\n<p data-start=\"2767\" data-end=\"2830\"><strong data-start=\"2767\" data-end=\"2786\">Compatibilidad:<\/strong> Compatible con el sistema de seguridad Agility\u2122 3<\/p>\n<\/li>\n<li data-start=\"2831\" data-end=\"2905\">\n<p data-start=\"2833\" data-end=\"2905\"><strong data-start=\"2833\" data-end=\"2855\">Secuencia de im\u00e1genes:<\/strong> N\u00famero configurable de cuadros y fps en el evento<\/p>\n<\/li>\n<li data-start=\"2906\" data-end=\"2961\">\n<p data-start=\"2908\" data-end=\"2961\"><strong data-start=\"2908\" data-end=\"2929\">Protecci\u00f3n de la privacidad:<\/strong> No se toman fotograf\u00edas al desarmar<\/p>\n<\/li>\n<li data-start=\"2962\" data-end=\"3034\">\n<p data-start=\"2964\" data-end=\"3034\"><strong data-start=\"2964\" data-end=\"2981\">Acceso remoto:<\/strong> Las im\u00e1genes se pueden solicitar a trav\u00e9s de un tel\u00e9fono inteligente o un navegador.<\/p>\n<\/li>\n<li data-start=\"3035\" data-end=\"3108\">\n<p data-start=\"3037\" data-end=\"3108\"><strong data-start=\"3037\" data-end=\"3049\">Almacenamiento:<\/strong> Las im\u00e1genes se almacenan en el detector hasta que se env\u00edan al panel.<\/p>\n<\/li>\n<\/ul>\n<p data-start=\"3110\" data-end=\"3141\"><strong data-start=\"3110\" data-end=\"3139\">Especificaciones t\u00e9cnicas:<\/strong><\/p>\n<ul data-start=\"3142\" data-end=\"3481\">\n<li data-start=\"3142\" data-end=\"3176\">\n<p data-start=\"3144\" data-end=\"3176\"><strong data-start=\"3144\" data-end=\"3159\">Resoluci\u00f3n:<\/strong> VGA o QVGA<\/p>\n<\/li>\n<li data-start=\"3177\" data-end=\"3197\">\n<p data-start=\"3179\" data-end=\"3197\"><strong data-start=\"3179\" data-end=\"3191\">Campo de visi\u00f3n:<\/strong> 85\u00b0<\/p>\n<\/li>\n<li data-start=\"3198\" data-end=\"3224\">\n<p data-start=\"3200\" data-end=\"3224\"><strong data-start=\"3200\" data-end=\"3213\">Alcance:<\/strong> 12 metros<\/p>\n<\/li>\n<li data-start=\"3225\" data-end=\"3260\">\n<p data-start=\"3227\" data-end=\"3260\"><strong data-start=\"3227\" data-end=\"3240\">Flash infrarrojo:<\/strong> Hasta 10 metros<\/p>\n<\/li>\n<li data-start=\"3261\" data-end=\"3300\">\n<p data-start=\"3263\" data-end=\"3300\"><strong data-start=\"3263\" data-end=\"3275\">Bater\u00eda:<\/strong> 2 bater\u00edas de litio de 3 V<\/p>\n<\/li>\n<li data-start=\"3301\" data-end=\"3340\">\n<p data-start=\"3303\" data-end=\"3340\"><strong data-start=\"3303\" data-end=\"3319\">Dimensiones:<\/strong> 132 x 67,5 x 56 mm<\/p>\n<\/li>\n<li data-start=\"3341\" data-end=\"3433\">\n<p data-start=\"3343\" data-end=\"3433\"><strong data-start=\"3343\" data-end=\"3358\">Caracter\u00edsticas:<\/strong> Sensor PIR, c\u00e1mara, flash IR, comunicaci\u00f3n inal\u00e1mbrica, verificaci\u00f3n visual<\/p>\n<\/li>\n<li data-start=\"3434\" data-end=\"3481\">\n<p data-start=\"3436\" data-end=\"3481\"><strong data-start=\"3436\" data-end=\"3468\">N\u00famero de pieza del proveedor:<\/strong> RWX95CMP800C<\/p>\n<\/li>\n<\/ul>\n<p data-start=\"3483\" data-end=\"3776\">El sensor de movimiento bidireccional con c\u00e1mara Risco es una opci\u00f3n perfecta para los usuarios que desean tanto detecci\u00f3n de movimiento como verificaci\u00f3n visual de eventos de seguridad.<\/p>\n<p data-start=\"3483\" data-end=\"3776\">Con su tecnolog\u00eda avanzada, funciones f\u00e1ciles de usar y dise\u00f1o alimentado por bater\u00eda, este detector es una parte confiable de cualquier sistema de seguridad.<\/p>\n<div class=\"field field-name-field-product-description field-type-text-long field-label-hidden\">\n<div class=\"field-items\">\n<div class=\"field-item even\">\n<div>\n<div class=\"row\">\n<div>\n<h4>\u00a1Aprenda m\u00e1s sobre WiComm Pro y estas posibilidades!<\/h4>\n<p><a href=\"https:\/\/www.riscogroup.com\/products\/product\/52708\" target=\"_blank\" rel=\"noopener\">Puede leer m\u00e1s sobre WiCom Pro en el sitio web de Risco Group.\u00a0<\/a><\/p>\n<p><iframe title=\"Wicomm Smart Hub EE. UU.\" width=\"1170\" height=\"658\" src=\"https:\/\/www.youtube.com\/embed\/5PHoH2dRjEs?feature=oembed\" frameborder=\"0\" allow=\"accelerometer; autoplay; clipboard-write; encrypted-media; gyroscope; picture-in-picture; web-share\" referrerpolicy=\"strict-origin-when-cross-origin\" allowfullscreen><\/iframe><\/p>\n<\/div>\n<\/div>\n<\/div>\n<\/div>\n<\/div>\n<\/div>","protected":false},"excerpt":{"rendered":"<p>El sensor de movimiento bidireccional Risco con c\u00e1mara y funci\u00f3n para mascotas (RWX95CMP800C) es un detector PIR que funciona con bater\u00eda y tiene una c\u00e1mara integrada para verificaci\u00f3n visual.<\/p>\n<p>Es perfecto para usar con el sistema de seguridad Agility\u2122 3 y ofrece un alcance de 12 metros, lente gran angular y flash IR discreto para tomar fotograf\u00edas en la oscuridad. Funci\u00f3n mascota hasta 36 kg.<\/p>","protected":false},"featured_media":145489,"template":"","meta":{"_acf_changed":false},"product_brand":[],"product_cat":[3188,2731],"product_tag":[],"class_list":{"0":"post-57494","1":"product","2":"type-product","3":"status-publish","4":"has-post-thumbnail","6":"product_cat-larmenheter-risco-larm","7":"product_cat-risco-larm","8":"product_shipping_class-postnord-varubrev","9":"pa_brands-4risco","10":"pa_risco-produkter-agility-3","11":"pa_risco-produkter-agility-4","12":"pa_wicomm-pro-kategorier-kameradetektorer","13":"tm-no-options","15":"first","16":"instock","17":"sale","18":"featured","19":"taxable","20":"shipping-taxable","21":"purchasable","22":"product-type-simple"},"acf":[],"_links":{"self":[{"href":"https:\/\/secureus.se\/es\/wp-json\/wp\/v2\/product\/57494","targetHints":{"allow":["GET"]}}],"collection":[{"href":"https:\/\/secureus.se\/es\/wp-json\/wp\/v2\/product"}],"about":[{"href":"https:\/\/secureus.se\/es\/wp-json\/wp\/v2\/types\/product"}],"wp:featuredmedia":[{"embeddable":true,"href":"https:\/\/secureus.se\/es\/wp-json\/wp\/v2\/media\/145489"}],"wp:attachment":[{"href":"https:\/\/secureus.se\/es\/wp-json\/wp\/v2\/media?parent=57494"}],"wp:term":[{"taxonomy":"product_brand","embeddable":true,"href":"https:\/\/secureus.se\/es\/wp-json\/wp\/v2\/product_brand?post=57494"},{"taxonomy":"product_cat","embeddable":true,"href":"https:\/\/secureus.se\/es\/wp-json\/wp\/v2\/product_cat?post=57494"},{"taxonomy":"product_tag","embeddable":true,"href":"https:\/\/secureus.se\/es\/wp-json\/wp\/v2\/product_tag?post=57494"}],"curies":[{"name":"wp","href":"https:\/\/api.w.org\/{rel}","templated":true}]}}