{"id":57499,"date":"2022-03-10T14:57:00","date_gmt":"2022-03-10T13:57:00","guid":{"rendered":"https:\/\/secureus.se\/produkt\/180-faste-till-beyond-dt-detektorer-agility4-wicomm-pro\/"},"modified":"2025-12-31T19:36:02","modified_gmt":"2025-12-31T18:36:02","slug":"risco-faste-till-beyond-detektorer","status":"publish","type":"product","link":"https:\/\/secureus.se\/es\/risco-faste-till-beyond-detektorer\/","title":{"rendered":"Soporte Risco para detectores Beyond"},"content":{"rendered":"<div>\n<h1>Soporte Risco para detectores Beyond<\/h1>\n<p data-start=\"346\" data-end=\"734\">El soporte Risco para detectores Beyond 180\u00b0 (mod. RA350S00000) es un pr\u00e1ctico accesorio que permite ajustar y rotar los detectores Beyond DT en un \u00e1ngulo de 180\u00b0, proporcionando flexibilidad y precisi\u00f3n durante la instalaci\u00f3n.<\/p>\n<p data-start=\"346\" data-end=\"734\">Este soporte es particularmente \u00fatil para garantizar que el detector monitoree con precisi\u00f3n el \u00e1rea que desea proteger, maximizando el \u00e1rea de cobertura y la efectividad.<\/p>\n<p data-start=\"736\" data-end=\"1065\">El soporte est\u00e1 dise\u00f1ado para integrarse f\u00e1cilmente con la serie de detectores Beyond, lo que hace que la instalaci\u00f3n sea sencilla y r\u00e1pida.<\/p>\n<p data-start=\"736\" data-end=\"1065\">La funci\u00f3n ajustable permite al usuario optimizar la cobertura del detector y es una soluci\u00f3n perfecta para instalaciones al aire libre donde los ajustes precisos pueden ser cruciales para lograr los mejores resultados.<\/p>\n<p data-start=\"1067\" data-end=\"1240\">Este soporte es un accesorio indispensable para Beyond Detectors, que simplifica el proceso de instalaci\u00f3n y garantiza un monitoreo preciso y efectivo.<\/p>\n<p data-start=\"1242\" data-end=\"1272\"><strong data-start=\"1242\" data-end=\"1270\">Caracter\u00edsticas principales:<\/strong><\/p>\n<ul data-start=\"1273\" data-end=\"1676\">\n<li data-start=\"1273\" data-end=\"1380\">\n<p data-start=\"1275\" data-end=\"1380\"><strong data-start=\"1275\" data-end=\"1294\">Ajuste de 180\u00b0:<\/strong> Permite un f\u00e1cil ajuste de los detectores Beyond DT para cubrir el \u00e1rea exacta deseada<\/p>\n<\/li>\n<li data-start=\"1381\" data-end=\"1489\">\n<p data-start=\"1383\" data-end=\"1489\"><strong data-start=\"1383\" data-end=\"1403\">Para uso en exteriores:<\/strong> Perfecto para instalar detectores Beyond en exteriores y ajustarlos para obtener la mejor cobertura.<\/p>\n<\/li>\n<li data-start=\"1490\" data-end=\"1574\">\n<p data-start=\"1492\" data-end=\"1574\"><strong data-start=\"1492\" data-end=\"1515\">F\u00e1cil instalaci\u00f3n:<\/strong> Hace que la instalaci\u00f3n de Beyond Detectors sea r\u00e1pida y sencilla<\/p>\n<\/li>\n<li data-start=\"1575\" data-end=\"1676\">\n<p data-start=\"1577\" data-end=\"1676\"><strong data-start=\"1577\" data-end=\"1601\">Optimizaci\u00f3n de la cobertura:<\/strong> Ayuda a maximizar la eficiencia del detector mediante una alineaci\u00f3n precisa<\/p>\n<\/li>\n<\/ul>\n<p data-start=\"1678\" data-end=\"1709\"><strong data-start=\"1678\" data-end=\"1707\">Especificaciones t\u00e9cnicas:<\/strong><\/p>\n<ul data-start=\"1710\" data-end=\"1848\">\n<li data-start=\"1710\" data-end=\"1754\">\n<p data-start=\"1712\" data-end=\"1754\"><strong data-start=\"1712\" data-end=\"1731\">Compatibilidad:<\/strong> M\u00e1s all\u00e1 de los detectores DT<\/p>\n<\/li>\n<li data-start=\"1755\" data-end=\"1799\">\n<p data-start=\"1757\" data-end=\"1799\"><strong data-start=\"1757\" data-end=\"1771\">Ajuste:<\/strong> 180\u00b0 para una alineaci\u00f3n precisa<\/p>\n<\/li>\n<li data-start=\"1800\" data-end=\"1848\">\n<p data-start=\"1802\" data-end=\"1848\"><strong data-start=\"1802\" data-end=\"1834\">N\u00famero de pieza del proveedor:<\/strong> RA350S00000<\/p>\n<\/li>\n<\/ul>\n<p data-start=\"1850\" data-end=\"2041\">El soporte de 180\u00b0 Beyond Detectors de Risco permite a los usuarios optimizar la cobertura de sus detectores y garantizar que el \u00e1rea a monitorear est\u00e9 protegida de manera efectiva y con precisi\u00f3n.<\/p>\n<\/div>","protected":false},"excerpt":{"rendered":"<p data-start=\"132\" data-end=\"312\">El soporte para detector Risco Beyond de 180\u00b0 permite ajustar los detectores Beyond DT para que puedan girarse 180\u00b0, lo que facilita una alineaci\u00f3n precisa para monitorear las \u00e1reas deseadas.<\/p>","protected":false},"featured_media":158863,"template":"","meta":{"_acf_changed":false},"product_brand":[],"product_cat":[3191,2731],"product_tag":[],"class_list":{"0":"post-57499","1":"product","2":"type-product","3":"status-publish","4":"has-post-thumbnail","6":"product_cat-utomhusdetektorer","7":"product_cat-risco-larm","8":"product_shipping_class-postnord-varubrev","9":"pa_risco-produkter-agility-3","10":"pa_risco-produkter-agility-4","11":"pa_wicomm-pro-kategorier-kameradetektorer","12":"pa_wicomm-pro-kategorier-rorelsedetektor","13":"tm-no-options","15":"first","16":"instock","17":"sale","18":"featured","19":"taxable","20":"shipping-taxable","21":"purchasable","22":"product-type-simple"},"acf":[],"_links":{"self":[{"href":"https:\/\/secureus.se\/es\/wp-json\/wp\/v2\/product\/57499","targetHints":{"allow":["GET"]}}],"collection":[{"href":"https:\/\/secureus.se\/es\/wp-json\/wp\/v2\/product"}],"about":[{"href":"https:\/\/secureus.se\/es\/wp-json\/wp\/v2\/types\/product"}],"wp:featuredmedia":[{"embeddable":true,"href":"https:\/\/secureus.se\/es\/wp-json\/wp\/v2\/media\/158863"}],"wp:attachment":[{"href":"https:\/\/secureus.se\/es\/wp-json\/wp\/v2\/media?parent=57499"}],"wp:term":[{"taxonomy":"product_brand","embeddable":true,"href":"https:\/\/secureus.se\/es\/wp-json\/wp\/v2\/product_brand?post=57499"},{"taxonomy":"product_cat","embeddable":true,"href":"https:\/\/secureus.se\/es\/wp-json\/wp\/v2\/product_cat?post=57499"},{"taxonomy":"product_tag","embeddable":true,"href":"https:\/\/secureus.se\/es\/wp-json\/wp\/v2\/product_tag?post=57499"}],"curies":[{"name":"wp","href":"https:\/\/api.w.org\/{rel}","templated":true}]}}