{"id":57502,"date":"2022-03-10T14:57:00","date_gmt":"2022-03-10T13:57:00","guid":{"rendered":"https:\/\/secureus.se\/produkt\/manoverpanel-panda-prox-dubbelriktad-kommunikation-for-wicomm-pro-obs-aven-for-version-agility-4-5-10-eller-hogre\/"},"modified":"2025-12-31T19:37:24","modified_gmt":"2025-12-31T18:37:24","slug":"risco-knappsats-prox-2-vags","status":"publish","type":"product","link":"https:\/\/secureus.se\/es\/risco-knappsats-prox-2-vags\/","title":{"rendered":"Teclado Risco Prox 2 v\u00edas - WiComm Pro"},"content":{"rendered":"<h1>Teclado Risco Prox de 2 v\u00edas<\/h1>\n<p data-start=\"444\" data-end=\"979\">Panel de control KeyPad WiComm Pro Panda es el \u00faltimo y m\u00e1s actualizado panel de control de RISCO, que ofrece un dise\u00f1o elegante y con estilo con una alta funcionalidad.<\/p>\n<p data-start=\"444\" data-end=\"979\">Este teclado inal\u00e1mbrico bidireccional proporciona programaci\u00f3n y control remotos del sistema de seguridad inal\u00e1mbrico de RISCO.<\/p>\n<p data-start=\"444\" data-end=\"979\">Al ser bidireccional, el teclado recibe un estado de respuesta del panel por cada comando enviado, mejorando la experiencia del usuario y la seguridad.<\/p>\n<p data-start=\"444\" data-end=\"979\">\u00daselo f\u00e1cilmente con un c\u00f3digo o una etiqueta de proximidad (RFID).<\/p>\n<p data-start=\"981\" data-end=\"1416\">Con hasta tres teclados inal\u00e1mbricos por sistema y una tecla SOS\/Emergencia para comunicaci\u00f3n bidireccional, WiComm Pro Panda ofrece una soluci\u00f3n segura y flexible para las necesidades de seguridad.<\/p>\n<p data-start=\"981\" data-end=\"1416\">Tambi\u00e9n cuenta con doble protecci\u00f3n antimanipulaci\u00f3n (caja y pared) y un modo de ahorro de bater\u00eda para uso a largo plazo.<\/p>\n<p data-start=\"981\" data-end=\"1416\">Gracias a sus teclados duraderos e indicadores visuales actualizados, es f\u00e1cil de usar y confiable para la identificaci\u00f3n de problemas y el estado de las alarmas.<\/p>","protected":false},"excerpt":{"rendered":"<p>El teclado bidireccional inal\u00e1mbrico WiComm Pro Panda es perfecto para el sistema de seguridad inal\u00e1mbrico de RISCO y ofrece alta confiabilidad y un dise\u00f1o moderno.<\/p>\n<p>Dispone de lector RFID y llave SOS\/Emergencia para comunicaci\u00f3n bidireccional.<\/p>","protected":false},"featured_media":145284,"template":"","meta":{"_acf_changed":false},"product_brand":[],"product_cat":[2731,4879],"product_tag":[],"class_list":{"0":"post-57502","1":"product","2":"type-product","3":"status-publish","4":"has-post-thumbnail","6":"product_cat-risco-larm","7":"product_cat-wicomm-pro","8":"product_shipping_class-postnord-varubrev","9":"pa_brands-4risco","10":"pa_risco-produkter-agility-4","11":"pa_wicomm-pro-kategorier-manoverpaneler-knappar","12":"tm-no-options","14":"first","15":"onbackorder","16":"sale","17":"featured","18":"taxable","19":"shipping-taxable","20":"purchasable","21":"product-type-simple"},"acf":[],"_links":{"self":[{"href":"https:\/\/secureus.se\/es\/wp-json\/wp\/v2\/product\/57502","targetHints":{"allow":["GET"]}}],"collection":[{"href":"https:\/\/secureus.se\/es\/wp-json\/wp\/v2\/product"}],"about":[{"href":"https:\/\/secureus.se\/es\/wp-json\/wp\/v2\/types\/product"}],"wp:featuredmedia":[{"embeddable":true,"href":"https:\/\/secureus.se\/es\/wp-json\/wp\/v2\/media\/145284"}],"wp:attachment":[{"href":"https:\/\/secureus.se\/es\/wp-json\/wp\/v2\/media?parent=57502"}],"wp:term":[{"taxonomy":"product_brand","embeddable":true,"href":"https:\/\/secureus.se\/es\/wp-json\/wp\/v2\/product_brand?post=57502"},{"taxonomy":"product_cat","embeddable":true,"href":"https:\/\/secureus.se\/es\/wp-json\/wp\/v2\/product_cat?post=57502"},{"taxonomy":"product_tag","embeddable":true,"href":"https:\/\/secureus.se\/es\/wp-json\/wp\/v2\/product_tag?post=57502"}],"curies":[{"name":"wp","href":"https:\/\/api.w.org\/{rel}","templated":true}]}}