{"id":57504,"date":"2022-03-10T14:57:00","date_gmt":"2022-03-10T13:57:00","guid":{"rendered":"https:\/\/secureus.se\/produkt\/2-vags-tradlos-inomhus-siren-agililty2-3-4-och-wicomm-pro\/"},"modified":"2025-12-31T19:42:04","modified_gmt":"2025-12-31T18:42:04","slug":"risco-siren-2-vags-inomhus-105db","status":"publish","type":"product","link":"https:\/\/secureus.se\/es\/risco-siren-2-vags-inomhus-105db\/","title":{"rendered":"Sirena Risco bidireccional para interiores, 105 dB"},"content":{"rendered":"<h1>Sirena Risco bidireccional para interiores, 105 dB<\/h1>\n<p data-start=\"413\" data-end=\"910\">Sirena Risco Bidireccional Interior 105dB WiComm Pro Agility es una sirena inal\u00e1mbrica y alimentada por bater\u00eda que proporciona alta seguridad y confiabilidad.<\/p>\n<p data-start=\"413\" data-end=\"910\">Con comunicaci\u00f3n por radio bidireccional, la sirena ofrece monitoreo continuo de manipulaci\u00f3n, voltaje de bater\u00eda y retardo de entrada.<\/p>\n<p data-start=\"413\" data-end=\"910\">Tiene una funci\u00f3n de prealarma incorporada que se activa si el panel de control es manipulado o saboteado durante el retardo de entrada sin que se ingrese un c\u00f3digo v\u00e1lido.<\/p>\n<p data-start=\"413\" data-end=\"910\">Esto proporciona una capa adicional de protecci\u00f3n contra intrusiones.<\/p>\n<p data-start=\"912\" data-end=\"1393\">Con un volumen de 105 dB, la sirena es lo suficientemente fuerte como para avisar en caso de alarma.<\/p>\n<p data-start=\"912\" data-end=\"1393\">La sirena funciona completamente con bater\u00eda y no necesita fuente de alimentaci\u00f3n externa, lo que la hace muy flexible en su instalaci\u00f3n.<\/p>\n<p data-start=\"912\" data-end=\"1393\">La duraci\u00f3n de la bater\u00eda es de aproximadamente tres a\u00f1os y las bater\u00edas est\u00e1n incluidas en la entrega.<\/p>\n<p data-start=\"912\" data-end=\"1393\">Con una robusta protecci\u00f3n antimanipulaci\u00f3n (caja y protecci\u00f3n trasera), esta sirena es confiable y segura.<\/p>\n<p data-start=\"912\" data-end=\"1393\">La sirena tambi\u00e9n se puede programar de forma remota y tiene funciones de diagn\u00f3stico para facilitar el monitoreo y la resoluci\u00f3n de problemas.<\/p>\n<p><iframe title=\"Wicomm Smart Hub EE. UU.\" width=\"1170\" height=\"658\" src=\"https:\/\/www.youtube.com\/embed\/5PHoH2dRjEs?feature=oembed\" frameborder=\"0\" allow=\"accelerometer; autoplay; clipboard-write; encrypted-media; gyroscope; picture-in-picture; web-share\" referrerpolicy=\"strict-origin-when-cross-origin\" allowfullscreen><\/iframe><\/p>","protected":false},"excerpt":{"rendered":"<p>Sirena interior inal\u00e1mbrica para Risco Agility WiComm Pro y Wisdom, con comunicaci\u00f3n por radio bidireccional, protecci\u00f3n antimanipulaci\u00f3n y un nivel sonoro de 105 dB.<\/p>\n<p>Alimentado por bater\u00eda y aut\u00f3nomo, perfecto para instalaciones de seguridad.<\/p>","protected":false},"featured_media":145483,"template":"","meta":{"_acf_changed":false},"product_brand":[],"product_cat":[2731,3190],"product_tag":[2262,2420,3070],"class_list":{"0":"post-57504","1":"product","2":"type-product","3":"status-publish","4":"has-post-thumbnail","6":"product_cat-risco-larm","7":"product_cat-sirener-risco-larm","8":"product_tag-larmdon-siren-utomhus","9":"product_tag-rel-larmdonblixt","10":"product_tag-wicomm-pro-siren","11":"product_shipping_class-postnord-varubrev","12":"pa_brands-4risco","13":"pa_risco-produkter-agility-2","14":"pa_risco-produkter-agility-3","15":"pa_risco-produkter-agility-4","16":"pa_wicomm-pro-kategorier-sinerer","17":"tm-no-options","19":"first","20":"instock","21":"sale","22":"featured","23":"taxable","24":"shipping-taxable","25":"purchasable","26":"product-type-simple"},"acf":[],"_links":{"self":[{"href":"https:\/\/secureus.se\/es\/wp-json\/wp\/v2\/product\/57504","targetHints":{"allow":["GET"]}}],"collection":[{"href":"https:\/\/secureus.se\/es\/wp-json\/wp\/v2\/product"}],"about":[{"href":"https:\/\/secureus.se\/es\/wp-json\/wp\/v2\/types\/product"}],"wp:featuredmedia":[{"embeddable":true,"href":"https:\/\/secureus.se\/es\/wp-json\/wp\/v2\/media\/145483"}],"wp:attachment":[{"href":"https:\/\/secureus.se\/es\/wp-json\/wp\/v2\/media?parent=57504"}],"wp:term":[{"taxonomy":"product_brand","embeddable":true,"href":"https:\/\/secureus.se\/es\/wp-json\/wp\/v2\/product_brand?post=57504"},{"taxonomy":"product_cat","embeddable":true,"href":"https:\/\/secureus.se\/es\/wp-json\/wp\/v2\/product_cat?post=57504"},{"taxonomy":"product_tag","embeddable":true,"href":"https:\/\/secureus.se\/es\/wp-json\/wp\/v2\/product_tag?post=57504"}],"curies":[{"name":"wp","href":"https:\/\/api.w.org\/{rel}","templated":true}]}}