{"id":57505,"date":"2022-03-10T14:57:00","date_gmt":"2022-03-10T13:57:00","guid":{"rendered":"https:\/\/secureus.se\/produkt\/risco-agility-gsm-gprs-2g-modul\/"},"modified":"2025-12-31T19:36:09","modified_gmt":"2025-12-31T18:36:09","slug":"risco-agility-gsm-gprs-2g-modul","status":"publish","type":"product","link":"https:\/\/secureus.se\/es\/risco-agility-gsm-gprs-2g-modul\/","title":{"rendered":"M\u00d3DULO Risco Agility GSM\/GPRS 2G - DESCONTINUADO"},"content":{"rendered":"<h1>M\u00f3dulo GSM\/GPRS 2G Risco Agility<\/h1>\n<p data-start=\"433\" data-end=\"917\">El m\u00f3dulo GSM\/GPRS 2G Agility de Risco (mod. RW132G2) es un componente importante para ampliar la funcionalidad del sistema de seguridad Agility.<\/p>\n<p data-start=\"433\" data-end=\"917\">Este m\u00f3dulo a\u00f1ade la capacidad de comunicarse v\u00eda redes GSM\/GPRS, lo que permite al sistema transmitir alarmas y eventos tanto a las personas de contacto como a la central de alarmas.<\/p>\n<p data-start=\"433\" data-end=\"917\">Es una soluci\u00f3n perfecta para los usuarios que desean un m\u00e9todo seguro y confiable de transmisi\u00f3n de alarmas donde la comunicaci\u00f3n basada en Internet a trav\u00e9s de Risco Cloud no es una opci\u00f3n.<\/p>\n<p data-start=\"919\" data-end=\"1302\">Cuando Agility 3 se entrega en su versi\u00f3n b\u00e1sica, viene con una tarjeta de red para conectarse a Risco Cloud para la transmisi\u00f3n de alarmas.<\/p>\n<p data-start=\"919\" data-end=\"1302\">Para los usuarios que a\u00fan quieran utilizar los m\u00e9todos tradicionales de transmisi\u00f3n de alarma v\u00eda GSM o GPRS, se debe instalar esta tarjeta enchufable.<\/p>\n<p data-start=\"919\" data-end=\"1302\">Esto le da al sistema la capacidad de enviar SMS o alertas de voz a personas de contacto preseleccionadas en caso de eventos o alarmas del sistema.<\/p>\n<p data-start=\"1304\" data-end=\"1742\">El m\u00f3dulo admite la marcaci\u00f3n por voz a los contactos, permitiendo a los usuarios recibir una llamada directa en caso de alarmas o eventos del sistema, lo que puede ser una alternativa importante en situaciones donde los SMS no son suficientes.<\/p>\n<p data-start=\"1304\" data-end=\"1742\">Adem\u00e1s, permite la transmisi\u00f3n de alarmas a centrales de alarma v\u00eda GSM en formato de alarma ContactID o SIA, as\u00ed como la transmisi\u00f3n v\u00eda GPRS en formato de alarma SIA IP, haciendo el sistema compatible con una amplia gama de centrales de alarma.<\/p>\n<p data-start=\"1744\" data-end=\"1967\">El m\u00f3dulo tambi\u00e9n permite la conexi\u00f3n a Risco Cloud a trav\u00e9s de GPRS, lo que permite a los usuarios seguir teniendo control y monitorizaci\u00f3n remota de su sistema aunque utilicen la transmisi\u00f3n de alarma tradicional a trav\u00e9s de GSM\/GPRS.<\/p>\n<p data-start=\"1969\" data-end=\"1999\"><strong data-start=\"1969\" data-end=\"1997\">Caracter\u00edsticas principales:<\/strong><\/p>\n<ul data-start=\"2000\" data-end=\"2580\">\n<li data-start=\"2000\" data-end=\"2069\">\n<p data-start=\"2002\" data-end=\"2069\"><strong data-start=\"2002\" data-end=\"2029\">Comunicaci\u00f3n GSM\/GPRS:<\/strong> Permite la transmisi\u00f3n de alarmas mediante GSM\/GPRS<\/p>\n<\/li>\n<li data-start=\"2070\" data-end=\"2151\">\n<p data-start=\"2072\" data-end=\"2151\"><strong data-start=\"2072\" data-end=\"2085\">Alarma SMS:<\/strong> Env\u00eda SMS a las personas de contacto en caso de alarmas o eventos del sistema.<\/p>\n<\/li>\n<li data-start=\"2152\" data-end=\"2222\">\n<p data-start=\"2154\" data-end=\"2222\"><strong data-start=\"2154\" data-end=\"2174\">Marcaci\u00f3n por voz:<\/strong> Marcaci\u00f3n por voz para contactar personas en caso de alarma<\/p>\n<\/li>\n<li data-start=\"2223\" data-end=\"2292\">\n<p data-start=\"2225\" data-end=\"2292\"><strong data-start=\"2225\" data-end=\"2243\">Mando a distancia:<\/strong> Men\u00fa de voz para el control remoto del sistema Agility<\/p>\n<\/li>\n<li data-start=\"2293\" data-end=\"2387\">\n<p data-start=\"2295\" data-end=\"2387\"><strong data-start=\"2295\" data-end=\"2331\">Transmisi\u00f3n de alarma a central de alarmas:<\/strong> Admite ContactID y SIA a trav\u00e9s de GSM y SIA IP a trav\u00e9s de GPRS<\/p>\n<\/li>\n<li data-start=\"2388\" data-end=\"2476\">\n<p data-start=\"2390\" data-end=\"2476\"><strong data-start=\"2390\" data-end=\"2406\">Nube de riesgos:<\/strong> Permite la conexi\u00f3n a Risco Cloud a trav\u00e9s de GPRS para monitoreo remoto<\/p>\n<\/li>\n<li data-start=\"2477\" data-end=\"2580\">\n<p data-start=\"2479\" data-end=\"2580\"><strong data-start=\"2479\" data-end=\"2495\">Combinaci\u00f3n:<\/strong> No se puede combinar la transmisi\u00f3n de alarma GSM\/GPRS y la conexi\u00f3n a Risco Cloud al mismo tiempo<\/p>\n<\/li>\n<\/ul>\n<p data-start=\"2582\" data-end=\"2613\"><strong data-start=\"2582\" data-end=\"2611\">Especificaciones t\u00e9cnicas:<\/strong><\/p>\n<ul data-start=\"2614\" data-end=\"2841\">\n<li data-start=\"2614\" data-end=\"2640\">\n<p data-start=\"2616\" data-end=\"2640\"><strong data-start=\"2616\" data-end=\"2629\">Frecuencia:<\/strong> GSM\/GPRS<\/p>\n<\/li>\n<li data-start=\"2641\" data-end=\"2696\">\n<p data-start=\"2643\" data-end=\"2696\"><strong data-start=\"2643\" data-end=\"2658\">Formato de alarma:<\/strong> Identificaci\u00f3n de contacto, SIA (GSM); SIA IP (GPRS)<\/p>\n<\/li>\n<li data-start=\"2697\" data-end=\"2736\">\n<p data-start=\"2699\" data-end=\"2736\"><strong data-start=\"2699\" data-end=\"2717\">Mando a distancia:<\/strong> S\u00ed, a trav\u00e9s del men\u00fa de voz<\/p>\n<\/li>\n<li data-start=\"2737\" data-end=\"2796\">\n<p data-start=\"2739\" data-end=\"2796\"><strong data-start=\"2739\" data-end=\"2762\">M\u00e9todo de instalaci\u00f3n:<\/strong> Tarjetas enchufables en el sistema Agility<\/p>\n<\/li>\n<li data-start=\"2797\" data-end=\"2841\">\n<p data-start=\"2799\" data-end=\"2841\"><strong data-start=\"2799\" data-end=\"2831\">N\u00famero de pieza del proveedor:<\/strong> RW132G2<\/p>\n<\/li>\n<\/ul>\n<p data-start=\"2843\" data-end=\"3060\">El m\u00f3dulo Risco Agility GSM\/GPRS 2G es una soluci\u00f3n confiable y flexible para usuarios que necesitan utilizar la transmisi\u00f3n de alarma GSM\/GPRS tradicional y al mismo tiempo tener la opci\u00f3n de monitoreo y control remoto a trav\u00e9s de Risco Cloud.<\/p>","protected":false},"excerpt":{"rendered":"<p>El m\u00f3dulo Risco Agility GSM\/GPRS 2G (RW132G2) permite que el sistema Agility se comunique a trav\u00e9s de GSM\/GPRS.<\/p>\n<p>Esta tarjeta enchufable proporciona funciones como alarmas SMS, marcaci\u00f3n por voz y transmisi\u00f3n de alarmas al centro de alarmas a trav\u00e9s de GSM o GPRS en formatos de alarma tradicionales como ContactID y SIA.<\/p>","protected":false},"featured_media":145255,"template":"","meta":{"_acf_changed":false},"product_brand":[],"product_cat":[2731],"product_tag":[],"class_list":{"0":"post-57505","1":"product","2":"type-product","3":"status-publish","4":"has-post-thumbnail","6":"product_cat-risco-larm","7":"product_shipping_class-postnord-varubrev","8":"pa_brands-4risco","9":"pa_risco-produkter-agility-2","10":"pa_risco-produkter-agility-3","11":"pa_risco-produkter-agility-4","12":"tm-no-options","14":"first","15":"instock","16":"sale","17":"featured","18":"taxable","19":"shipping-taxable","20":"purchasable","21":"product-type-simple"},"acf":[],"_links":{"self":[{"href":"https:\/\/secureus.se\/es\/wp-json\/wp\/v2\/product\/57505","targetHints":{"allow":["GET"]}}],"collection":[{"href":"https:\/\/secureus.se\/es\/wp-json\/wp\/v2\/product"}],"about":[{"href":"https:\/\/secureus.se\/es\/wp-json\/wp\/v2\/types\/product"}],"wp:featuredmedia":[{"embeddable":true,"href":"https:\/\/secureus.se\/es\/wp-json\/wp\/v2\/media\/145255"}],"wp:attachment":[{"href":"https:\/\/secureus.se\/es\/wp-json\/wp\/v2\/media?parent=57505"}],"wp:term":[{"taxonomy":"product_brand","embeddable":true,"href":"https:\/\/secureus.se\/es\/wp-json\/wp\/v2\/product_brand?post=57505"},{"taxonomy":"product_cat","embeddable":true,"href":"https:\/\/secureus.se\/es\/wp-json\/wp\/v2\/product_cat?post=57505"},{"taxonomy":"product_tag","embeddable":true,"href":"https:\/\/secureus.se\/es\/wp-json\/wp\/v2\/product_tag?post=57505"}],"curies":[{"name":"wp","href":"https:\/\/api.w.org\/{rel}","templated":true}]}}