{"id":57506,"date":"2022-03-10T14:57:00","date_gmt":"2022-03-10T13:57:00","guid":{"rendered":"https:\/\/secureus.se\/produkt\/vattendetektor-tradlos-agililty2-3-4-och-wicomm-pro\/"},"modified":"2025-12-31T19:42:20","modified_gmt":"2025-12-31T18:42:20","slug":"risco-vattendetektor-1-vags","status":"publish","type":"product","link":"https:\/\/secureus.se\/es\/risco-vattendetektor-1-vags\/","title":{"rendered":"Detector de agua unidireccional Risco"},"content":{"rendered":"<h1>Detector de agua unidireccional Risco<\/h1>\n<p data-start=\"408\" data-end=\"899\">El detector de agua unidireccional Risco WiComm Pro Agility es la soluci\u00f3n perfecta para prevenir da\u00f1os por agua en hogares y negocios.<\/p>\n<p data-start=\"408\" data-end=\"899\">Este detector de inundaciones inal\u00e1mbrico se puede integrar f\u00e1cilmente en los sistemas de seguridad inal\u00e1mbricos e h\u00edbridos de RISCO para detectar y advertir r\u00e1pidamente incluso peque\u00f1as fugas de agua.<\/p>\n<p data-start=\"408\" data-end=\"899\">Ya sea la cocina, el s\u00f3tano, los tanques de agua o los refrigeradores, este detector ofrece protecci\u00f3n integral y puede prevenir da\u00f1os importantes al detectar fugas de forma temprana.<\/p>\n<p data-start=\"901\" data-end=\"1367\">En caso de una fuga de agua, el detector env\u00eda inmediatamente un mensaje al dispositivo inteligente del usuario, lo que le permite actuar r\u00e1pidamente para minimizar los da\u00f1os.<\/p>\n<p data-start=\"901\" data-end=\"1367\">El detector de agua funciona incluso cuando el sistema de seguridad est\u00e1 desarmado, proporcionando total tranquilidad.<\/p>\n<p data-start=\"901\" data-end=\"1367\">Los da\u00f1os causados por el agua pueden ser causados por cualquier cosa, desde tuber\u00edas rotas y techos con goteras hasta ventanas e inodoros rotos, y al instalar el detector de inundaciones de Risco puede evitar reparaciones potencialmente costosas.<\/p>\n<p data-start=\"1369\" data-end=\"1618\">El detector utiliza una radio unidireccional con una frecuencia de 868 MHz y viene con una bater\u00eda de litio CR123 3V incluida.<\/p>\n<p data-start=\"1369\" data-end=\"1618\">Es compatible con los sistemas inal\u00e1mbricos unidireccionales y bidireccionales de RISCO, lo que hace que la instalaci\u00f3n sea f\u00e1cil y flexible.<\/p>\n<p>&nbsp;<\/p>\n<p><iframe title=\"Wicomm Smart Hub EE. UU.\" width=\"1170\" height=\"658\" src=\"https:\/\/www.youtube.com\/embed\/5PHoH2dRjEs?feature=oembed\" frameborder=\"0\" allow=\"accelerometer; autoplay; clipboard-write; encrypted-media; gyroscope; picture-in-picture; web-share\" referrerpolicy=\"strict-origin-when-cross-origin\" allowfullscreen><\/iframe><\/p>","protected":false},"excerpt":{"rendered":"<p>Detector de agua inal\u00e1mbrico para WiComm Pro Agility que detecta y advierte r\u00e1pidamente sobre fugas de agua, protegiendo su hogar y negocio de da\u00f1os por agua.<\/p>\n<p>F\u00e1cil de instalar y totalmente compatible con los sistemas de seguridad Risco.<\/p>","protected":false},"featured_media":145684,"template":"","meta":{"_acf_changed":false},"product_brand":[],"product_cat":[3188,2731],"product_tag":[3152],"class_list":{"0":"post-57506","1":"product","2":"type-product","3":"status-publish","4":"has-post-thumbnail","6":"product_cat-larmenheter-risco-larm","7":"product_cat-risco-larm","8":"product_tag-cr123-tillbehor","9":"product_shipping_class-postnord-varubrev","10":"pa_brands-4risco","11":"pa_risco-produkter-agility-2","12":"pa_risco-produkter-agility-3","13":"pa_risco-produkter-agility-4","14":"pa_wicomm-pro-kategorier-vattendetektor","15":"tm-no-options","17":"first","18":"onbackorder","19":"sale","20":"featured","21":"taxable","22":"shipping-taxable","23":"purchasable","24":"product-type-simple"},"acf":[],"_links":{"self":[{"href":"https:\/\/secureus.se\/es\/wp-json\/wp\/v2\/product\/57506","targetHints":{"allow":["GET"]}}],"collection":[{"href":"https:\/\/secureus.se\/es\/wp-json\/wp\/v2\/product"}],"about":[{"href":"https:\/\/secureus.se\/es\/wp-json\/wp\/v2\/types\/product"}],"wp:featuredmedia":[{"embeddable":true,"href":"https:\/\/secureus.se\/es\/wp-json\/wp\/v2\/media\/145684"}],"wp:attachment":[{"href":"https:\/\/secureus.se\/es\/wp-json\/wp\/v2\/media?parent=57506"}],"wp:term":[{"taxonomy":"product_brand","embeddable":true,"href":"https:\/\/secureus.se\/es\/wp-json\/wp\/v2\/product_brand?post=57506"},{"taxonomy":"product_cat","embeddable":true,"href":"https:\/\/secureus.se\/es\/wp-json\/wp\/v2\/product_cat?post=57506"},{"taxonomy":"product_tag","embeddable":true,"href":"https:\/\/secureus.se\/es\/wp-json\/wp\/v2\/product_tag?post=57506"}],"curies":[{"name":"wp","href":"https:\/\/api.w.org\/{rel}","templated":true}]}}