{"id":57508,"date":"2022-03-10T14:57:00","date_gmt":"2022-03-10T13:57:00","guid":{"rendered":"https:\/\/secureus.se\/produkt\/glaskrossdetektor-tradlos-agililty2-3-4-och-wicomm-pro\/"},"modified":"2025-12-31T19:37:37","modified_gmt":"2025-12-31T18:37:37","slug":"risco-glaskrossdetektor-1-vag","status":"publish","type":"product","link":"https:\/\/secureus.se\/es\/risco-glaskrossdetektor-1-vag\/","title":{"rendered":"Detector de rotura de cristales unidireccional Risco"},"content":{"rendered":"<h1>Detector de rotura de cristales unidireccional Risco<\/h1>\n<p data-start=\"389\" data-end=\"823\">Detector de rotura de vidrios unidireccional Risco WiComm Pro Agility es un detector de rotura de vidrios inal\u00e1mbrico y avanzado dise\u00f1ado para detectar roturas de vidrios en todo tipo de vidrios, incluidos vidrios de ventanas normales, vidrios laminados, vidrios reforzados con alambre y vidrios templados.<\/p>\n<p data-start=\"389\" data-end=\"823\">Tiene un alcance impresionante de hasta 9 metros y utiliza reconocimiento de patrones de doble frecuencia basado en microprocesador para detectar con precisi\u00f3n incluso las roturas de vidrio m\u00e1s peque\u00f1as.<\/p>\n<p data-start=\"825\" data-end=\"1227\">Este detector de rotura de vidrio es perfecto para usar con los sistemas de seguridad Risco Agility y WiComm Pro y viene con un soporte de montaje para una f\u00e1cil instalaci\u00f3n en el techo o la pared.<\/p>\n<p data-start=\"825\" data-end=\"1227\">Para garantizar la confiabilidad del dispositivo, ofrece monitoreo continuo de manipulaci\u00f3n, voltaje de bater\u00eda y comunicaci\u00f3n.<\/p>\n<p data-start=\"825\" data-end=\"1227\">Funciona con una bater\u00eda de litio CR123A que proporciona hasta 3 a\u00f1os de duraci\u00f3n.<\/p>\n<p data-start=\"1229\" data-end=\"1409\">Con su funci\u00f3n de prueba remota y monitoreo de micr\u00f3fono muerto, el usuario puede probar f\u00e1cilmente el dispositivo sin tener que abrirlo, ahorrando tiempo y mejorando la usabilidad.<\/p>\n<p><iframe title=\"Wicomm Smart Hub EE. UU.\" width=\"1170\" height=\"658\" src=\"https:\/\/www.youtube.com\/embed\/5PHoH2dRjEs?feature=oembed\" frameborder=\"0\" allow=\"accelerometer; autoplay; clipboard-write; encrypted-media; gyroscope; picture-in-picture; web-share\" referrerpolicy=\"strict-origin-when-cross-origin\" allowfullscreen><\/iframe><\/p>","protected":false},"excerpt":{"rendered":"<p>Detector de rotura de vidrio inal\u00e1mbrico para Risco Agility y WiComm Pro, que detecta todo tipo de rotura de vidrio, incluido vidrio en l\u00e1minas, laminado y templado.<\/p>\n<p>\u00c1rea de cobertura de hasta 9 metros para mayor seguridad.<\/p>","protected":false},"featured_media":145686,"template":"","meta":{"_acf_changed":false},"product_brand":[],"product_cat":[2731,3188],"product_tag":[3152,2426],"class_list":{"0":"post-57508","1":"product","2":"type-product","3":"status-publish","4":"has-post-thumbnail","6":"product_cat-risco-larm","7":"product_cat-larmenheter-risco-larm","8":"product_tag-cr123-tillbehor","9":"product_tag-rel-risco","10":"product_shipping_class-postnord-varubrev","11":"pa_brands-4risco","12":"pa_risco-produkter-agility-2","13":"pa_risco-produkter-agility-3","14":"pa_risco-produkter-agility-4","15":"pa_wicomm-pro-kategorier-glaskrossdetektorer","16":"tm-no-options","18":"first","19":"instock","20":"sale","21":"featured","22":"taxable","23":"shipping-taxable","24":"purchasable","25":"product-type-simple"},"acf":[],"_links":{"self":[{"href":"https:\/\/secureus.se\/es\/wp-json\/wp\/v2\/product\/57508","targetHints":{"allow":["GET"]}}],"collection":[{"href":"https:\/\/secureus.se\/es\/wp-json\/wp\/v2\/product"}],"about":[{"href":"https:\/\/secureus.se\/es\/wp-json\/wp\/v2\/types\/product"}],"wp:featuredmedia":[{"embeddable":true,"href":"https:\/\/secureus.se\/es\/wp-json\/wp\/v2\/media\/145686"}],"wp:attachment":[{"href":"https:\/\/secureus.se\/es\/wp-json\/wp\/v2\/media?parent=57508"}],"wp:term":[{"taxonomy":"product_brand","embeddable":true,"href":"https:\/\/secureus.se\/es\/wp-json\/wp\/v2\/product_brand?post=57508"},{"taxonomy":"product_cat","embeddable":true,"href":"https:\/\/secureus.se\/es\/wp-json\/wp\/v2\/product_cat?post=57508"},{"taxonomy":"product_tag","embeddable":true,"href":"https:\/\/secureus.se\/es\/wp-json\/wp\/v2\/product_tag?post=57508"}],"curies":[{"name":"wp","href":"https:\/\/api.w.org\/{rel}","templated":true}]}}