{"id":58386,"date":"2022-07-10T13:10:54","date_gmt":"2022-07-10T11:10:54","guid":{"rendered":"https:\/\/secureus.se\/produkt\/sticker-pvc-25-mm-sjalvhaftande-mifare1k-nummer\/"},"modified":"2026-03-24T13:57:46","modified_gmt":"2026-03-24T12:57:46","slug":"rfid-stickers-pvc-25-mm-sjalvhaftande-mifare1k-nummer","status":"publish","type":"product","link":"https:\/\/secureus.se\/es\/rfid-stickers-pvc-25-mm-sjalvhaftande-mifare1k-nummer\/","title":{"rendered":"Pegatinas RFID PVC 25 mm Autoadhesivas Mifare1k + N\u00famero"},"content":{"rendered":"<p>Se puede pegar directamente a carcasas met\u00e1licas.<\/p>\n<p>Material PVC. Dimensiones Di\u00e1metro 25 mm para chip \u00fanico y 30 mm para chip combinado.<\/p>\n<p>Espesor 1,25 mm \u00b1 1 mm 25 mm, 1,57 mm \u00b1 1 mm 30 mm.<\/p>\n<p>Chip EM4200, Mifare 1k, chip Desfire, chip EM4200+Mifare 1k Frecuencia 125khz, 13.56mhz.<\/p>\n<p>Distancia de lectura de 1 a 4 cm seg\u00fan el lector y el entorno. Disponible con o sin n\u00fameros impresos y n\u00fameros de sistema.<\/p>\n<p>Posibilidad de obtener capas de Epoxy sobre los lectores y el entorno. Disponible con o sin n\u00fameros impresos y n\u00fameros de sistema.<\/p>\n<p>Sticker es un producto barato y bueno con chip original para todas las aplicaciones.<\/p>","protected":false},"excerpt":{"rendered":"<p>Se puede pegar directamente a carcasas met\u00e1licas. Material PVC. Dimensiones Di\u00e1metro 25 mm para chip \u00fanico y 30 mm para chip combinado. Espesor 1,25 mm \u00b1 1 mm 25 mm, 1,57 mm \u00b1 1 mm 30 mm. Chip EM4200, Mifare 1k, chip Desfire, chip EM4200+Mifare 1k Frecuencia 125khz, 13.56mhz.<\/p>","protected":false},"featured_media":141894,"template":"","meta":{"_acf_changed":false},"product_brand":[],"product_cat":[1357],"product_tag":[2958],"class_list":{"0":"post-58386","1":"product","2":"type-product","3":"status-publish","4":"has-post-thumbnail","6":"product_cat-rfid-sticker","7":"product_tag-stonehouse-produkt","8":"product_shipping_class-postnord-varubrev","9":"pa_brands-stonehouse-security","10":"pa_farg-vit","11":"tm-no-options","13":"first","14":"instock","15":"sale","16":"featured","17":"taxable","18":"shipping-taxable","19":"purchasable","20":"product-type-simple"},"acf":[],"_links":{"self":[{"href":"https:\/\/secureus.se\/es\/wp-json\/wp\/v2\/product\/58386","targetHints":{"allow":["GET"]}}],"collection":[{"href":"https:\/\/secureus.se\/es\/wp-json\/wp\/v2\/product"}],"about":[{"href":"https:\/\/secureus.se\/es\/wp-json\/wp\/v2\/types\/product"}],"wp:featuredmedia":[{"embeddable":true,"href":"https:\/\/secureus.se\/es\/wp-json\/wp\/v2\/media\/141894"}],"wp:attachment":[{"href":"https:\/\/secureus.se\/es\/wp-json\/wp\/v2\/media?parent=58386"}],"wp:term":[{"taxonomy":"product_brand","embeddable":true,"href":"https:\/\/secureus.se\/es\/wp-json\/wp\/v2\/product_brand?post=58386"},{"taxonomy":"product_cat","embeddable":true,"href":"https:\/\/secureus.se\/es\/wp-json\/wp\/v2\/product_cat?post=58386"},{"taxonomy":"product_tag","embeddable":true,"href":"https:\/\/secureus.se\/es\/wp-json\/wp\/v2\/product_tag?post=58386"}],"curies":[{"name":"wp","href":"https:\/\/api.w.org\/{rel}","templated":true}]}}