{"id":58433,"date":"2022-10-10T11:38:02","date_gmt":"2022-10-10T09:38:02","guid":{"rendered":"https:\/\/secureus.se\/produkt\/radiomottagare-jck312\/"},"modified":"2026-04-07T13:09:00","modified_gmt":"2026-04-07T11:09:00","slug":"radiomottagare-jck311-2","status":"publish","type":"product","link":"https:\/\/secureus.se\/es\/radiomottagare-jck311-2\/","title":{"rendered":"Receptor de radio JCK311"},"content":{"rendered":"<h1>Receptor de radio JCK311<\/h1>\n<h2>JCK311<\/h2>\n<p>Receptor de radio con capacidad para programar 85 transmisores.<span class=\"Apple-converted-space\">\u00a0El producto tiene una<\/span>n salida de rel\u00e9 que opera con control de pulso o tiempo.<span class=\"Apple-converted-space\">\u00a0<\/span><\/p>\n<p>El receptor est\u00e1 configurado con un voltaje de suministro de 12 VCA\/CC como est\u00e1ndar. Para suministrar 24 VCA\/CC, se quita un puente, consulte las instrucciones de montaje adjuntas para obtener una descripci\u00f3n m\u00e1s detallada.<\/p>\n<ul>\n<li>Tensi\u00f3n de alimentaci\u00f3n: 12\/24 VCA\/CC<span class=\"Apple-converted-space\">\u00a0<\/span><\/li>\n<li>Frecuencia: 433,92 MHz<span class=\"Apple-converted-space\">\u00a0<\/span><\/li>\n<li>Dimensiones: (Largo x Ancho x Alto) 50 x 32 x 20 mm<\/li>\n<\/ul>\n<h2>JCK312<\/h2>\n<p>Receptor de radio con capacidad para programar 100 transmisores.<span class=\"Apple-converted-space\">\u00a0<\/span>Dos salidas de rel\u00e9 programables como pulso, alterna o controlada por tiempo.<span class=\"Apple-converted-space\">\u00a0<\/span><\/p>\n<p>El receptor de radio tiene una pantalla LCD iluminada para una f\u00e1cil programaci\u00f3n.<\/p>\n<ul>\n<li>Tensi\u00f3n de alimentaci\u00f3n: 12\/24 VCA\/CC<span class=\"Apple-converted-space\">\u00a0<\/span><\/li>\n<li>Modulaci\u00f3n: AM\/ASK<span class=\"Apple-converted-space\">\u00a0<\/span><\/li>\n<li>Dimensiones: (largo x ancho x alto) 105 x 45 x 28 mm<span class=\"Apple-converted-space\">\u00a0<\/span><\/li>\n<li>Frecuencia 433 MHz<\/li>\n<\/ul>","protected":false},"excerpt":{"rendered":"<p>Radiomottagare JCK311 JCK311 Radiomottagare med m\u00f6jlighet att programmera in 85 s\u00e4ndare.\u00a0Produkten har en rel\u00e4utg\u00e5ng som g\u00e5r med puls- eller tidsstyrning.\u00a0 Mottagaren \u00e4r i standardutf\u00f6rande inst\u00e4lld f\u00f6r 12 VAC\/DC matningssp\u00e4nning. F\u00f6r<\/p>","protected":false},"featured_media":141990,"template":"","meta":{"_acf_changed":false},"product_brand":[],"product_cat":[1422,4707],"product_tag":[],"class_list":{"0":"post-58433","1":"product","2":"type-product","3":"status-publish","4":"has-post-thumbnail","6":"product_cat-armbagskontakter-dorrautomatik","7":"product_cat-tillval-och-tillbehor","8":"product_shipping_class-postnord-varubrev","9":"pa_brands-jc-kontakter","10":"tm-no-options","12":"first","13":"onbackorder","14":"sale","15":"featured","16":"taxable","17":"shipping-taxable","18":"purchasable","19":"product-type-simple"},"acf":[],"_links":{"self":[{"href":"https:\/\/secureus.se\/es\/wp-json\/wp\/v2\/product\/58433","targetHints":{"allow":["GET"]}}],"collection":[{"href":"https:\/\/secureus.se\/es\/wp-json\/wp\/v2\/product"}],"about":[{"href":"https:\/\/secureus.se\/es\/wp-json\/wp\/v2\/types\/product"}],"wp:featuredmedia":[{"embeddable":true,"href":"https:\/\/secureus.se\/es\/wp-json\/wp\/v2\/media\/141990"}],"wp:attachment":[{"href":"https:\/\/secureus.se\/es\/wp-json\/wp\/v2\/media?parent=58433"}],"wp:term":[{"taxonomy":"product_brand","embeddable":true,"href":"https:\/\/secureus.se\/es\/wp-json\/wp\/v2\/product_brand?post=58433"},{"taxonomy":"product_cat","embeddable":true,"href":"https:\/\/secureus.se\/es\/wp-json\/wp\/v2\/product_cat?post=58433"},{"taxonomy":"product_tag","embeddable":true,"href":"https:\/\/secureus.se\/es\/wp-json\/wp\/v2\/product_tag?post=58433"}],"curies":[{"name":"wp","href":"https:\/\/api.w.org\/{rel}","templated":true}]}}