{"id":58467,"date":"2022-10-12T12:37:44","date_gmt":"2022-10-12T10:37:44","guid":{"rendered":"https:\/\/secureus.se\/produkt\/usl12-14\/"},"modified":"2026-04-20T10:35:43","modified_gmt":"2026-04-20T08:35:43","slug":"batteri-12v-14ah","status":"publish","type":"product","link":"https:\/\/secureus.se\/es\/batteri-12v-14ah\/","title":{"rendered":"Bater\u00eda UPLUS 12V 14Ah, versi\u00f3n Pro, para ni\u00f1os de 10 a 12 a\u00f1os"},"content":{"rendered":"<h4>Bater\u00eda UPLUS USL12-14 AGM 12V 14Ah<\/h4>\n<p>UPLUS ofrece una de las gamas m\u00e1s amplias del mercado de bater\u00edas AGM reguladas por v\u00e1lvula con una vida \u00fatil de 10 a 12 a\u00f1os. La bater\u00eda UPLUS USL12-14 AGM est\u00e1 dise\u00f1ada para satisfacer las altas demandas de las aplicaciones marinas e industriales, donde la alta confiabilidad operativa y una larga vida \u00fatil son cruciales. Esta bater\u00eda tiene placas de plomo m\u00e1s gruesas y un separador especialmente desarrollado que evita la formaci\u00f3n de gases, la sulfataci\u00f3n y el cortocircuito de los microcristales.<\/p>\n<h3>Caracter\u00edsticas y beneficios<\/h3>\n<ul>\n<li><strong>Tecnolog\u00eda AGM de alta calidad<\/strong>:Tecnolog\u00eda de membrana de fibra de vidrio absorbida (AGM) que garantiza un funcionamiento sin necesidad de mantenimiento y una alta fiabilidad operativa.<\/li>\n<li><strong>Larga vida \u00fatil<\/strong>:Dise\u00f1ado para durar entre 10 y 12 a\u00f1os, minimizando la necesidad de reemplazos frecuentes.<\/li>\n<li><strong>Construcci\u00f3n robusta<\/strong>:Fabricado con alto contenido de plomo y placas gruesas para soportar aplicaciones exigentes.<\/li>\n<li><strong>Uso vers\u00e1til<\/strong>:Ideal para uso en escotillas de humo, sistemas de control de acceso, sistemas de comunicaci\u00f3n en ascensores y como bater\u00eda de consumo en embarcaciones.<\/li>\n<li><strong>Calidad probada<\/strong>:Probado en varias etapas durante el proceso de fabricaci\u00f3n para cumplir con estrictos requisitos de calidad.<\/li>\n<\/ul>\n<h3>Especificaci\u00f3n t\u00e9cnica<\/h3>\n<ul>\n<li><strong>Capacidad<\/strong>: 14 Ah<\/li>\n<li><strong>Voltaje<\/strong>: 12 V<\/li>\n<li><strong>Tipo de poste<\/strong>:M5<\/li>\n<li><strong>Posici\u00f3n de privilegio<\/strong>: 0<\/li>\n<li><strong>Dimensiones<\/strong>:Longitud: 151 mm, Ancho: 98 mm, Altura: 95 mm<\/li>\n<li><strong>Peso<\/strong>:4,2 kg<\/li>\n<li><strong>Tipo<\/strong>: AGM (Malla de vidrio absorbente)<\/li>\n<li><strong>Vida<\/strong>:10-12 a\u00f1os<\/li>\n<li><strong>Temperatura de funcionamiento<\/strong>:-40 a +70\u00b0C<\/li>\n<li><strong>Clase de recinto<\/strong>:IP55<\/li>\n<li><strong>M\u00e1x. Corriente de descarga<\/strong>:210 A<\/li>\n<li><strong>Voltaje de carga<\/strong>: Uso en ciclo: 14,4-15,0 V, Uso en espera: 13,5-13,8 V<\/li>\n<\/ul>\n<h3>\u00c1reas de uso<\/h3>\n<p>La bater\u00eda UPLUS USL12-14 AGM es ideal para:<\/p>\n<ul>\n<li><strong>Aplicaciones marinas<\/strong>:Perfecto para barcos como bater\u00eda de consumo con muchos consumidores y cargas elevadas.<\/li>\n<li><strong>Aplicaciones industriales<\/strong>:Adecuado para trampillas de humo, sistemas de control de acceso y sistemas de comunicaci\u00f3n en ascensores.<\/li>\n<li><strong>Sistema de seguridad<\/strong>:Se utiliza en sistemas donde la alta confiabilidad operativa y una larga vida \u00fatil son necesidades primarias.<\/li>\n<\/ul>\n<h3>Instalaci\u00f3n y mantenimiento<\/h3>\n<ol>\n<li><strong>Montaje<\/strong>:F\u00e1cil de instalar con montaje en superficie o empotrado.<\/li>\n<li><strong>Cargar<\/strong>:Utilice un cargador configurado para cargar AGM a 14,4-15,0 V para obtener mejores resultados.<\/li>\n<li><strong>Mantenimiento<\/strong>:La tecnolog\u00eda AGM significa que la bater\u00eda no necesita mantenimiento, pero se recomiendan controles peri\u00f3dicos de las conexiones y del estado de carga.<\/li>\n<\/ol>\n<p class=\"pdf-link-text\"><a href=\"https:\/\/dl.dropboxusercontent.com\/s\/h9uqi940jogqded\/USL12-14.pdf?dl=0\" rel=\"noopener\">Para m\u00e1s informaci\u00f3n sobre el producto descargue la ficha del producto aqu\u00ed.<\/a><\/p>","protected":false},"excerpt":{"rendered":"<p><strong>Bater\u00eda UPLUS USL12-14 AGM 12V 14Ah \u2013 Vida \u00fatil de 10 a 12 a\u00f1os<\/strong><\/p>\n<p>La bater\u00eda AGM UPLUS USL12-14 ofrece un alto rendimiento y una larga vida \u00fatil para aplicaciones exigentes. Con una capacidad de 14Ah y tecnolog\u00eda AGM, esta bater\u00eda no requiere mantenimiento y es confiable para aplicaciones marinas e industriales.<\/p>","protected":false},"featured_media":142187,"template":"","meta":{"_acf_changed":false},"product_brand":[],"product_cat":[1596,2428],"product_tag":[4406],"class_list":{"0":"post-58467","1":"product","2":"type-product","3":"status-publish","4":"has-post-thumbnail","6":"product_cat-ackumulatorer-12v-agm-batterier","7":"product_cat-stromforsorjning-batterier","8":"product_tag-batteri-13-45-ah","9":"product_shipping_class-tunga-paket","10":"pa_brands-uplus","11":"tm-no-options","13":"first","14":"instock","15":"sale","16":"featured","17":"taxable","18":"shipping-taxable","19":"purchasable","20":"product-type-simple"},"acf":[],"_links":{"self":[{"href":"https:\/\/secureus.se\/es\/wp-json\/wp\/v2\/product\/58467","targetHints":{"allow":["GET"]}}],"collection":[{"href":"https:\/\/secureus.se\/es\/wp-json\/wp\/v2\/product"}],"about":[{"href":"https:\/\/secureus.se\/es\/wp-json\/wp\/v2\/types\/product"}],"wp:featuredmedia":[{"embeddable":true,"href":"https:\/\/secureus.se\/es\/wp-json\/wp\/v2\/media\/142187"}],"wp:attachment":[{"href":"https:\/\/secureus.se\/es\/wp-json\/wp\/v2\/media?parent=58467"}],"wp:term":[{"taxonomy":"product_brand","embeddable":true,"href":"https:\/\/secureus.se\/es\/wp-json\/wp\/v2\/product_brand?post=58467"},{"taxonomy":"product_cat","embeddable":true,"href":"https:\/\/secureus.se\/es\/wp-json\/wp\/v2\/product_cat?post=58467"},{"taxonomy":"product_tag","embeddable":true,"href":"https:\/\/secureus.se\/es\/wp-json\/wp\/v2\/product_tag?post=58467"}],"curies":[{"name":"wp","href":"https:\/\/api.w.org\/{rel}","templated":true}]}}