{"id":58473,"date":"2022-10-12T12:47:59","date_gmt":"2022-10-12T10:47:59","guid":{"rendered":"https:\/\/secureus.se\/produkt\/uplus-c-12v-150-ah\/"},"modified":"2026-04-02T12:40:55","modified_gmt":"2026-04-02T10:40:55","slug":"batteri-12v-150ah","status":"publish","type":"product","link":"https:\/\/secureus.se\/es\/batteri-12v-150ah\/","title":{"rendered":"Bater\u00eda UPLUS de 12 V y 150 Ah de ciclo profundo (10-12 a\u00f1os) Versi\u00f3n Pro"},"content":{"rendered":"<h4>Bater\u00eda de ciclo profundo UPLUS AGM 12 V 150 Ah<\/h4>\n<p>UPLUS ofrece una de las gamas m\u00e1s amplias de bater\u00edas AGM de alto rendimiento del mercado. Con muchos a\u00f1os de experiencia, UPLUS se ha establecido como un fabricante l\u00edder de bater\u00edas de calidad para el mercado global. Las bater\u00edas UPLUS AGM est\u00e1n especialmente desarrolladas para satisfacer las demandas de los usuarios marinos e industriales que necesitan alta confiabilidad y larga vida \u00fatil.<\/p>\n<p>Las bater\u00edas de ciclo profundo UPLUS AGM est\u00e1n dise\u00f1adas con placas de plomo m\u00e1s gruesas y un separador especialmente desarrollado para evitar la formaci\u00f3n de gases, la sulfataci\u00f3n y el cortocircuito de los microcristales. Esto los convierte en la opci\u00f3n obvia para embarcaciones con muchos consumidores y cargas elevadas.<\/p>\n<h3>Caracter\u00edsticas y beneficios<\/h3>\n<ul>\n<li><strong>Tecnolog\u00eda AGM de alto rendimiento<\/strong>:Tecnolog\u00eda Absorbed Glass Mat que garantiza un funcionamiento sin mantenimiento y una alta confiabilidad operacional.<\/li>\n<li><strong>Larga vida \u00fatil<\/strong>Desarrollada para soportar un uso c\u00edclico elevado, lo que la hace ideal para aplicaciones de consumo.<\/li>\n<li><strong>Construcci\u00f3n robusta<\/strong>:Fabricado con placas de plomo m\u00e1s gruesas y separadores especiales para soportar duras condiciones.<\/li>\n<li><strong>Alta confiabilidad operativa<\/strong>:Probado en varias etapas durante el proceso de fabricaci\u00f3n para satisfacer las duras demandas de los usuarios marinos.<\/li>\n<li><strong>Uso flexible<\/strong>:Se puede utilizar tanto como bater\u00eda de arranque como de consumo, lo que la hace vers\u00e1til para diferentes aplicaciones.<\/li>\n<\/ul>\n<h3>Especificaci\u00f3n t\u00e9cnica<\/h3>\n<ul>\n<li><strong>Capacidad<\/strong>:150 Ah<\/li>\n<li><strong>Voltaje<\/strong>: 12 V<\/li>\n<li><strong>Tipo de poste<\/strong>:M8<\/li>\n<li><strong>Posici\u00f3n de privilegio<\/strong>: 1<\/li>\n<li><strong>Dimensiones<\/strong>:Longitud: 485 mm, Ancho: 170 mm, Altura: 240 mm<\/li>\n<li><strong>Peso<\/strong>:42,5 kilogramos<\/li>\n<li><strong>Cargar<\/strong>:Se puede cargar con un cargador de bater\u00eda configurado para carga AGM a 14,4 V<\/li>\n<li><strong>Clase de recinto<\/strong>:IP67<\/li>\n<li><strong>Temperatura de trabajo<\/strong>:-40 a +70\u00b0C<\/li>\n<\/ul>\n<h3>\u00c1reas de uso<\/h3>\n<ul>\n<li><strong>Aplicaciones marinas<\/strong>:Perfecta para embarcaciones con muchos consumidores y cargas elevadas, tanto como bater\u00eda de arranque como de consumo.<\/li>\n<li><strong>Aplicaciones industriales<\/strong>:Ideal para la industria manufacturera y otras aplicaciones que requieren una fuente de alimentaci\u00f3n confiable.<\/li>\n<\/ul>\n<h3>Instalaci\u00f3n y mantenimiento<\/h3>\n<ol>\n<li><strong>Montaje<\/strong>:Al montar varias bater\u00edas una al lado de la otra, se recomienda dejar un espacio de aire de aproximadamente 2 cm para garantizar un rendimiento y una vida \u00fatil \u00f3ptimos.<\/li>\n<li><strong>Cargar<\/strong>:Utilice un cargador configurado para cargar AGM a 14,4 V para obtener mejores resultados.<\/li>\n<li><strong>Mantenimiento<\/strong>:La tecnolog\u00eda AGM significa que la bater\u00eda no necesita mantenimiento, pero se recomiendan controles peri\u00f3dicos de las conexiones y del estado de carga.<\/li>\n<\/ol>\n<h3>Documento<\/h3>\n<ul>\n<li style=\"list-style-type: none\">\n<ul>\n<li><a href=\"https:\/\/dl.dropboxusercontent.com\/s\/jntlfw5sgalw37m\/USC12-150.pdf?dl=0\" rel=\"noopener\"><strong>Para m\u00e1s informaci\u00f3n sobre el producto descargue la ficha del producto aqu\u00ed.<\/strong><\/a><\/li>\n<\/ul>\n<\/li>\n<\/ul>\n<p>&nbsp;<\/p>\n<p>Las bater\u00edas UPLUS AGM son la opci\u00f3n preferida por muchos fabricantes de barcos n\u00f3rdicos debido a su alta confiabilidad y larga vida \u00fatil. Con la amplia gama de UPLUS, podr\u00e1 encontrar f\u00e1cilmente la bater\u00eda que mejor se adapta a su instalaci\u00f3n o fuente de alimentaci\u00f3n DC.<\/p>","protected":false},"excerpt":{"rendered":"<p><strong>Bater\u00eda de ciclo profundo UPLUS AGM 12 V 150 Ah<\/strong><\/p>\n<p>La bater\u00eda de ciclo profundo UPLUS AGM ofrece alta confiabilidad y larga vida \u00fatil, ideal para embarcaciones y aplicaciones industriales. Con una capacidad de 150Ah y tecnolog\u00eda AGM, esta bater\u00eda no necesita mantenimiento y es confiable. Tambi\u00e9n funciona para sistemas de telefon\u00eda, alarma y seguridad.<\/p>","protected":false},"featured_media":142177,"template":"","meta":{"_acf_changed":false},"product_brand":[],"product_cat":[1596,2428],"product_tag":[2182],"class_list":{"0":"post-58473","1":"product","2":"type-product","3":"status-publish","4":"has-post-thumbnail","6":"product_cat-ackumulatorer-12v-agm-batterier","7":"product_cat-stromforsorjning-batterier","8":"product_tag-batteri-46ah-och-uppat","9":"product_shipping_class-tunga-paket","10":"pa_brands-uplus","11":"tm-no-options","13":"first","14":"instock","15":"sale","16":"featured","17":"taxable","18":"shipping-taxable","19":"purchasable","20":"product-type-simple"},"acf":[],"_links":{"self":[{"href":"https:\/\/secureus.se\/es\/wp-json\/wp\/v2\/product\/58473","targetHints":{"allow":["GET"]}}],"collection":[{"href":"https:\/\/secureus.se\/es\/wp-json\/wp\/v2\/product"}],"about":[{"href":"https:\/\/secureus.se\/es\/wp-json\/wp\/v2\/types\/product"}],"wp:featuredmedia":[{"embeddable":true,"href":"https:\/\/secureus.se\/es\/wp-json\/wp\/v2\/media\/142177"}],"wp:attachment":[{"href":"https:\/\/secureus.se\/es\/wp-json\/wp\/v2\/media?parent=58473"}],"wp:term":[{"taxonomy":"product_brand","embeddable":true,"href":"https:\/\/secureus.se\/es\/wp-json\/wp\/v2\/product_brand?post=58473"},{"taxonomy":"product_cat","embeddable":true,"href":"https:\/\/secureus.se\/es\/wp-json\/wp\/v2\/product_cat?post=58473"},{"taxonomy":"product_tag","embeddable":true,"href":"https:\/\/secureus.se\/es\/wp-json\/wp\/v2\/product_tag?post=58473"}],"curies":[{"name":"wp","href":"https:\/\/api.w.org\/{rel}","templated":true}]}}