{"id":58522,"date":"2022-10-10T11:14:31","date_gmt":"2022-10-10T09:14:31","guid":{"rendered":"https:\/\/secureus.se\/produkt\/armbagsbrytare-jck108-245mm-3-2\/"},"modified":"2025-12-31T20:35:27","modified_gmt":"2025-12-31T19:35:27","slug":"armbagskontakt-jck108-245mm-3-2","status":"publish","type":"product","link":"https:\/\/secureus.se\/es\/armbagskontakt-jck108-245mm-3-2\/","title":{"rendered":"Conector de codo JCK108 \u2013 245 mm"},"content":{"rendered":"<h1>Conector de codo JCK108<\/h1>\n<section>JCK108 es un conector de codo de aluminio robusto.<\/section>\n<section><\/section>\n<section>El modelo tiene una placa de presi\u00f3n c\u00f3ncava con tapas de extremo negras en contraste y es especialmente adecuado para su instalaci\u00f3n en entornos exigentes.<\/section>\n<section>\nJCK108 se entrega con 2 microinterruptores en IP67.<\/section>\n<section>\n<h4>Especificaciones t\u00e9cnicas<\/h4>\n<ul>\n<li>Hecho en Suecia.<\/li>\n<li>Material: Alu.6060-T6, pl\u00e1stico POM (pl\u00e1stico acetal).<\/li>\n<li>Dimensiones l\/a\/al: 245x80x28 mm.<\/li>\n<li>Microinterruptor: Est\u00e1ndar 2 piezas NO IP67. Se puede pedir con NO\/NC.<\/li>\n<\/ul>\n<\/section>","protected":false},"excerpt":{"rendered":"<p>Dimensiones del producto: 245 x 80 x 28 mm.<\/p>\n<p>Conector de codo con placa de presi\u00f3n c\u00f3ncava en aluminio anodizado plata y tapas finales de color negro.<\/p>\n<p>Los tapones de extremo de color blanco est\u00e1n disponibles como opci\u00f3n.<\/p>","protected":false},"featured_media":142008,"template":"","meta":{"_acf_changed":false},"product_brand":[],"product_cat":[1422,4706],"product_tag":[2989],"class_list":{"0":"post-58522","1":"product","2":"type-product","3":"status-publish","4":"has-post-thumbnail","6":"product_cat-armbagskontakter-dorrautomatik","7":"product_cat-metall","8":"product_tag-egen-logo-ej-taggar-kort","9":"product_shipping_class-tunga-paket","10":"pa_brands-jc-kontakter","11":"tm-has-options","13":"first","14":"instock","15":"sale","16":"featured","17":"taxable","18":"shipping-taxable","19":"purchasable","20":"product-type-simple"},"acf":[],"_links":{"self":[{"href":"https:\/\/secureus.se\/es\/wp-json\/wp\/v2\/product\/58522","targetHints":{"allow":["GET"]}}],"collection":[{"href":"https:\/\/secureus.se\/es\/wp-json\/wp\/v2\/product"}],"about":[{"href":"https:\/\/secureus.se\/es\/wp-json\/wp\/v2\/types\/product"}],"wp:featuredmedia":[{"embeddable":true,"href":"https:\/\/secureus.se\/es\/wp-json\/wp\/v2\/media\/142008"}],"wp:attachment":[{"href":"https:\/\/secureus.se\/es\/wp-json\/wp\/v2\/media?parent=58522"}],"wp:term":[{"taxonomy":"product_brand","embeddable":true,"href":"https:\/\/secureus.se\/es\/wp-json\/wp\/v2\/product_brand?post=58522"},{"taxonomy":"product_cat","embeddable":true,"href":"https:\/\/secureus.se\/es\/wp-json\/wp\/v2\/product_cat?post=58522"},{"taxonomy":"product_tag","embeddable":true,"href":"https:\/\/secureus.se\/es\/wp-json\/wp\/v2\/product_tag?post=58522"}],"curies":[{"name":"wp","href":"https:\/\/api.w.org\/{rel}","templated":true}]}}