{"id":67606,"date":"2022-11-14T16:34:02","date_gmt":"2022-11-14T15:34:02","guid":{"rendered":"https:\/\/secureus.se\/produkt\/ackumulator-6-volt-3-4ah-agility-ny-version-mer-kraft\/"},"modified":"2026-04-07T16:34:08","modified_gmt":"2026-04-07T14:34:08","slug":"batteri-6v-34-ah","status":"publish","type":"product","link":"https:\/\/secureus.se\/es\/batteri-6v-34-ah\/","title":{"rendered":"Bater\u00eda de 6V 3.4Ah"},"content":{"rendered":"<h1>Bater\u00eda 6V 3,4Ah<\/h1>\n<p data-start=\"434\" data-end=\"817\">La bater\u00eda de 6 V 3,4 Ah es un componente importante en los sistemas de alarma y telecomunicaciones que requieren un suministro de energ\u00eda seguro y estable.<\/p>\n<p data-start=\"434\" data-end=\"817\">Esta bater\u00eda es especialmente \u00fatil para alarmas Agility y otros sistemas que utilizan fuentes de alimentaci\u00f3n de 6 V.<\/p>\n<p data-start=\"434\" data-end=\"817\">Para garantizar que el sistema siempre tenga energ\u00eda de respaldo confiable, se recomienda reemplazar la bater\u00eda despu\u00e9s de aproximadamente tres a\u00f1os, independientemente de su estado actual.<\/p>\n<p data-start=\"819\" data-end=\"1097\">El panel de control del sistema de alarma Agility prueba peri\u00f3dicamente el funcionamiento de la bater\u00eda, garantizando que siempre est\u00e9 operativa cuando m\u00e1s se necesita.<\/p>\n<p data-start=\"819\" data-end=\"1097\">Esto le permite tener la tranquilidad de saber que su alarma funciona correctamente y est\u00e1 preparada para cualquier emergencia.<\/p>\n<p data-start=\"1099\" data-end=\"1466\">La bater\u00eda no necesita mantenimiento, lo que hace que sea f\u00e1cil de usar e instalar.<\/p>\n<p data-start=\"1099\" data-end=\"1466\">Con sus dimensiones compactas (134x34x66 mm) y un peso de tan solo 0,635 kg, es f\u00e1cil de instalar en diversos sistemas de alarma y sistemas de seguridad.<\/p>\n<p data-start=\"1099\" data-end=\"1466\">Su rendimiento duradero y confiable lo convierte en una excelente opci\u00f3n para todo tipo de sistemas de alarma y telecomunicaciones donde se requiere la m\u00e1xima confiabilidad.<\/p>\n<p data-start=\"1468\" data-end=\"1498\"><strong data-start=\"1468\" data-end=\"1496\">Caracter\u00edsticas principales:<\/strong><\/p>\n<ul data-start=\"1499\" data-end=\"1776\">\n<li data-start=\"1499\" data-end=\"1519\">\n<p data-start=\"1501\" data-end=\"1519\"><strong data-start=\"1501\" data-end=\"1514\">Voltaje:<\/strong> 6 V<\/p>\n<\/li>\n<li data-start=\"1520\" data-end=\"1545\">\n<p data-start=\"1522\" data-end=\"1545\"><strong data-start=\"1522\" data-end=\"1536\">Capacidad:<\/strong> 3,4 Ah<\/p>\n<\/li>\n<li data-start=\"1546\" data-end=\"1587\">\n<p data-start=\"1548\" data-end=\"1587\"><strong data-start=\"1548\" data-end=\"1560\">Tama\u00f1o:<\/strong> 134 x 34 x 66 mm (largo x ancho x alto)<\/p>\n<\/li>\n<li data-start=\"1588\" data-end=\"1610\">\n<p data-start=\"1590\" data-end=\"1610\"><strong data-start=\"1590\" data-end=\"1599\">Peso:<\/strong> 0,635 kilogramos<\/p>\n<\/li>\n<li data-start=\"1611\" data-end=\"1671\">\n<p data-start=\"1613\" data-end=\"1671\"><strong data-start=\"1613\" data-end=\"1628\">Usar:<\/strong> Sistemas de alarma y telecomunicaciones, Alarmas Agility<\/p>\n<\/li>\n<li data-start=\"1672\" data-end=\"1699\">\n<p data-start=\"1674\" data-end=\"1699\"><strong data-start=\"1674\" data-end=\"1694\">Libre de mantenimiento:<\/strong> S\u00ed<\/p>\n<\/li>\n<li data-start=\"1700\" data-end=\"1732\">\n<p data-start=\"1702\" data-end=\"1732\"><strong data-start=\"1702\" data-end=\"1716\">Vida:<\/strong> Hasta 3 a\u00f1os<\/p>\n<\/li>\n<li data-start=\"1733\" data-end=\"1776\">\n<p data-start=\"1735\" data-end=\"1776\"><strong data-start=\"1735\" data-end=\"1764\">N\u00famero de art\u00edculo del proveedor:<\/strong> 500034-6V<\/p>\n<\/li>\n<\/ul>\n<p data-start=\"1778\" data-end=\"1793\"><strong data-start=\"1778\" data-end=\"1791\">Ventajas:<\/strong><\/p>\n<ul data-start=\"1794\" data-end=\"2113\">\n<li data-start=\"1794\" data-end=\"1847\">\n<p data-start=\"1796\" data-end=\"1847\"><strong data-start=\"1796\" data-end=\"1815\">Libre de mantenimiento<\/strong> \u2013 Requiere una supervisi\u00f3n m\u00ednima<\/p>\n<\/li>\n<li data-start=\"1848\" data-end=\"1923\">\n<p data-start=\"1850\" data-end=\"1923\"><strong data-start=\"1850\" data-end=\"1874\">Alta confiabilidad<\/strong> \u2013 Perfecto para aplicaciones de alarma y seguridad.<\/p>\n<\/li>\n<li data-start=\"1924\" data-end=\"2031\">\n<p data-start=\"1926\" data-end=\"2031\"><strong data-start=\"1926\" data-end=\"1946\">Garant\u00eda de seguridad<\/strong> \u2013 Pruebas peri\u00f3dicas del sistema Agility para garantizar la funcionalidad de la bater\u00eda<\/p>\n<\/li>\n<li data-start=\"2032\" data-end=\"2113\">\n<p data-start=\"2034\" data-end=\"2113\"><strong data-start=\"2034\" data-end=\"2052\">Larga vida \u00fatil<\/strong> \u2013 Hasta 3 a\u00f1os de uso para una energ\u00eda de respaldo segura y estable<\/p>\n<\/li>\n<\/ul>\n<p data-start=\"2115\" data-end=\"2410\">En resumen, la Bater\u00eda 6V 3.4 Ah es una soluci\u00f3n confiable para sistemas de seguridad y telecomunicaciones que requieren un suministro de energ\u00eda estable.<\/p>\n<p data-start=\"2115\" data-end=\"2410\">Ofrece rendimiento y seguridad duraderos, lo que lo convierte en una excelente opci\u00f3n para cualquiera que busque mantener un funcionamiento confiable en sus sistemas de seguridad.<\/p>","protected":false},"excerpt":{"rendered":"<p>La bater\u00eda 6V 3.4 Ah es una bater\u00eda libre de mantenimiento dise\u00f1ada para su uso en sistemas de alarma y telecomunicaciones, incluidos los sistemas de alarma Agility.<\/p>\n<p>Garantiza energ\u00eda de respaldo confiable por hasta tres a\u00f1os, y debe reemplazarse despu\u00e9s de este tiempo para mantener la funcionalidad y la seguridad.<\/p>","protected":false},"featured_media":142069,"template":"","meta":{"_acf_changed":false},"product_brand":[],"product_cat":[1596,2428,1862],"product_tag":[4513,2419,2426],"class_list":{"0":"post-67606","1":"product","2":"type-product","3":"status-publish","4":"has-post-thumbnail","6":"product_cat-ackumulatorer-12v-agm-batterier","7":"product_cat-stromforsorjning-batterier","8":"product_cat-batterier-knappcell","9":"product_tag-batteri-1-6-ah","10":"product_tag-rel-batteri","11":"product_tag-rel-risco","12":"product_shipping_class-tunga-paket","13":"pa_brands-stonehouse-security","14":"pa_risco-produkter-agility-2","15":"pa_risco-produkter-agility-3","16":"pa_risco-produkter-agility-4","17":"tm-no-options","19":"first","20":"instock","21":"sale","22":"featured","23":"taxable","24":"shipping-taxable","25":"purchasable","26":"product-type-simple"},"acf":[],"_links":{"self":[{"href":"https:\/\/secureus.se\/es\/wp-json\/wp\/v2\/product\/67606","targetHints":{"allow":["GET"]}}],"collection":[{"href":"https:\/\/secureus.se\/es\/wp-json\/wp\/v2\/product"}],"about":[{"href":"https:\/\/secureus.se\/es\/wp-json\/wp\/v2\/types\/product"}],"wp:featuredmedia":[{"embeddable":true,"href":"https:\/\/secureus.se\/es\/wp-json\/wp\/v2\/media\/142069"}],"wp:attachment":[{"href":"https:\/\/secureus.se\/es\/wp-json\/wp\/v2\/media?parent=67606"}],"wp:term":[{"taxonomy":"product_brand","embeddable":true,"href":"https:\/\/secureus.se\/es\/wp-json\/wp\/v2\/product_brand?post=67606"},{"taxonomy":"product_cat","embeddable":true,"href":"https:\/\/secureus.se\/es\/wp-json\/wp\/v2\/product_cat?post=67606"},{"taxonomy":"product_tag","embeddable":true,"href":"https:\/\/secureus.se\/es\/wp-json\/wp\/v2\/product_tag?post=67606"}],"curies":[{"name":"wp","href":"https:\/\/api.w.org\/{rel}","templated":true}]}}