{"id":68287,"date":"2022-11-21T17:14:46","date_gmt":"2022-11-21T16:14:46","guid":{"rendered":"https:\/\/secureus.se\/produkt\/visonic-smd-429-pg2-powerg-wireless-smoke-and-heat-detector\/"},"modified":"2026-03-11T16:56:25","modified_gmt":"2026-03-11T15:56:25","slug":"rokdetektor-smd-429-visonic","status":"publish","type":"product","link":"https:\/\/secureus.se\/es\/rokdetektor-smd-429-visonic\/","title":{"rendered":"Detector de humo SMD-429 con detector de calor y PowerG \u2013 Alarma de humo Visonic \u2013 EOL Vendido hasta agotar existencias"},"content":{"rendered":"<h1>Detector de humo SMD-429 \u2013 Seguridad<\/h1>\n<p>El SMD-429 es un detector de humo y calor inal\u00e1mbrico de alto rendimiento dise\u00f1ado para proteger su hogar o negocio contra incendios.<\/p>\n<p>Con la revolucionaria tecnolog\u00eda PowerG, este dispositivo combina confiabilidad y simplicidad con seguridad l\u00edder en el mercado.<\/p>\n<p>El detector detecta r\u00e1pidamente humo y temperaturas superiores a 57 \u00b0C y avisa con una sirena incorporada de 85 dB y un LED intermitente.<\/p>\n<p>Al mismo tiempo, env\u00eda se\u00f1ales al sistema de alarma para garantizar una respuesta r\u00e1pida.<\/p>\n<h4>Caracter\u00edsticas y beneficios<\/h4>\n<ul>\n<li><strong>Alertas tempranas de incendios<\/strong>:Los sensores detectan humo y calor para proporcionar una alerta temprana.<\/li>\n<li><strong>Largo alcance<\/strong>:La tecnolog\u00eda PowerG permite una instalaci\u00f3n sin repetidores incluso en instalaciones de mayor tama\u00f1o.<\/li>\n<li><strong>F\u00e1cil de instalar<\/strong>:F\u00e1cil montaje sin cableado complicado.<\/li>\n<li><strong>Bater\u00eda de larga duraci\u00f3n<\/strong>:Hasta 3 a\u00f1os con uso normal.<\/li>\n<li><strong>Compatibilidad<\/strong>:Funciona perfectamente con los sistemas de alarma PowerMaster.<\/li>\n<\/ul>\n<p>Con su f\u00e1cil instalaci\u00f3n y tecnolog\u00eda avanzada, el SMD-429 es perfecto tanto para hogares como para empresas que priorizan la seguridad y la comodidad.<\/p>\n<p>&nbsp;<\/p>","protected":false},"excerpt":{"rendered":"<p>SMD-429 es un detector de humo y calor inal\u00e1mbrico avanzado con sirena incorporada y tecnolog\u00eda PowerG.<\/p>\n<p>Proporciona alerta temprana de humo y temperaturas superiores a 57\u00b0C, protegiendo su hogar o negocio las 24 horas del d\u00eda, los 7 d\u00edas de la semana.<\/p>\n<p>Con f\u00e1cil instalaci\u00f3n, bajo consumo de bater\u00eda y compatibilidad con los sistemas PowerMaster, el SMD-429 es la soluci\u00f3n perfecta para la seguridad contra incendios.<\/p>","protected":false},"featured_media":142080,"template":"","meta":{"_acf_changed":false},"product_brand":[],"product_cat":[3376,3383,3377],"product_tag":[],"class_list":{"0":"post-68287","1":"product","2":"type-product","3":"status-publish","4":"has-post-thumbnail","6":"product_cat-visonic-larmenheter","7":"product_cat-visonic-brandvarnare-vattendetektor-temperatur","8":"product_cat-visonic-siren","9":"product_shipping_class-tunga-paket","10":"pa_brands-5visonic","11":"tm-no-options","13":"first","14":"outofstock","15":"featured","16":"taxable","17":"shipping-taxable","18":"purchasable","19":"product-type-simple"},"acf":[],"_links":{"self":[{"href":"https:\/\/secureus.se\/es\/wp-json\/wp\/v2\/product\/68287","targetHints":{"allow":["GET"]}}],"collection":[{"href":"https:\/\/secureus.se\/es\/wp-json\/wp\/v2\/product"}],"about":[{"href":"https:\/\/secureus.se\/es\/wp-json\/wp\/v2\/types\/product"}],"wp:featuredmedia":[{"embeddable":true,"href":"https:\/\/secureus.se\/es\/wp-json\/wp\/v2\/media\/142080"}],"wp:attachment":[{"href":"https:\/\/secureus.se\/es\/wp-json\/wp\/v2\/media?parent=68287"}],"wp:term":[{"taxonomy":"product_brand","embeddable":true,"href":"https:\/\/secureus.se\/es\/wp-json\/wp\/v2\/product_brand?post=68287"},{"taxonomy":"product_cat","embeddable":true,"href":"https:\/\/secureus.se\/es\/wp-json\/wp\/v2\/product_cat?post=68287"},{"taxonomy":"product_tag","embeddable":true,"href":"https:\/\/secureus.se\/es\/wp-json\/wp\/v2\/product_tag?post=68287"}],"curies":[{"name":"wp","href":"https:\/\/api.w.org\/{rel}","templated":true}]}}