{"id":68291,"date":"2022-11-21T17:14:37","date_gmt":"2022-11-21T16:14:37","guid":{"rendered":"https:\/\/secureus.se\/produkt\/visonic-kp-241-pg2-powerg-wireless-2-way-portable-keypad-with-built-in-proximity-tag-reader\/"},"modified":"2026-04-23T13:32:39","modified_gmt":"2026-04-23T11:32:39","slug":"panel-kp-241-pg2-visonic","status":"publish","type":"product","link":"https:\/\/secureus.se\/es\/panel-kp-241-pg2-visonic\/","title":{"rendered":"Panel KP-241 PG2 PowerG \u2013 Visonic"},"content":{"rendered":"<h1>Panel KP-241 PG2: el teclado perfecto para seguridad y control<\/h1>\n<p>El KP-241 PG2 de Visonic es un teclado inal\u00e1mbrico y port\u00e1til dise\u00f1ado para brindar a los usuarios un control conveniente y seguro de los sistemas de alarma PowerMaster.<\/p>\n<p>Con su dise\u00f1o moderno y elegante, se integra perfectamente tanto en entornos dom\u00e9sticos como comerciales.<\/p>\n<p>El teclado tiene comunicaci\u00f3n bidireccional incorporada que garantiza que los comandos se ejecuten y que el estado del sistema se indique tanto visual como audible.<\/p>\n<p>El lector de proximidad incorporado facilita armar y desarmar el sistema sin un c\u00f3digo.<\/p>\n<p>Caracter\u00edsticas como alarma de emergencia, botones iluminados y largo alcance de transmisi\u00f3n hacen del KP-241 PG2 una parte indispensable de su sistema de seguridad.<\/p>\n<p>Se puede utilizar como unidad port\u00e1til o montar en la pared con interruptor de seguridad para mayor seguridad.<\/p>\n<p>Con una bater\u00eda de larga duraci\u00f3n de hasta tres a\u00f1os y una f\u00e1cil instalaci\u00f3n, el KP-241 PG2 es pr\u00e1ctico y rentable.<\/p>","protected":false},"excerpt":{"rendered":"<p>El KP-241 PG2 es un moderno teclado inal\u00e1mbrico con comunicaci\u00f3n bidireccional y lector de proximidad incorporado.<\/p>\n<p>Perfecto para un f\u00e1cil control de los sistemas de alarma PowerMaster, con indicaci\u00f3n de estado visible y audible y dise\u00f1o ergon\u00f3mico para uso port\u00e1til o montado en la pared.<\/p>","protected":false},"featured_media":141319,"template":"","meta":{"_acf_changed":false},"product_brand":[],"product_cat":[3378],"product_tag":[2330],"class_list":{"0":"post-68291","1":"product","2":"type-product","3":"status-publish","4":"has-post-thumbnail","6":"product_cat-visonic-larmstyrning-knappsatser","7":"product_tag-visonic-manoverpanel","8":"product_shipping_class-tunga-paket","9":"pa_brands-5visonic","10":"tm-no-options","12":"first","13":"onbackorder","14":"sale","15":"taxable","16":"shipping-taxable","17":"purchasable","18":"product-type-simple"},"acf":[],"_links":{"self":[{"href":"https:\/\/secureus.se\/es\/wp-json\/wp\/v2\/product\/68291","targetHints":{"allow":["GET"]}}],"collection":[{"href":"https:\/\/secureus.se\/es\/wp-json\/wp\/v2\/product"}],"about":[{"href":"https:\/\/secureus.se\/es\/wp-json\/wp\/v2\/types\/product"}],"wp:featuredmedia":[{"embeddable":true,"href":"https:\/\/secureus.se\/es\/wp-json\/wp\/v2\/media\/141319"}],"wp:attachment":[{"href":"https:\/\/secureus.se\/es\/wp-json\/wp\/v2\/media?parent=68291"}],"wp:term":[{"taxonomy":"product_brand","embeddable":true,"href":"https:\/\/secureus.se\/es\/wp-json\/wp\/v2\/product_brand?post=68291"},{"taxonomy":"product_cat","embeddable":true,"href":"https:\/\/secureus.se\/es\/wp-json\/wp\/v2\/product_cat?post=68291"},{"taxonomy":"product_tag","embeddable":true,"href":"https:\/\/secureus.se\/es\/wp-json\/wp\/v2\/product_tag?post=68291"}],"curies":[{"name":"wp","href":"https:\/\/api.w.org\/{rel}","templated":true}]}}