{"id":68295,"date":"2022-11-21T17:14:21","date_gmt":"2022-11-21T16:14:21","guid":{"rendered":"https:\/\/secureus.se\/produkt\/visonic-9-103891-4g-lte-communicator-for-pm360-360r\/"},"modified":"2025-12-31T20:30:56","modified_gmt":"2025-12-31T19:30:56","slug":"larmsandare-4g-powermaster-visonic","status":"publish","type":"product","link":"https:\/\/secureus.se\/es\/larmsandare-4g-powermaster-visonic\/","title":{"rendered":"Transmisor de alarma 4G Powermaster LTE Comunicador para Pm360\/360R \u2013 Visonic"},"content":{"rendered":"<h1>Transmisor de alarma 4G Powermaster LTE Communicator: seguridad y hogar inteligente en perfecta armon\u00eda<\/h1>\n<p>Actualice su PowerMaster 360\/360R al siguiente nivel con el comunicador 4G Powermaster LTE, un m\u00f3dulo de comunicaci\u00f3n innovador que combina seguridad, protecci\u00f3n y automatizaci\u00f3n del hogar inteligente.<\/p>\n<p>Perfecto para clientes que desean una soluci\u00f3n integrada para el control y la seguridad del hogar inteligente.<\/p>\n<p>Este m\u00f3dulo permite la conexi\u00f3n v\u00eda 4G\/LTE y es compatible con PowerMaster 360\/360R a partir de la versi\u00f3n 19.<\/p>\n<p>Con una plataforma basada en la nube y una aplicaci\u00f3n m\u00f3vil f\u00e1cil de usar, puede controlar f\u00e1cilmente su hogar, monitorear la seguridad y administrar electrodom\u00e9sticos, todo desde su tel\u00e9fono inteligente.<\/p>\n<p><strong>Caracter\u00edsticas principales:<\/strong><\/p>\n<ul>\n<li><strong>Tecnolog\u00eda de seguridad PowerG\u2122:<\/strong> Comunicaci\u00f3n inal\u00e1mbrica segura y estable.<\/li>\n<li><strong>Wi-Fi y Z-Wave:<\/strong> Integre dispositivos dom\u00e9sticos inteligentes con su sistema de seguridad.<\/li>\n<li><strong>Control basado en la nube:<\/strong> Acceda al sistema en cualquier momento a trav\u00e9s de la aplicaci\u00f3n m\u00f3vil.<\/li>\n<li><strong>Bater\u00eda de respaldo:<\/strong> Garantiza el funcionamiento incluso durante cortes de electricidad.<\/li>\n<li><strong>Flexibilidad:<\/strong> \u00daselo como puerta de enlace \u00fanica para seguridad, protecci\u00f3n y automatizaci\u00f3n del hogar inteligente.<\/li>\n<\/ul>\n<p>Con su f\u00e1cil instalaci\u00f3n y experiencia de usuario intuitiva, esta soluci\u00f3n es perfecta tanto para hogares como para empresas.<\/p>","protected":false},"excerpt":{"rendered":"<p>El transmisor de alarma 4G Powermaster LTE Communicator es un m\u00f3dulo 4G\/LTE para PowerMaster 360\/360R.<\/p>\n<p>Combina seguridad, automatizaci\u00f3n del hogar inteligente y control basado en la nube a trav\u00e9s de la aplicaci\u00f3n m\u00f3vil.<\/p>","protected":false},"featured_media":142101,"template":"","meta":{"_acf_changed":false},"product_brand":[],"product_cat":[3375],"product_tag":[2331],"class_list":{"0":"post-68295","1":"product","2":"type-product","3":"status-publish","4":"has-post-thumbnail","6":"product_cat-visonic-larmsandare-ip-4g","7":"product_tag-visonic-larmoverforing","8":"product_shipping_class-postnord-varubrev","9":"pa_brands-5visonic","10":"tm-no-options","12":"first","13":"instock","14":"featured","15":"taxable","16":"shipping-taxable","17":"purchasable","18":"product-type-simple"},"acf":[],"_links":{"self":[{"href":"https:\/\/secureus.se\/es\/wp-json\/wp\/v2\/product\/68295","targetHints":{"allow":["GET"]}}],"collection":[{"href":"https:\/\/secureus.se\/es\/wp-json\/wp\/v2\/product"}],"about":[{"href":"https:\/\/secureus.se\/es\/wp-json\/wp\/v2\/types\/product"}],"wp:featuredmedia":[{"embeddable":true,"href":"https:\/\/secureus.se\/es\/wp-json\/wp\/v2\/media\/142101"}],"wp:attachment":[{"href":"https:\/\/secureus.se\/es\/wp-json\/wp\/v2\/media?parent=68295"}],"wp:term":[{"taxonomy":"product_brand","embeddable":true,"href":"https:\/\/secureus.se\/es\/wp-json\/wp\/v2\/product_brand?post=68295"},{"taxonomy":"product_cat","embeddable":true,"href":"https:\/\/secureus.se\/es\/wp-json\/wp\/v2\/product_cat?post=68295"},{"taxonomy":"product_tag","embeddable":true,"href":"https:\/\/secureus.se\/es\/wp-json\/wp\/v2\/product_tag?post=68295"}],"curies":[{"name":"wp","href":"https:\/\/api.w.org\/{rel}","templated":true}]}}