{"id":68299,"date":"2022-11-21T17:14:06","date_gmt":"2022-11-21T16:14:06","guid":{"rendered":"https:\/\/secureus.se\/produkt\/visonic-0-103371-pmaster-10-swe-triple-panel\/"},"modified":"2026-04-09T11:37:04","modified_gmt":"2026-04-09T09:37:04","slug":"visonic-powermaster-10-centralenhet-v20-panel","status":"publish","type":"product","link":"https:\/\/secureus.se\/es\/visonic-powermaster-10-centralenhet-v20-panel\/","title":{"rendered":"Visonic PowerMaster 10 Unidad central V20 Panel"},"content":{"rendered":"<div id=\"content-2\">\n<div id=\"textholder_1\" class=\"overflow-text u-typography-body-medium full-content\">\n<div id=\"content-1\" class=\"accordion-content\">\n<h1>Unidad central Visonic PowerMaster 10: seguridad y automatizaci\u00f3n profesional<\/h1>\n<p>El PowerMaster-10 es una unidad central inal\u00e1mbrica dise\u00f1ada para brindar m\u00e1xima seguridad y comodidad a su hogar o negocio.<\/p>\n<p>Con la avanzada tecnolog\u00eda PowerG de Visonics, el sistema ofrece un alcance superior, un rendimiento s\u00f3lido y un bajo consumo de energ\u00eda.<\/p>\n<p>El sistema admite 28 zonas inal\u00e1mbricas y una zona cableada, lo que lo hace flexible para todo tipo de necesidades de seguridad.<\/p>\n<p>Con rutas de informes triples a trav\u00e9s de PSTN, Ethernet y GPRS, la alarma siempre puede comunicarse, independientemente de la situaci\u00f3n.<\/p>\n<p><strong>Caracter\u00edsticas principales:<\/strong><\/p>\n<ul>\n<li><strong>Tecnolog\u00eda PowerG<\/strong>:Alcance inal\u00e1mbrico superior y cifrado AES-128.<\/li>\n<li><strong>Soporte para 28 zonas<\/strong>:Ideal para instalaciones peque\u00f1as y medianas.<\/li>\n<li><strong>Rutas de denuncia triples<\/strong>:Conexi\u00f3n segura a trav\u00e9s de PSTN, Ethernet o GPRS.<\/li>\n<li><strong>Sirena incorporada y pantalla LCD<\/strong>:F\u00e1cil de usar y eficiente.<\/li>\n<li><strong>Bater\u00eda de larga duraci\u00f3n<\/strong>:Hasta 24 horas de reserva de energ\u00eda con respaldo de bater\u00eda.<\/li>\n<\/ul>\n<p>Ya sea que est\u00e9 buscando una soluci\u00f3n para su hogar u oficina, el PowerMaster-10 es la elecci\u00f3n perfecta para proteger lo que es importante para usted.<\/p>\n<\/div>\n<\/div>\n<\/div>","protected":false},"excerpt":{"rendered":"<p><strong>Unidad central PowerMaster-10: su soluci\u00f3n de seguridad<\/strong><br \/>\nEl PowerMaster-10 ofrece una soluci\u00f3n inal\u00e1mbrica profesional para seguridad y automatizaci\u00f3n.<\/p>\n<p>Con soporte para 28 zonas, sirena incorporada y bater\u00eda de respaldo, este sistema es perfecto para hogares y negocios.<\/p>","protected":false},"featured_media":142108,"template":"","meta":{"_acf_changed":false},"product_brand":[],"product_cat":[3374],"product_tag":[2472,2330],"class_list":{"0":"post-68299","1":"product","2":"type-product","3":"status-publish","4":"has-post-thumbnail","6":"product_cat-visonic-centralenhet-panel","7":"product_tag-sbsc-larmklassr","8":"product_tag-visonic-manoverpanel","9":"product_shipping_class-tunga-paket","10":"pa_brands-5visonic","11":"tm-no-options","13":"first","14":"onbackorder","15":"sale","16":"featured","17":"taxable","18":"shipping-taxable","19":"purchasable","20":"product-type-simple"},"acf":[],"_links":{"self":[{"href":"https:\/\/secureus.se\/es\/wp-json\/wp\/v2\/product\/68299","targetHints":{"allow":["GET"]}}],"collection":[{"href":"https:\/\/secureus.se\/es\/wp-json\/wp\/v2\/product"}],"about":[{"href":"https:\/\/secureus.se\/es\/wp-json\/wp\/v2\/types\/product"}],"wp:featuredmedia":[{"embeddable":true,"href":"https:\/\/secureus.se\/es\/wp-json\/wp\/v2\/media\/142108"}],"wp:attachment":[{"href":"https:\/\/secureus.se\/es\/wp-json\/wp\/v2\/media?parent=68299"}],"wp:term":[{"taxonomy":"product_brand","embeddable":true,"href":"https:\/\/secureus.se\/es\/wp-json\/wp\/v2\/product_brand?post=68299"},{"taxonomy":"product_cat","embeddable":true,"href":"https:\/\/secureus.se\/es\/wp-json\/wp\/v2\/product_cat?post=68299"},{"taxonomy":"product_tag","embeddable":true,"href":"https:\/\/secureus.se\/es\/wp-json\/wp\/v2\/product_tag?post=68299"}],"curies":[{"name":"wp","href":"https:\/\/api.w.org\/{rel}","templated":true}]}}