{"id":68303,"date":"2022-11-21T17:13:56","date_gmt":"2022-11-21T16:13:56","guid":{"rendered":"https:\/\/secureus.se\/produkt\/visonic-sr-740-pg2-powerg-wireless-2-way-outdoor-siren-blue-strobe\/"},"modified":"2026-03-19T11:10:56","modified_gmt":"2026-03-19T10:10:56","slug":"siren-sr-740-pg2-utomhus-visonic","status":"publish","type":"product","link":"https:\/\/secureus.se\/es\/siren-sr-740-pg2-utomhus-visonic\/","title":{"rendered":"Sirena SR-740 Exterior PG2 Azul - Visonic - EOL Agotado"},"content":{"rendered":"<h1>Sirena inal\u00e1mbrica para exteriores SR-740 PG2 con luz azul intermitente<\/h1>\n<p>Dale a tu hogar o negocio una soluci\u00f3n de seguridad confiable con <strong>Visonic SR-740 PG2<\/strong>.<\/p>\n<p>Esta sirena inal\u00e1mbrica para exteriores combina potentes funciones de alarma con un dise\u00f1o elegante y una bater\u00eda de larga duraci\u00f3n. Perfecto para usar con sistemas de alarma Visonic PowerMaster\u00ae.<\/p>\n<p>Con una fuerte se\u00f1al audible de 105 dB y una luz intermitente azul, el SR-740 PG2 garantiza que la alarma no pase desapercibida.<\/p>\n<p>La sirena est\u00e1 dise\u00f1ada para funcionar incluso en condiciones clim\u00e1ticas adversas gracias a su carcasa con clasificaci\u00f3n IP55.<\/p>\n<p><strong>Caracter\u00edsticas principales:<\/strong><\/p>\n<ul>\n<li><strong>Tecnolog\u00eda PowerG:<\/strong> Comunicaci\u00f3n bidireccional de primera clase para m\u00e1xima seguridad.<\/li>\n<li><strong>Pitido fuerte:<\/strong> Se\u00f1al piezoel\u00e9ctrica de 105 dB para una advertencia eficaz.<\/li>\n<li><strong>A prueba de la intemperie:<\/strong> Certificaci\u00f3n IP55 para funcionamiento en todos los entornos.<\/li>\n<li><strong>Bater\u00eda de larga duraci\u00f3n:<\/strong> Hasta 8 a\u00f1os con un uso normal.<\/li>\n<li><strong>Dise\u00f1o elegante:<\/strong> Adaptado tanto para propiedades privadas como comerciales.<\/li>\n<\/ul>\n<p>Esta sirena para exterior proporciona una f\u00e1cil instalaci\u00f3n sin necesidad de repetidores adicionales gracias a su largo alcance.<\/p>\n<p>Con doble protecci\u00f3n antimanipulaci\u00f3n y un indicador de calidad visible en el dispositivo, obtiene una soluci\u00f3n de seguridad completa y f\u00e1cil de administrar.<\/p>","protected":false},"excerpt":{"rendered":"<p>Sirena inal\u00e1mbrica para exteriores Visonic SR-740 PG2<\/p>\n<p>La SR-740 PG2 es una sirena para exteriores elegante y robusta con luz intermitente azul y una se\u00f1al fuerte de 105 dB.<\/p>\n<p>Con tecnolog\u00eda PowerG y carcasa con clasificaci\u00f3n IP55, ofrece alta seguridad y un funcionamiento confiable incluso en entornos hostiles.<\/p>","protected":false},"featured_media":141589,"template":"","meta":{"_acf_changed":false},"product_brand":[],"product_cat":[1562,3377],"product_tag":[2472,2333],"class_list":{"0":"post-68303","1":"product","2":"type-product","3":"status-publish","4":"has-post-thumbnail","6":"product_cat-larmdon-blixtljus","7":"product_cat-visonic-siren","8":"product_tag-sbsc-larmklassr","9":"product_tag-visonic-siren","10":"product_shipping_class-tunga-paket","11":"pa_brands-5visonic","12":"tm-no-options","14":"first","15":"instock","16":"sale","17":"taxable","18":"shipping-taxable","19":"purchasable","20":"product-type-simple"},"acf":[],"_links":{"self":[{"href":"https:\/\/secureus.se\/es\/wp-json\/wp\/v2\/product\/68303","targetHints":{"allow":["GET"]}}],"collection":[{"href":"https:\/\/secureus.se\/es\/wp-json\/wp\/v2\/product"}],"about":[{"href":"https:\/\/secureus.se\/es\/wp-json\/wp\/v2\/types\/product"}],"wp:featuredmedia":[{"embeddable":true,"href":"https:\/\/secureus.se\/es\/wp-json\/wp\/v2\/media\/141589"}],"wp:attachment":[{"href":"https:\/\/secureus.se\/es\/wp-json\/wp\/v2\/media?parent=68303"}],"wp:term":[{"taxonomy":"product_brand","embeddable":true,"href":"https:\/\/secureus.se\/es\/wp-json\/wp\/v2\/product_brand?post=68303"},{"taxonomy":"product_cat","embeddable":true,"href":"https:\/\/secureus.se\/es\/wp-json\/wp\/v2\/product_cat?post=68303"},{"taxonomy":"product_tag","embeddable":true,"href":"https:\/\/secureus.se\/es\/wp-json\/wp\/v2\/product_tag?post=68303"}],"curies":[{"name":"wp","href":"https:\/\/api.w.org\/{rel}","templated":true}]}}