{"id":68307,"date":"2022-11-21T17:13:43","date_gmt":"2022-11-21T16:13:43","guid":{"rendered":"https:\/\/secureus.se\/produkt\/visonic-9-103877-til-kontrolpanel-lte-868-cat4-pm-10-30-33\/"},"modified":"2026-04-14T20:38:44","modified_gmt":"2026-04-14T18:38:44","slug":"4g-visonic","status":"publish","type":"product","link":"https:\/\/secureus.se\/es\/4g-visonic\/","title":{"rendered":"M\u00f3dulo de comunicaci\u00f3n Visonic 4G\/LTE para PowerMaster 10\/30\/33"},"content":{"rendered":"<h2 data-start=\"429\" data-end=\"495\"><strong data-start=\"432\" data-end=\"495\">M\u00f3dulo de comunicaci\u00f3n Visonic 4G\/LTE para PowerMaster 10\/30\/33<\/strong><\/h2>\n<p data-start=\"497\" data-end=\"768\">El m\u00f3dulo de comunicaci\u00f3n Visonic 4G\/LTE facilita la actualizaci\u00f3n de su sistema de alarma PowerMaster 10, 30 o 33 existente a la moderna comunicaci\u00f3n 4G.<br data-start=\"630\" data-end=\"633\" \/>Este m\u00f3dulo sustituye a los m\u00f3dulos 2G o 3G m\u00e1s antiguos y garantiza que su sistema siga funcionando incluso cuando las redes m\u00f3viles antiguas dejen de utilizarse.<\/p>\n<p data-start=\"770\" data-end=\"1024\">La instalaci\u00f3n es sencilla y puede realizarla usted mismo. Se retira el m\u00f3dulo de comunicaci\u00f3n existente y se sustituye por el nuevo m\u00f3dulo Visonic 4G original, que se monta directamente en la unidad central. Se incluyen instrucciones de instalaci\u00f3n claras y no se requieren herramientas especiales.<\/p>\n<p data-start=\"1026\" data-end=\"1266\">El m\u00f3dulo Visonic 4G\/LTE proporciona una comunicaci\u00f3n r\u00e1pida, estable y segura tanto para la notificaci\u00f3n de eventos como para el control remoto. Utiliza la red LTE (4G) como v\u00eda de comunicaci\u00f3n principal, pero puede cambiar autom\u00e1ticamente cuando sea necesario para garantizar un funcionamiento ininterrumpido.<\/p>\n<p data-start=\"1268\" data-end=\"1415\">El m\u00f3dulo es compatible con PowerMaster 10, 30 y 33 (versi\u00f3n 18.04 o superior) y admite la comunicaci\u00f3n a trav\u00e9s de los protocolos SIA\/IP, SIA y Contact ID.<\/p>\n<hr data-start=\"1417\" data-end=\"1420\" \/>\n<h3 data-start=\"1422\" data-end=\"1453\"><strong data-start=\"1426\" data-end=\"1453\">Caracter\u00edsticas y beneficios<\/strong><\/h3>\n<ul data-start=\"1454\" data-end=\"1927\">\n<li data-start=\"1454\" data-end=\"1512\">\n<p data-start=\"1456\" data-end=\"1512\">Actualiza f\u00e1cilmente de la comunicaci\u00f3n 2G\/3G a 4G\/LTE.<\/p>\n<\/li>\n<li data-start=\"1513\" data-end=\"1587\">\n<p data-start=\"1515\" data-end=\"1587\">Conexi\u00f3n r\u00e1pida y estable para la notificaci\u00f3n de eventos y el control remoto.<\/p>\n<\/li>\n<li data-start=\"1588\" data-end=\"1660\">\n<p data-start=\"1590\" data-end=\"1660\">Compatible con PowerMaster 10, 30 y 33 (versi\u00f3n 18.04 o superior).<\/p>\n<\/li>\n<li data-start=\"1661\" data-end=\"1726\">\n<p data-start=\"1663\" data-end=\"1726\">F\u00e1cil instalaci\u00f3n: sustituya el m\u00f3dulo antiguo existente. Manual e instrucciones incluidos.<\/p>\n<\/li>\n<li data-start=\"1727\" data-end=\"1794\">\n<p data-start=\"1729\" data-end=\"1794\">Comunicaci\u00f3n bidireccional completa a trav\u00e9s de SIA\/IP, SIA y Contact ID.<\/p>\n<\/li>\n<li data-start=\"1795\" data-end=\"1862\">\n<p data-start=\"1797\" data-end=\"1862\">Posibilidad de conectar una antena externa para mejorar la intensidad de la se\u00f1al.<\/p>\n<\/li>\n<li data-start=\"1863\" data-end=\"1927\">\n<p data-start=\"1865\" data-end=\"1927\">Soluci\u00f3n segura y preparada para el futuro cuando se desactiven las redes heredadas.<\/p>\n<\/li>\n<\/ul>\n<hr data-start=\"1929\" data-end=\"1932\" \/>\n<h3 data-start=\"1934\" data-end=\"1957\"><strong data-start=\"1938\" data-end=\"1957\">Presupuesto<\/strong><\/h3>\n<ul data-start=\"1958\" data-end=\"2329\">\n<li data-start=\"1986\" data-end=\"2044\">\n<p data-start=\"1988\" data-end=\"2044\"><strong data-start=\"1988\" data-end=\"2006\">Comunicaci\u00f3n:<\/strong> 4G\/LTE (compatible con conmutaci\u00f3n por error a 2G)<\/p>\n<\/li>\n<li data-start=\"2045\" data-end=\"2139\">\n<p data-start=\"2047\" data-end=\"2139\"><strong data-start=\"2047\" data-end=\"2072\">Paneles de control compatibles:<\/strong> PowerMaster 10, PowerMaster 30, PowerMaster 33 (versi\u00f3n \u2265 18.04)<\/p>\n<\/li>\n<li data-start=\"2140\" data-end=\"2182\">\n<p data-start=\"2142\" data-end=\"2182\"><strong data-start=\"2142\" data-end=\"2156\">Protocolo:<\/strong> SIA\/IP, SIA, ID de contacto<\/p>\n<\/li>\n<li data-start=\"2183\" data-end=\"2225\">\n<p data-start=\"2185\" data-end=\"2225\"><strong data-start=\"2185\" data-end=\"2199\">Montaje:<\/strong> Directamente en la unidad central<\/p>\n<\/li>\n<li data-start=\"2226\" data-end=\"2268\">\n<p data-start=\"2228\" data-end=\"2268\"><strong data-start=\"2228\" data-end=\"2249\">Fuente de alimentaci\u00f3n:<\/strong> A trav\u00e9s de la unidad central<\/p>\n<\/li>\n<li data-start=\"2269\" data-end=\"2297\">\n<p data-start=\"2271\" data-end=\"2297\"><strong data-start=\"2271\" data-end=\"2287\">Fabricante:<\/strong> Visonic<\/p>\n<\/li>\n<li data-start=\"2298\" data-end=\"2329\">\n<p data-start=\"2300\" data-end=\"2329\"><strong data-start=\"2300\" data-end=\"2318\">N\u00famero de art\u00edculo:<\/strong> 9-103877<\/p>\n<\/li>\n<\/ul>\n<hr data-start=\"2331\" data-end=\"2334\" \/>\n<h3 data-start=\"2336\" data-end=\"2394\"><strong data-start=\"2340\" data-end=\"2394\">C\u00f3mo comprobar la versi\u00f3n de su PowerMaster 10<\/strong><\/h3>\n<p data-start=\"2395\" data-end=\"2510\">Para garantizar que su panel de control sea compatible con este m\u00f3dulo (requiere la versi\u00f3n 18.04 o superior), haga lo siguiente:<\/p>\n<ol data-start=\"2511\" data-end=\"2718\">\n<li data-start=\"2511\" data-end=\"2568\">\n<p data-start=\"2514\" data-end=\"2568\">Ir a <strong data-start=\"2522\" data-end=\"2543\">Men\u00fa del instalador<\/strong> en su PowerMaster 10.<\/p>\n<\/li>\n<li data-start=\"2569\" data-end=\"2595\">\n<p data-start=\"2572\" data-end=\"2595\">Seleccionar <strong data-start=\"2577\" data-end=\"2592\">N\u00famero de serie<\/strong>.<\/p>\n<\/li>\n<li data-start=\"2596\" data-end=\"2628\">\n<p data-start=\"2599\" data-end=\"2628\">Prensa <strong data-start=\"2608\" data-end=\"2615\">&gt;&gt;&gt;<\/strong>llave.<\/p>\n<\/li>\n<li data-start=\"2629\" data-end=\"2718\">\n<p data-start=\"2632\" data-end=\"2718\">Los \u00faltimos d\u00edgitos que aparecen en la pantalla indican la versi\u00f3n del firmware. Por ejemplo: \u201c<em>JS702271<\/em> <strong>I18.040\u2033 = 18.04<\/strong><\/p>\n<\/li>\n<\/ol>\n<p data-start=\"2720\" data-end=\"2800\">Si la versi\u00f3n es <strong data-start=\"2736\" data-end=\"2757\">18.04 o superior<\/strong>, Su panel de control es compatible con el m\u00f3dulo 4G.<\/p>\n<p data-start=\"2720\" data-end=\"2800\">","protected":false},"excerpt":{"rendered":"<p>El m\u00f3dulo de comunicaci\u00f3n 4G\/LTE de Visonic actualiza PowerMaster 10, 30 y 33 a la comunicaci\u00f3n 4G moderna.<br data-start=\"2958\" data-end=\"2961\" \/>Proporciona una conexi\u00f3n r\u00e1pida, estable y segura para la generaci\u00f3n de informes y el control remoto. F\u00e1cil instalaci\u00f3n: sustituya el m\u00f3dulo existente por uno nuevo. Compatible con la versi\u00f3n 18.04 o superior.<\/p>","protected":false},"featured_media":141344,"template":"","meta":{"_acf_changed":false},"product_brand":[],"product_cat":[3375],"product_tag":[2331],"class_list":{"0":"post-68307","1":"product","2":"type-product","3":"status-publish","4":"has-post-thumbnail","6":"product_cat-visonic-larmsandare-ip-4g","7":"product_tag-visonic-larmoverforing","8":"pa_brands-5visonic","9":"pa_farg-vit","10":"tm-no-options","12":"first","13":"instock","14":"sale","15":"featured","16":"taxable","17":"shipping-taxable","18":"purchasable","19":"product-type-simple"},"acf":[],"_links":{"self":[{"href":"https:\/\/secureus.se\/es\/wp-json\/wp\/v2\/product\/68307","targetHints":{"allow":["GET"]}}],"collection":[{"href":"https:\/\/secureus.se\/es\/wp-json\/wp\/v2\/product"}],"about":[{"href":"https:\/\/secureus.se\/es\/wp-json\/wp\/v2\/types\/product"}],"wp:featuredmedia":[{"embeddable":true,"href":"https:\/\/secureus.se\/es\/wp-json\/wp\/v2\/media\/141344"}],"wp:attachment":[{"href":"https:\/\/secureus.se\/es\/wp-json\/wp\/v2\/media?parent=68307"}],"wp:term":[{"taxonomy":"product_brand","embeddable":true,"href":"https:\/\/secureus.se\/es\/wp-json\/wp\/v2\/product_brand?post=68307"},{"taxonomy":"product_cat","embeddable":true,"href":"https:\/\/secureus.se\/es\/wp-json\/wp\/v2\/product_cat?post=68307"},{"taxonomy":"product_tag","embeddable":true,"href":"https:\/\/secureus.se\/es\/wp-json\/wp\/v2\/product_tag?post=68307"}],"curies":[{"name":"wp","href":"https:\/\/api.w.org\/{rel}","templated":true}]}}