{"id":68309,"date":"2022-11-21T17:13:32","date_gmt":"2022-11-21T16:13:32","guid":{"rendered":"https:\/\/secureus.se\/produkt\/visonic-mc-312-pg2-powerg-wireless-outdoor-magnetic-contact-with-auxiliary-input-black\/"},"modified":"2026-04-23T13:33:15","modified_gmt":"2026-04-23T11:33:15","slug":"magnetkontakt-mc-312-utomhus-visonic","status":"publish","type":"product","link":"https:\/\/secureus.se\/es\/magnetkontakt-mc-312-utomhus-visonic\/","title":{"rendered":"Contacto magn\u00e9tico MC-312 Outdoor PG2 PowerG Wireless \u2013 Visonic"},"content":{"rendered":"<div class=\"product-information u-m-b-06\">\n<div id=\"content-2\"><\/div>\n<\/div>\n<h1>Contacto magn\u00e9tico MC-312 para exteriores: seguridad inal\u00e1mbrica \u00f3ptima<\/h1>\n<p>El contacto magn\u00e9tico MC-312 Outdoor es la soluci\u00f3n definitiva para proteger sus ventanas, portones y puertas.<\/p>\n<p>Est\u00e1 dise\u00f1ado para soportar condiciones extremas, desde condiciones clim\u00e1ticas adversas hasta necesidades de seguridad exigentes.<\/p>\n<p>Con la revolucionaria tecnolog\u00eda PowerG, combina la seguridad de los sistemas cableados con la simplicidad de las soluciones inal\u00e1mbricas.<\/p>\n<h4>Ventajas del MC-312 Outdoor:<\/h4>\n<ul>\n<li><strong>F\u00e1cil instalaci\u00f3n<\/strong>Con el registro autom\u00e1tico y la tecnolog\u00eda inal\u00e1mbrica, ahorras tiempo y esfuerzo.<\/li>\n<li><strong>Dise\u00f1o robusto<\/strong>:La certificaci\u00f3n IP66 protege contra el polvo y el agua, y funciona en temperaturas de -40\u00b0C a +66\u00b0C.<\/li>\n<li><strong>Larga vida \u00fatil<\/strong>Con hasta 5 a\u00f1os de duraci\u00f3n de bater\u00eda y resistencia a influencias externas, es una soluci\u00f3n de seguridad confiable.<\/li>\n<\/ul>\n<h3>Perfecto para el hogar y el negocio.<\/h3>\n<p>El MC-312 es adecuado tanto para viviendas particulares como para propiedades comerciales.<\/p>\n<p>Es ideal para asegurar puertas, ventanas e instalaciones de jard\u00edn.<\/p>\n<p>Adem\u00e1s, su carcasa est\u00e9tica y pintable lo hace discreto y personalizable.<\/p>\n<p><iframe src=\"https:\/\/www.youtube.com\/embed\/k4AuKTJvg98\" width=\"505\" height=\"284\" frameborder=\"0\" allowfullscreen=\"allowfullscreen\"><\/iframe><\/p>","protected":false},"excerpt":{"rendered":"<p>El contacto magn\u00e9tico para exteriores MC-312 con tecnolog\u00eda PowerG ofrece seguridad inal\u00e1mbrica de alto rendimiento para ventanas, puertas y portones.<\/p>\n<p>Certificado IP66 y puede soportar condiciones clim\u00e1ticas extremas.<\/p>","protected":false},"featured_media":141195,"template":"","meta":{"_acf_changed":false},"product_brand":[],"product_cat":[3376,3381,3380],"product_tag":[2472,3125],"class_list":{"0":"post-68309","1":"product","2":"type-product","3":"status-publish","4":"has-post-thumbnail","6":"product_cat-visonic-larmenheter","7":"product_cat-visonic-magnetkontakter","8":"product_cat-visonic-utomhusdetektorer","9":"product_tag-sbsc-larmklassr","10":"product_tag-visonic-magnet","11":"product_shipping_class-tunga-paket","12":"pa_brands-5visonic","13":"tm-no-options","15":"first","16":"instock","17":"sale","18":"taxable","19":"shipping-taxable","20":"purchasable","21":"product-type-simple"},"acf":[],"_links":{"self":[{"href":"https:\/\/secureus.se\/es\/wp-json\/wp\/v2\/product\/68309","targetHints":{"allow":["GET"]}}],"collection":[{"href":"https:\/\/secureus.se\/es\/wp-json\/wp\/v2\/product"}],"about":[{"href":"https:\/\/secureus.se\/es\/wp-json\/wp\/v2\/types\/product"}],"wp:featuredmedia":[{"embeddable":true,"href":"https:\/\/secureus.se\/es\/wp-json\/wp\/v2\/media\/141195"}],"wp:attachment":[{"href":"https:\/\/secureus.se\/es\/wp-json\/wp\/v2\/media?parent=68309"}],"wp:term":[{"taxonomy":"product_brand","embeddable":true,"href":"https:\/\/secureus.se\/es\/wp-json\/wp\/v2\/product_brand?post=68309"},{"taxonomy":"product_cat","embeddable":true,"href":"https:\/\/secureus.se\/es\/wp-json\/wp\/v2\/product_cat?post=68309"},{"taxonomy":"product_tag","embeddable":true,"href":"https:\/\/secureus.se\/es\/wp-json\/wp\/v2\/product_tag?post=68309"}],"curies":[{"name":"wp","href":"https:\/\/api.w.org\/{rel}","templated":true}]}}