{"id":68311,"date":"2022-11-21T17:13:27","date_gmt":"2022-11-21T16:13:27","guid":{"rendered":"https:\/\/secureus.se\/produkt\/visonic-k-305177-2-pack-mcs-740-powermax-siren-lithium-battery\/"},"modified":"2026-04-09T11:37:40","modified_gmt":"2026-04-09T09:37:40","slug":"batteripaket-for-siren-sr-740","status":"publish","type":"product","link":"https:\/\/secureus.se\/es\/batteripaket-for-siren-sr-740\/","title":{"rendered":"Bater\u00eda para SIREN SR-740 Outdoor \u2013 Visonic"},"content":{"rendered":"<h1>Bater\u00eda para sirena SR-740 de exterior: fuente de alimentaci\u00f3n confiable<\/h1>\n<p>Mejore su configuraci\u00f3n de alarma exterior con este paquete de bater\u00edas dise\u00f1ado para la sirena Visonic SR-740.<\/p>\n<p>Con dos bater\u00edas de litio ER18505M de alta calidad, este paquete ofrece un suministro de energ\u00eda confiable y duradero para su sirena exterior.<\/p>\n<p>Est\u00e1 dise\u00f1ado a medida para garantizar un rendimiento \u00f3ptimo y es compatible con los sistemas PowerG de Visonics.<\/p>\n<h4>Ventajas del paquete de bater\u00edas:<\/h4>\n<ul>\n<li><strong>Larga vida \u00fatil<\/strong>:Con una capacidad de 3,5 Ah, las bater\u00edas pueden durar entre 2 y 3 a\u00f1os en condiciones normales de funcionamiento.<\/li>\n<li><strong>Dise\u00f1o robusto<\/strong>:Las bater\u00edas est\u00e1n dise\u00f1adas para funcionar a temperaturas de -33 \u00b0C a 70 \u00b0C, lo que las hace ideales para condiciones exteriores adversas.<\/li>\n<li><strong>Compatibilidad<\/strong>:Desarrollado para adaptarse perfectamente con Siren SR-740 y otros sistemas PowerMaster.<\/li>\n<\/ul>\n<h3>\u00d3ptimo para sistemas PowerG<\/h3>\n<p>La sirena SR-740 es una sirena exterior inal\u00e1mbrica de alto rendimiento con tecnolog\u00eda PowerG avanzada.<\/p>\n<p>Con este paquete de bater\u00edas, obtendr\u00e1 la fuente de alimentaci\u00f3n necesaria para garantizar un funcionamiento eficiente y a largo plazo.<\/p>\n<p>Las bater\u00edas son f\u00e1ciles de instalar y reemplazar, lo que facilita el mantenimiento.<\/p>\n<p>Dale a tu soluci\u00f3n de seguridad la confiabilidad que merece con este paquete de bater\u00edas para la sirena SR-740.<\/p>","protected":false},"excerpt":{"rendered":"<p>El paquete de bater\u00edas para sirena Visonic SR-740 para exteriores proporciona una fuente de alimentaci\u00f3n confiable y de larga duraci\u00f3n.<\/p>\n<p>Perfecto para sistemas de seguridad PowerG.<\/p>","protected":false},"featured_media":141352,"template":"","meta":{"_acf_changed":false},"product_brand":[],"product_cat":[1562,3379,3377,1862],"product_tag":[2333],"class_list":{"0":"post-68311","1":"product","2":"type-product","3":"status-publish","4":"has-post-thumbnail","6":"product_cat-larmdon-blixtljus","7":"product_cat-visonic-batteri-reservdelar","8":"product_cat-visonic-siren","9":"product_cat-batterier-knappcell","10":"product_tag-visonic-siren","11":"product_shipping_class-postnord-varubrev","12":"pa_brands-5visonic","13":"tm-no-options","15":"first","16":"outofstock","17":"sale","18":"taxable","19":"shipping-taxable","20":"purchasable","21":"product-type-simple"},"acf":[],"_links":{"self":[{"href":"https:\/\/secureus.se\/es\/wp-json\/wp\/v2\/product\/68311","targetHints":{"allow":["GET"]}}],"collection":[{"href":"https:\/\/secureus.se\/es\/wp-json\/wp\/v2\/product"}],"about":[{"href":"https:\/\/secureus.se\/es\/wp-json\/wp\/v2\/types\/product"}],"wp:featuredmedia":[{"embeddable":true,"href":"https:\/\/secureus.se\/es\/wp-json\/wp\/v2\/media\/141352"}],"wp:attachment":[{"href":"https:\/\/secureus.se\/es\/wp-json\/wp\/v2\/media?parent=68311"}],"wp:term":[{"taxonomy":"product_brand","embeddable":true,"href":"https:\/\/secureus.se\/es\/wp-json\/wp\/v2\/product_brand?post=68311"},{"taxonomy":"product_cat","embeddable":true,"href":"https:\/\/secureus.se\/es\/wp-json\/wp\/v2\/product_cat?post=68311"},{"taxonomy":"product_tag","embeddable":true,"href":"https:\/\/secureus.se\/es\/wp-json\/wp\/v2\/product_tag?post=68311"}],"curies":[{"name":"wp","href":"https:\/\/api.w.org\/{rel}","templated":true}]}}