{"id":68315,"date":"2022-11-21T17:13:14","date_gmt":"2022-11-21T16:13:14","guid":{"rendered":"https:\/\/secureus.se\/produkt\/visonic-kf-235-pg2-powerg-wireless-4-button-keyfob-transmitter\/"},"modified":"2026-05-07T16:05:13","modified_gmt":"2026-05-07T14:05:13","slug":"fjarrkontroll-kf-235-pg2-visonic","status":"publish","type":"product","link":"https:\/\/secureus.se\/es\/fjarrkontroll-kf-235-pg2-visonic\/","title":{"rendered":"Control remoto KF-235 PG2 PowerG \u2013 Visonic"},"content":{"rendered":"<h1>Mando a distancia KF-235 PG2: seguridad fluida con tecnolog\u00eda PowerG<\/h1>\n<p>El KF-235 PG2 es el control remoto perfecto para administrar f\u00e1cilmente su sistema de alarma PowerMaster.<\/p>\n<p>Con cuatro botones f\u00e1ciles de usar para armar y desarmar, alarma de p\u00e1nico y estado del sistema, ofrece comodidad y seguridad.<\/p>\n<h4>Ventajas del KF-235 PG2:<\/h4>\n<ul>\n<li><strong>Largo alcance<\/strong>:Gracias a la tecnolog\u00eda PowerG, el sistema puede instalarse sin repetidores, incluso en propiedades m\u00e1s grandes.<\/li>\n<li><strong>Bater\u00eda de larga duraci\u00f3n<\/strong>:Hasta 8 a\u00f1os con un uso normal hace que su mantenimiento sea f\u00e1cil.<\/li>\n<li><strong>Compatibilidad<\/strong>:Dise\u00f1ado para funcionar sin problemas con sistemas PowerMaster y receptores PowerG.<\/li>\n<\/ul>\n<h3>Estilo y funcionalidad<\/h3>\n<p>El dise\u00f1o compacto y elegante del KF-235 PG2 lo hace f\u00e1cil de transportar y es lo suficientemente peque\u00f1o como para caber en un bolsillo.<\/p>\n<p>El control remoto tambi\u00e9n ofrece indicaciones visibles de bater\u00eda baja y del estado del sistema, lo que garantiza que siempre est\u00e9 actualizado.<\/p>\n<h4>\u00bfPor qu\u00e9 elegir KF-235 PG2?<\/h4>\n<ul>\n<li>Tecnolog\u00eda innovadora PowerG para una comunicaci\u00f3n segura y estable.<\/li>\n<li>F\u00e1cil de usar, tan c\u00f3modo como una llave de coche.<\/li>\n<li>Una elecci\u00f3n segura tanto para el hogar como para el negocio.<\/li>\n<\/ul>\n<p>El KF-235 PG2 no es solo un control remoto: es su clave para un hogar m\u00e1s seguro.<\/p>","protected":false},"excerpt":{"rendered":"<p>El control remoto KF-235 PG2 combina seguridad y comodidad.<\/p>\n<p>Con tecnolog\u00eda PowerG y bater\u00eda de larga duraci\u00f3n, es una soluci\u00f3n perfecta para su sistema de alarma.<\/p>","protected":false},"featured_media":141071,"template":"","meta":{"_acf_changed":false},"product_brand":[],"product_cat":[3378],"product_tag":[2327],"class_list":{"0":"post-68315","1":"product","2":"type-product","3":"status-publish","4":"has-post-thumbnail","6":"product_cat-visonic-larmstyrning-knappsatser","7":"product_tag-visonic-fjarr-assistansknapp","8":"product_shipping_class-postnord-varubrev","9":"pa_brands-5visonic","10":"tm-no-options","12":"first","13":"onbackorder","14":"sale","15":"featured","16":"taxable","17":"shipping-taxable","18":"purchasable","19":"product-type-simple"},"acf":[],"_links":{"self":[{"href":"https:\/\/secureus.se\/es\/wp-json\/wp\/v2\/product\/68315","targetHints":{"allow":["GET"]}}],"collection":[{"href":"https:\/\/secureus.se\/es\/wp-json\/wp\/v2\/product"}],"about":[{"href":"https:\/\/secureus.se\/es\/wp-json\/wp\/v2\/types\/product"}],"wp:featuredmedia":[{"embeddable":true,"href":"https:\/\/secureus.se\/es\/wp-json\/wp\/v2\/media\/141071"}],"wp:attachment":[{"href":"https:\/\/secureus.se\/es\/wp-json\/wp\/v2\/media?parent=68315"}],"wp:term":[{"taxonomy":"product_brand","embeddable":true,"href":"https:\/\/secureus.se\/es\/wp-json\/wp\/v2\/product_brand?post=68315"},{"taxonomy":"product_cat","embeddable":true,"href":"https:\/\/secureus.se\/es\/wp-json\/wp\/v2\/product_cat?post=68315"},{"taxonomy":"product_tag","embeddable":true,"href":"https:\/\/secureus.se\/es\/wp-json\/wp\/v2\/product_tag?post=68315"}],"curies":[{"name":"wp","href":"https:\/\/api.w.org\/{rel}","templated":true}]}}