{"id":68317,"date":"2022-11-21T17:13:06","date_gmt":"2022-11-21T16:13:06","guid":{"rendered":"https:\/\/secureus.se\/produkt\/visonic-sr-720b-pg2-powerg-wireless-2-way-indoor-siren\/"},"modified":"2026-04-23T13:36:15","modified_gmt":"2026-04-23T11:36:15","slug":"siren-sr-720b-inomhus-tradlos-visonic","status":"publish","type":"product","link":"https:\/\/secureus.se\/es\/siren-sr-720b-inomhus-tradlos-visonic\/","title":{"rendered":"Sirena SR-720B PG2 para interiores inal\u00e1mbrica PowerG \u2013 Visonic"},"content":{"rendered":"<h1>Sirena SR-720B PG2: Sirena de interior elegante y eficaz<\/h1>\n<p>Actualice su sistema de seguridad con la sirena SR-720B PG2.<\/p>\n<p>Esta sirena inal\u00e1mbrica para interiores combina un dise\u00f1o moderno con tecnolog\u00eda de alto rendimiento para brindarle seguridad tanto visible como audible.<\/p>\n<p>Con un sonido fuerte de 110 dB y una luz estrobosc\u00f3pica blanca de alta intensidad, es imposible ignorar una alarma.<\/p>\n<h4>\u00bfPor qu\u00e9 elegir SR-720B PG2?<\/h4>\n<ul>\n<li><strong>Tecnolog\u00eda PowerG<\/strong>:Comunicaci\u00f3n bidireccional segura y confiable que elimina la necesidad de repetidores.<\/li>\n<li><strong>Advertencia poderosa<\/strong>:El sonido piezoel\u00e9ctrico de 110 dB y la luz estrobosc\u00f3pica intermitente llaman la atenci\u00f3n de inmediato.<\/li>\n<li><strong>Bater\u00eda de larga duraci\u00f3n<\/strong>:Hasta 8 a\u00f1os con uso normal, lo que lo hace rentable y de bajo mantenimiento.<\/li>\n<\/ul>\n<h3>F\u00e1cil de usar y flexible<\/h3>\n<p>Esta sirena es compatible con todos los sistemas PowerMaster y se puede programar f\u00e1cilmente a trav\u00e9s del panel de control.<\/p>\n<p>Su doble protecci\u00f3n antimanipulaci\u00f3n y su indicador de calidad de se\u00f1al visible proporcionan mayor seguridad y facilidad de uso.<\/p>\n<p>Invierta en la sirena SR-720B PG2 para mejorar su seguridad interior y crear un entorno seguro tanto para el hogar como para el negocio.<\/p>","protected":false},"excerpt":{"rendered":"<p>La sirena SR-720B PG2 es una elegante y potente sirena inal\u00e1mbrica para interiores con tecnolog\u00eda PowerG.<\/p>\n<p>Perfecto para hogares y negocios seguros.<\/p>","protected":false},"featured_media":141360,"template":"","meta":{"_acf_changed":false},"product_brand":[],"product_cat":[1562,3377],"product_tag":[2472,2333],"class_list":{"0":"post-68317","1":"product","2":"type-product","3":"status-publish","4":"has-post-thumbnail","6":"product_cat-larmdon-blixtljus","7":"product_cat-visonic-siren","8":"product_tag-sbsc-larmklassr","9":"product_tag-visonic-siren","10":"product_shipping_class-tunga-paket","11":"pa_brands-5visonic","12":"tm-no-options","14":"first","15":"instock","16":"sale","17":"taxable","18":"shipping-taxable","19":"purchasable","20":"product-type-simple"},"acf":[],"_links":{"self":[{"href":"https:\/\/secureus.se\/es\/wp-json\/wp\/v2\/product\/68317","targetHints":{"allow":["GET"]}}],"collection":[{"href":"https:\/\/secureus.se\/es\/wp-json\/wp\/v2\/product"}],"about":[{"href":"https:\/\/secureus.se\/es\/wp-json\/wp\/v2\/types\/product"}],"wp:featuredmedia":[{"embeddable":true,"href":"https:\/\/secureus.se\/es\/wp-json\/wp\/v2\/media\/141360"}],"wp:attachment":[{"href":"https:\/\/secureus.se\/es\/wp-json\/wp\/v2\/media?parent=68317"}],"wp:term":[{"taxonomy":"product_brand","embeddable":true,"href":"https:\/\/secureus.se\/es\/wp-json\/wp\/v2\/product_brand?post=68317"},{"taxonomy":"product_cat","embeddable":true,"href":"https:\/\/secureus.se\/es\/wp-json\/wp\/v2\/product_cat?post=68317"},{"taxonomy":"product_tag","embeddable":true,"href":"https:\/\/secureus.se\/es\/wp-json\/wp\/v2\/product_tag?post=68317"}],"curies":[{"name":"wp","href":"https:\/\/api.w.org\/{rel}","templated":true}]}}