{"id":68321,"date":"2022-11-21T17:12:55","date_gmt":"2022-11-21T16:12:55","guid":{"rendered":"https:\/\/secureus.se\/produkt\/visonic-trafopm10-internal-switching-power-supply-100v-240v-ac-7-5v-dc-1-2a-for-powermaster-10\/"},"modified":"2026-04-28T19:15:20","modified_gmt":"2026-04-28T17:15:20","slug":"power-supply-trafopm10-visonic","status":"publish","type":"product","link":"https:\/\/secureus.se\/es\/power-supply-trafopm10-visonic\/","title":{"rendered":"Fuente de alimentaci\u00f3n interna Visonic para paneles de control PowerMaster-10 \u2013 Repuesto"},"content":{"rendered":"<h1>Fuente de alimentaci\u00f3n TRAFOPM10 Visonic para PowerMaster-10: fuente de alimentaci\u00f3n fiable<\/h1>\n<p>Restaure la funcionalidad de su panel de control PowerMaster-10 con la fuente de alimentaci\u00f3n original de Visonics.<\/p>\n<p>Este repuesto de alta calidad est\u00e1 dise\u00f1ado para reemplazar unidades de fuente de alimentaci\u00f3n defectuosas o rotas, garantizando que su panel de alarma funcione de manera \u00f3ptima.<\/p>\n<h4>Ventajas de las fuentes de alimentaci\u00f3n de Visonics:<\/h4>\n<ul>\n<li><strong>Alta compatibilidad<\/strong>:Desarrollado especialmente para los sistemas de alarma PowerMaster-10.<\/li>\n<li><strong>Rendimiento estable<\/strong>:El voltaje de entrada de 100\u2013240 V CA y la salida de 7,5 V CC \/ 1,2 A garantizan un funcionamiento estable.<\/li>\n<li><strong>F\u00e1cil instalaci\u00f3n<\/strong>:Perfecto para reemplazar de forma r\u00e1pida y eficiente una unidad defectuosa.<\/li>\n<\/ul>\n<h3>Ideal para el hogar y el negocio<\/h3>\n<p>Ya sea que utilice su sistema PowerMaster-10 en casa o en el lugar de trabajo, esta fuente de alimentaci\u00f3n es una parte importante para mantener la seguridad.<\/p>\n<p>Reemplazar la unidad puede resolver problemas comunes como que el panel no arranque o no funcione correctamente.<\/p>\n<h4>Importante tener en cuenta:<\/h4>\n<ul>\n<li>Desconecte la alimentaci\u00f3n antes de reemplazar la fuente de alimentaci\u00f3n.<\/li>\n<li>En caso de duda, comun\u00edquese con un instalador de alarmas certificado para obtener asistencia profesional.<\/li>\n<\/ul>\n<p>Proporcione a su panel de alarma la fuente de alimentaci\u00f3n confiable que se merece con la fuente de alimentaci\u00f3n PowerMaster-10 de Visonics.<\/p>","protected":false},"excerpt":{"rendered":"<p>Las fuentes de alimentaci\u00f3n Visonics para PowerMaster-10 proporcionan un suministro de energ\u00eda confiable.<\/p>\n<p>Una pieza de repuesto perfecta para restaurar el funcionamiento de su panel de alarma.<\/p>","protected":false},"featured_media":141605,"template":"","meta":{"_acf_changed":false},"product_brand":[],"product_cat":[3379],"product_tag":[2334],"class_list":{"0":"post-68321","1":"product","2":"type-product","3":"status-publish","4":"has-post-thumbnail","6":"product_cat-visonic-batteri-reservdelar","7":"product_tag-visonic-reservdel","8":"product_shipping_class-postnord-varubrev","9":"pa_brands-5visonic","10":"pa_farg-svart","11":"tm-no-options","13":"first","14":"instock","15":"sale","16":"featured","17":"taxable","18":"shipping-taxable","19":"purchasable","20":"product-type-simple"},"acf":[],"_links":{"self":[{"href":"https:\/\/secureus.se\/es\/wp-json\/wp\/v2\/product\/68321","targetHints":{"allow":["GET"]}}],"collection":[{"href":"https:\/\/secureus.se\/es\/wp-json\/wp\/v2\/product"}],"about":[{"href":"https:\/\/secureus.se\/es\/wp-json\/wp\/v2\/types\/product"}],"wp:featuredmedia":[{"embeddable":true,"href":"https:\/\/secureus.se\/es\/wp-json\/wp\/v2\/media\/141605"}],"wp:attachment":[{"href":"https:\/\/secureus.se\/es\/wp-json\/wp\/v2\/media?parent=68321"}],"wp:term":[{"taxonomy":"product_brand","embeddable":true,"href":"https:\/\/secureus.se\/es\/wp-json\/wp\/v2\/product_brand?post=68321"},{"taxonomy":"product_cat","embeddable":true,"href":"https:\/\/secureus.se\/es\/wp-json\/wp\/v2\/product_cat?post=68321"},{"taxonomy":"product_tag","embeddable":true,"href":"https:\/\/secureus.se\/es\/wp-json\/wp\/v2\/product_tag?post=68321"}],"curies":[{"name":"wp","href":"https:\/\/api.w.org\/{rel}","templated":true}]}}